{"id":2272417,"date":"2025-11-11T15:03:36","date_gmt":"2025-11-11T14:03:36","guid":{"rendered":"https:\/\/www.startlap.hu\/vasarlas\/?page_id=2272417"},"modified":"2025-12-17T18:47:25","modified_gmt":"2025-12-17T17:47:25","slug":"nyeremenyjatek","status":"publish","type":"page","link":"https:\/\/www.startlap.hu\/vasarlas\/nyeremenyjatek\/","title":{"rendered":"Nyerem\u00e9nyj\u00e1t\u00e9k"},"content":{"rendered":"<div class=\"wpb-content-wrapper\"><p>[vc_row full_width=&#8221;stretch_row&#8221; content_placement=&#8221;bottom&#8221; el_class=&#8221;felsoblokk&#8221; css=&#8221;.vc_custom_1764162447582{background-image: url(https:\/\/www.startlap.hu\/vasarlas\/uploads\/2025\/11\/ADVENTI-NYEREMENYJATEK\ud83c\udf85.png?id=2273109) !important;background-position: center !important;background-repeat: no-repeat !important;background-size: contain !important;}&#8221;][vc_column][vc_column_text el_class=&#8221;szovegezes&#8221;][\/vc_column_text][\/vc_column][\/vc_row][vc_row full_width=&#8221;stretch_row&#8221; content_placement=&#8221;bottom&#8221; css=&#8221;.vc_custom_1744029605501{background-position: 0 0 !important;background-repeat: no-repeat !important;}&#8221;][vc_column][vc_single_image image=&#8221;15664254&#8243; img_size=&#8221;full&#8221; alignment=&#8221;center&#8221;][vc_column_text css=&#8221;&#8221;]<\/p>\n<h1 style=\"opacity: 1 !important; font-weight: normal; text-align: center; font-family: 'Poppins'; font-size: 5vw; color: #2e2e2e; max-width: 70%; margin: 0px auto;\"><span style=\"font-weight: bold;\">Adventi nyerem\u00e9nyj\u00e1t\u00e9k<\/span><\/h1>\n<p>[\/vc_column_text][vc_column_text css=&#8221;&#8221;][\/vc_column_text][vc_column_text css=&#8221;&#8221; el_class=&#8221;szovegezes&#8221;]<\/p>\n<p style=\"margin-bottom: 30px; text-align: center; font-family: Poppins; font-size: 22px; font-weight: 400; line-height: 150%; letter-spacing: 0em;\">Szeretn\u00e9nk var\u00e1zslatoss\u00e1 tenni az adventi v\u00e1rakoz\u00e1s minden pillanat\u00e1t, \u00e9s egy kis j\u00e1t\u00e9kkal m\u00e9g k\u00fcl\u00f6nlegesebb\u00e9 tenni ezt az id\u0151szakot. Csatlakozz a nyerem\u00e9nyj\u00e1t\u00e9kunkhoz, \u00e9s tedd m\u00e9g felejthetetlenebb\u00e9 az \u00fcnnepet! \u00c9rt\u00e9kes nyerem\u00e9nyek v\u00e1rnak \u2013 ne hagyd ki!<\/p>\n<p style=\"margin-bottom: 30px; text-align: center; font-family: Poppins; font-size: 22px; font-weight: 400; line-height: 150%; letter-spacing: 0em;\"><strong>Nyerem\u00e9nyek:<\/strong><br \/>\n\u2022 2 x 25 000 Ft (azaz huszon\u00f6tezer forint) \u00e9rt\u00e9k\u0171 Yves Rocher aj\u00e1nd\u00e9kutalv\u00e1ny<br \/>\n\u2022 2 x 20 000 Ft (azaz h\u00faszezer forint) \u00e9rt\u00e9k\u0171 Tescoma aj\u00e1nd\u00e9kutalv\u00e1ny<br \/>\n\u2022 2 x 10 000 Ft (azaz t\u00edzezer forint) \u00e9rt\u00e9k\u0171 Penny aj\u00e1nd\u00e9kutalv\u00e1ny<br \/>\n\u2022 4 db Startlap aj\u00e1nd\u00e9kcsomag, melyek tartalma: kulacs, pamut tornazs\u00e1k, bambusz mobiltelefontart\u00f3, bambusz kocsi\u00e9rme, <span data-teams=\"true\">kar\u00e1csonyi fest\u0151k\u00e9szlet vagy bankk\u00e1rtyatart\u00f3<\/span><\/p>\n<p style=\"margin-bottom: 30px; text-align: center; font-family: Poppins; font-size: 22px; font-weight: 400; line-height: 150%; letter-spacing: 0em;\"><strong>A j\u00e1t\u00e9k id\u0151tartama:<\/strong><br \/>\n\u2022 J\u00e1t\u00e9k kezdete: 2025. november 26.<br \/>\n\u2022 J\u00e1t\u00e9k v\u00e9ge: 2025. december 16., 11:00 \u00f3ra<br \/>\n\u2022 Sorsol\u00e1s: 2025. december 16., 12:00 \u00f3ra<\/p>\n<p style=\"margin-bottom: 30px; text-align: center; font-family: Poppins; font-size: 22px; font-weight: 400; line-height: 150%; letter-spacing: 0em;\"><strong>A j\u00e1t\u00e9k menete:<\/strong><br \/>\nV\u00e1laszolj helyesen az al\u00e1bbi \u0171rlapon feltett k\u00e9rd\u00e9sre, add meg az adataidat, fogadd el a p\u00e1ly\u00e1zati szab\u00e1lyzatot \u00e9s es\u00e9lyed lesz a nyer\u00e9sre!<\/p>\n<p style=\"text-align: center;\"><span style=\"font-size: 18px;\"><strong>J\u00e1t\u00e9kunk lez\u00e1rult.<\/strong><\/span><\/p>\n<p style=\"text-align: center;\"><span style=\"font-size: 18px;\">A szerencs\u00e9s nyertesek, akiket \u00fczenetben \u00e9rtes\u00edtett\u00fcnk:<\/span><\/p>\n<p style=\"text-align: center;\"><span style=\"font-size: 18px;\"><strong>Yves Rocher-utalv\u00e1ny:<\/strong><\/span><br \/>\n<span style=\"font-size: 18px;\">M\u00e9sz\u00e1ros Anik\u00f3<\/span><br \/>\n<span style=\"font-size: 18px;\">Tim\u00e1r J\u00f3zsefn\u00e9<\/span><\/p>\n<p style=\"text-align: center;\"><span style=\"font-size: 18px;\"><strong>Tescoma-utalv\u00e1ny:<\/strong><\/span><br \/>\n<span style=\"font-size: 18px;\">B\u00edr\u00f3n\u00e9 Csilla<\/span><br \/>\n<span style=\"font-size: 18px;\">Gazd\u00f3k Zolt\u00e1n<\/span><\/p>\n<p style=\"text-align: center;\"><span style=\"font-size: 18px;\"><strong>Penny-utalv\u00e1ny:<\/strong><\/span><br \/>\n<span style=\"font-size: 18px;\">Kakukn\u00e9 N\u00e1dudvari Szilvia<\/span><br \/>\n<span style=\"font-size: 18px;\">Kov\u00e1csn\u00e9 Samu Melitta<\/span><\/p>\n<p style=\"text-align: center;\"><span style=\"font-size: 18px;\"><strong>Startlap aj\u00e1nd\u00e9kcsomag:<\/strong><\/span><br \/>\n<span style=\"font-size: 18px;\">Albrecht \u00c9va<\/span><br \/>\n<span style=\"font-size: 18px;\">Kov\u00e1csn\u00e9 T\u00f3th Val\u00e9ria<\/span><br \/>\n<span style=\"font-size: 18px;\">Hatyka J\u00f3zsefn\u00e9<\/span><br \/>\n<span style=\"font-size: 18px;\">Ifj. Boros S\u00e1ndor<\/span><\/p>\n<p style=\"text-align: center;\"><span style=\"font-size: 18px;\"><strong>Gratul\u00e1lunk a nyerteseknek \u00e9s k\u00f6sz\u00f6nj\u00fck mindenkinek, hogy vel\u00fcnk j\u00e1tszott! Kellemes \u00fcnnepeket k\u00edv\u00e1nunk!<\/strong><\/span><\/p>\n<p>&nbsp;[\/vc_column_text][\/vc_column][\/vc_row][vc_row disable_element=&#8221;yes&#8221; el_class=&#8221;felhivas&#8221;][vc_column][vc_column_text css=&#8221;&#8221;]<\/p>\n<div data-tf-live=\"01KAXAF8W48PME73E49QWYBF0K\">&nbsp;<\/div>\n<p><script src=\"\/\/embed.typeform.com\/next\/embed.js\"><\/script>[\/vc_column_text][\/vc_column][\/vc_row][vc_row][vc_column][vc_column_text css=&#8221;&#8221;]<\/p>\n<p style=\"text-align: center;\"><a href=\"https:\/\/www.startlap.hu\/vasarlas\/adventi-nyeremenyjatek-szabalyzat\/\" target=\"_blank\" rel=\"noopener noreferrer\">P\u00e1ly\u00e1zati szab\u00e1lyzat<\/a><\/p>\n<p>[\/vc_column_text][\/vc_column][\/vc_row][vc_row][vc_column]\n<div class=\"m-relatedPictureArticles widget-container related-picture bigdata-widget -hasImg \" data-bigdata-widget=\"K\u00e9pes kapcsol\u00f3d\u00f3 cikkek\">\n\t\n\t\t\t\t\t<span class=\"m-relatedPictureArticles__label label\">Ez is \u00e9rdekelhet<\/span>\n\t\t\t\t<\/div>\n[\/vc_column][\/vc_row][vc_row][vc_column]<div class=\"bigdata-widget\" data-bigdata-widget=\"recommended_posts_widget\">\n\t\t\t<div class=\"m-cntTitle cntSubTitle -subTitle cf\">\n\t\t\t<div class=\"m-cntTitle__wrap\">\n\t\t\t\t\t\t\t\t\t\t\t\t\t<h2 class=\"m-cntTitle__title -largeTitle cntSubTitle__title\"><\/h2>\n\t\t\t\t\t\t\t\t\t\t\t<\/div>\n\t\t<\/div>\n\t\n\t<div class=\"m-postWidget post cf\">\n\t\t<div class=\"row\">\n\t\t\t\t\t\t\t\t\t\t\t\t\n<a href=\"https:\/\/www.startlap.hu\/vasarlas\/gyerekkonyv-mesekonyv-karacsony-ajandek-tipp-2025\/\" class=\"m-postWidget__item post__item col-md-4\">\n    <div class=\"m-postWidget__itemPctWrap post__pct\">\n        <img decoding=\"async\" class=\"m-postWidget__pct\" src=\"https:\/\/www.startlap.hu\/vasarlas\/uploads\/2024\/12\/Startlap_vasarlap_thumbnail4-350x285.png\">\n    <\/div>\n    <div class=\"m-postWidget__cntWrap post__cntWrap\">\n        <h3 class=\"m-postWidget__title post__title\">TOP 25 gyerekk\u00f6nyv kar\u00e1csonyra<\/h3>\n    <\/div>\n<\/a>\n\t\t\t\t\t\t\t\t\t\n<a href=\"https:\/\/www.startlap.hu\/vasarlas\/karacsony-ajandek-csomagok-ferfi-noi-illatok-szepsegapolas\/\" class=\"m-postWidget__item post__item col-md-4\">\n    <div class=\"m-postWidget__itemPctWrap post__pct\">\n        <img decoding=\"async\" class=\"m-postWidget__pct\" src=\"https:\/\/www.startlap.hu\/vasarlas\/uploads\/2025\/11\/Startlap_vasarlap_thumbnail3-17-350x285.png\">\n    <\/div>\n    <div class=\"m-postWidget__cntWrap post__cntWrap\">\n        <h3 class=\"m-postWidget__title post__title\">Kar\u00e1csonyi aj\u00e1nd\u00e9kcsomagok, amikkel nem l\u0151hetsz mell\u00e9: limit\u00e1lt...<\/h3>\n    <\/div>\n<\/a>\n\t\t\t\t\t\t\t\t\t\n<a href=\"https:\/\/www.startlap.hu\/vasarlas\/sutikiszurok-formak-karacsony-sutes-tippek\/\" class=\"m-postWidget__item post__item col-md-4\">\n    <div class=\"m-postWidget__itemPctWrap post__pct\">\n        <img decoding=\"async\" class=\"m-postWidget__pct\" src=\"https:\/\/www.startlap.hu\/vasarlas\/uploads\/2025\/11\/Startlap_vasarlap_thumbnail3-16-350x285.png\">\n    <\/div>\n    <div class=\"m-postWidget__cntWrap post__cntWrap\">\n        <h3 class=\"m-postWidget__title post__title\">S\u00fctikisz\u00far\u00f3k, form\u00e1k \u00e9s tr\u00fckk\u00f6k: \u00edgy lesz igazi \u00fcnnepi...<\/h3>\n    <\/div>\n<\/a>\n\t\t\t\t\t\t\t\t\t<\/div>\n\t<\/div>\n\t<\/div>\n[\/vc_column][\/vc_row]<\/p>\n<\/div>","protected":false},"excerpt":{"rendered":"<p>[vc_row full_width=&#8221;stretch_row&#8221; content_placement=&#8221;bottom&#8221; el_class=&#8221;felsoblokk&#8221; css=&#8221;.vc_custom_1764162447582{background-image: url(https:\/\/www.startlap.hu\/vasarlas\/uploads\/2025\/11\/ADVENTI-NYEREMENYJATEK\ud83c\udf85.png?id=2273109) !important;background-position: center !important;background-repeat: no-repeat !important;background-size: contain !important;}&#8221;][vc_column][vc_column_text el_class=&#8221;szovegezes&#8221;][\/vc_column_text][\/vc_column][\/vc_row][vc_row full_width=&#8221;stretch_row&#8221; content_placement=&#8221;bottom&#8221; css=&#8221;.vc_custom_1744029605501{background-position: 0 0 !important;background-repeat: no-repeat !important;}&#8221;][vc_column][vc_single_image image=&#8221;15664254&#8243; img_size=&#8221;full&#8221; alignment=&#8221;center&#8221;][vc_column_text css=&#8221;&#8221;] Adventi nyerem\u00e9nyj\u00e1t\u00e9k [\/vc_column_text][vc_column_text css=&#8221;&#8221;][\/vc_column_text][vc_column_text css=&#8221;&#8221; el_class=&#8221;szovegezes&#8221;] Szeretn\u00e9nk var\u00e1zslatoss\u00e1 tenni az adventi v\u00e1rakoz\u00e1s minden pillanat\u00e1t, \u00e9s egy kis j\u00e1t\u00e9kkal m\u00e9g k\u00fcl\u00f6nlegesebb\u00e9 tenni ezt az id\u0151szakot. Csatlakozz a nyerem\u00e9nyj\u00e1t\u00e9kunkhoz, \u00e9s tedd [&hellip;]<\/p>\n","protected":false},"author":61,"featured_media":0,"parent":0,"menu_order":0,"comment_status":"closed","ping_status":"closed","template":"","meta":{"footnotes":""},"class_list":["post-2272417","page","type-page","status-publish","hentry"],"aioseo_notices":[],"_links":{"self":[{"href":"https:\/\/www.startlap.hu\/vasarlas\/wp-json\/wp\/v2\/pages\/2272417","targetHints":{"allow":["GET"]}}],"collection":[{"href":"https:\/\/www.startlap.hu\/vasarlas\/wp-json\/wp\/v2\/pages"}],"about":[{"href":"https:\/\/www.startlap.hu\/vasarlas\/wp-json\/wp\/v2\/types\/page"}],"author":[{"embeddable":true,"href":"https:\/\/www.startlap.hu\/vasarlas\/wp-json\/wp\/v2\/users\/61"}],"replies":[{"embeddable":true,"href":"https:\/\/www.startlap.hu\/vasarlas\/wp-json\/wp\/v2\/comments?post=2272417"}],"version-history":[{"count":29,"href":"https:\/\/www.startlap.hu\/vasarlas\/wp-json\/wp\/v2\/pages\/2272417\/revisions"}],"predecessor-version":[{"id":2274689,"href":"https:\/\/www.startlap.hu\/vasarlas\/wp-json\/wp\/v2\/pages\/2272417\/revisions\/2274689"}],"wp:attachment":[{"href":"https:\/\/www.startlap.hu\/vasarlas\/wp-json\/wp\/v2\/media?parent=2272417"}],"curies":[{"name":"wp","href":"https:\/\/api.w.org\/{rel}","templated":true}]}}