{"id":2224850,"date":"2022-09-29T11:47:31","date_gmt":"2022-09-29T09:47:31","guid":{"rendered":"https:\/\/www.startlap.hu\/vasarlas\/?page_id=2224850"},"modified":"2023-09-07T14:22:47","modified_gmt":"2023-09-07T12:22:47","slug":"rezsi","status":"publish","type":"page","link":"https:\/\/www.startlap.hu\/vasarlas\/rezsi\/","title":{"rendered":"Rezsi"},"content":{"rendered":"<div class=\"wpb-content-wrapper\"><p>[vc_row][vc_column]<\/p>\n<p>&nbsp;<\/p>\n<p>[vc_column_text]A legfontosabb rezsih\u00edrek. Az energiav\u00e1ls\u00e1ggal kapcsolatos friss inform\u00e1ci\u00f3k mellett tippeket adunk a sp\u00f3rol\u00e1shoz, tan\u00e1csokat a h\u00e1ztart\u00e1si energia-cs\u00f6kkent\u00e9shez, a hat\u00e9kony energiafelhaszn\u00e1l\u00e1shoz.[\/vc_column_text]<\/p>\n<p>&nbsp;<\/p>\n<div class=\"bigdata-widget\" data-bigdata-widget=\"recommended_posts_widget\">\n\t\t\t<div class=\"m-cntTitle cntSubTitle -subTitle cf\">\n\t\t\t<div class=\"m-cntTitle__wrap\">\n\t\t\t\t\t\t\t\t\t<a class=\"m-cntTitle__wrapLink\" href=\"\/vasarlas\/rezsi\/\">\n\t\t\t\t\t\t\t\t\t\t\t\t\t<h1 class=\"m-cntTitle__title -largeTitle cntSubTitle__title\">Rezsih\u00edrek<\/h1>\n\t\t\t\t\t\t\t\t\t\t\t\t\t<\/a>\n\t\t\t\t\t\t\t<\/div>\n\t\t<\/div>\n\t\n\t<div class=\"m-postWidget post cf\">\n\t\t<div class=\"row\">\n\t\t\t\t\t\t\t\t\t\t\t\t\n<a href=\"https:\/\/www.startlap.hu\/vasarlas\/rezsistop-szamla-mvm-bejelentes\/\" class=\"m-postWidget__item post__item col-md-4\">\n    <div class=\"m-postWidget__itemPctWrap post__pct\">\n        <img decoding=\"async\" class=\"m-postWidget__pct\" src=\"https:\/\/www.startlap.hu\/vasarlas\/uploads\/2026\/03\/szamlat_nez_no_-350x285.jpg\">\n    <\/div>\n    <div class=\"m-postWidget__cntWrap post__cntWrap\">\n        <h3 class=\"m-postWidget__title post__title\">Rezsistop: itt az MVM bejelent\u00e9se, ekkor j\u00f6nnek az \u00faj sz\u00e1ml\u00e1k<\/h3>\n    <\/div>\n<\/a>\n\t\t\t\t\t\t\t\t\t\n<a href=\"https:\/\/www.startlap.hu\/vasarlas\/bojler-aramfogyasztas-rezsi\/\" class=\"m-postWidget__item post__item col-md-4\">\n    <div class=\"m-postWidget__itemPctWrap post__pct\">\n        <img decoding=\"async\" class=\"m-postWidget__pct\" src=\"https:\/\/www.startlap.hu\/vasarlas\/uploads\/2026\/03\/villanyora_nezelodes_-350x285.jpg\">\n    <\/div>\n    <div class=\"m-postWidget__cntWrap post__cntWrap\">\n        <h3 class=\"m-postWidget__title post__title\">Ez a falra tett k\u00e9sz\u00fcl\u00e9k viheti az \u00e1ramfogyaszt\u00e1s 25...<\/h3>\n    <\/div>\n<\/a>\n\t\t\t\t\t\t\t\t\t\n<a href=\"https:\/\/www.startlap.hu\/vasarlas\/futes-radiator-tavasz-pazarlas\/\" class=\"m-postWidget__item post__item col-md-4\">\n    <div class=\"m-postWidget__itemPctWrap post__pct\">\n        <img decoding=\"async\" class=\"m-postWidget__pct\" src=\"https:\/\/www.startlap.hu\/vasarlas\/uploads\/2026\/01\/radiator-futes-350x285.jpg\">\n    <\/div>\n    <div class=\"m-postWidget__cntWrap post__cntWrap\">\n        <h3 class=\"m-postWidget__title post__title\">Dr\u00e1ga hib\u00e1k tavasszal: ezeket a f\u0171t\u00e9si bakikat jobb elker\u00fclni<\/h3>\n    <\/div>\n<\/a>\n\t\t\t\t\t\t\t\t\t\n<a href=\"https:\/\/www.startlap.hu\/vasarlas\/gazszamla-aramszamla-mvm-rezsi\/\" class=\"m-postWidget__item post__item col-md-4\">\n    <div class=\"m-postWidget__itemPctWrap post__pct\">\n        <img decoding=\"async\" class=\"m-postWidget__pct\" src=\"https:\/\/www.startlap.hu\/vasarlas\/uploads\/2026\/02\/gazora-leolvasas-kez-ir-350x285.jpg\">\n    <\/div>\n    <div class=\"m-postWidget__cntWrap post__cntWrap\">\n        <h3 class=\"m-postWidget__title post__title\">Most \u00e9rkezett: v\u00e1ltoz\u00e1s a g\u00e1z- \u00e9s \u00e1ramsz\u00e1ml\u00e1kon! K\u00f6zlem\u00e9nyt...<\/h3>\n    <\/div>\n<\/a>\n\t\t\t\t\t\t\t\t\t\n<a href=\"https:\/\/www.startlap.hu\/vasarlas\/hogyan-lehet-megelni-nyugdijbol\/\" class=\"m-postWidget__item post__item col-md-4\">\n    <div class=\"m-postWidget__itemPctWrap post__pct\">\n        <img decoding=\"async\" class=\"m-postWidget__pct\" src=\"https:\/\/www.startlap.hu\/vasarlas\/uploads\/2026\/02\/nyugdijas-penz-350x285.jpg\">\n    <\/div>\n    <div class=\"m-postWidget__cntWrap post__cntWrap\">\n        <h3 class=\"m-postWidget__title post__title\">T\u00fal\u00e9ltem a nyugd\u00edjam els\u0151 h\u00f3napj\u00e1t. \u00cdme egy lista azokr\u00f3l a...<\/h3>\n    <\/div>\n<\/a>\n\t\t\t\t\t\t\t\t\t\n<a href=\"https:\/\/www.startlap.hu\/vasarlas\/szaritogep-ruha-rezsi\/\" class=\"m-postWidget__item post__item col-md-4\">\n    <div class=\"m-postWidget__itemPctWrap post__pct\">\n        <img decoding=\"async\" class=\"m-postWidget__pct\" src=\"https:\/\/www.startlap.hu\/vasarlas\/uploads\/2025\/12\/GettyImages-1398133058-350x285.jpg\">\n    <\/div>\n    <div class=\"m-postWidget__cntWrap post__cntWrap\">\n        <h3 class=\"m-postWidget__title post__title\">A sz\u00e1r\u00edt\u00f3g\u00e9pek szak\u00e9rt\u0151je egy 10 m\u00e1sodperces mozdulat...<\/h3>\n    <\/div>\n<\/a>\n\t\t\t\t\t\t\t\t\t\n<a href=\"https:\/\/www.startlap.hu\/vasarlas\/kormanyinfo-rezsistop-futes-kedvezmeny-2026-01-29\/\" class=\"m-postWidget__item post__item col-md-4\">\n    <div class=\"m-postWidget__itemPctWrap post__pct\">\n        <img decoding=\"async\" class=\"m-postWidget__pct\" src=\"https:\/\/www.startlap.hu\/vasarlas\/uploads\/2026\/01\/ferfi-nez-villanyora-350x285.jpg\">\n    <\/div>\n    <div class=\"m-postWidget__cntWrap post__cntWrap\">\n        <h3 class=\"m-postWidget__title post__title\">Rezsistop: van egy fontos hat\u00e1rid\u0151! Ha villannyal f\u0171tesz, erre...<\/h3>\n    <\/div>\n<\/a>\n\t\t\t\t\t\t\t\t\t\n<a href=\"https:\/\/www.startlap.hu\/vasarlas\/mvm-rezsistop-reszletei-januari-villanyszamla-gazszamla-befizetese\/\" class=\"m-postWidget__item post__item col-md-4\">\n    <div class=\"m-postWidget__itemPctWrap post__pct\">\n        <img decoding=\"async\" class=\"m-postWidget__pct\" src=\"https:\/\/www.startlap.hu\/vasarlas\/uploads\/2025\/01\/nyugdij-2-350x285.jpg\">\n    <\/div>\n    <div class=\"m-postWidget__cntWrap post__cntWrap\">\n        <h3 class=\"m-postWidget__title post__title\">Az MVM fontos r\u00e9szletet k\u00f6z\u00f6lt a rezsistopr\u00f3l - ezt mindenkinek...<\/h3>\n    <\/div>\n<\/a>\n\t\t\t\t\t\t\t\t\t\n<a href=\"https:\/\/www.startlap.hu\/vasarlas\/rezsi-futesszamla-konyha-suto\/\" class=\"m-postWidget__item post__item col-md-4\">\n    <div class=\"m-postWidget__itemPctWrap post__pct\">\n        <img decoding=\"async\" class=\"m-postWidget__pct\" src=\"https:\/\/www.startlap.hu\/vasarlas\/uploads\/2026\/01\/idos-no-foz-konyha-350x285.jpg\">\n    <\/div>\n    <div class=\"m-postWidget__cntWrap post__cntWrap\">\n        <h3 class=\"m-postWidget__title post__title\">F\u0171t\u00e9ssz\u00e1mla: nagyany\u00e1ink ezzel a konyhai berendez\u00e9ssel fokozt\u00e1k...<\/h3>\n    <\/div>\n<\/a>\n\t\t\t\t\t\t\t\t\t\n<a href=\"https:\/\/www.startlap.hu\/vasarlas\/vizvezetek-szerelo-szakerto-rezsi-kiadasok-tipp\/\" class=\"m-postWidget__item post__item col-md-4\">\n    <div class=\"m-postWidget__itemPctWrap post__pct\">\n        <img decoding=\"async\" class=\"m-postWidget__pct\" src=\"https:\/\/www.startlap.hu\/vasarlas\/uploads\/2026\/01\/GettyImages-516068385-350x285.jpg\">\n    <\/div>\n    <div class=\"m-postWidget__cntWrap post__cntWrap\">\n        <h3 class=\"m-postWidget__title post__title\">Rengetegen lecser\u00e9lik a zuhanyfejet a f\u00fcrd\u0151szob\u00e1ban - \u00f6r\u00fclhet,...<\/h3>\n    <\/div>\n<\/a>\n\t\t\t\t\t\t\t\t\t\n<a href=\"https:\/\/www.startlap.hu\/vasarlas\/redony-fuggony-hasznalata-telen-energia\/\" class=\"m-postWidget__item post__item col-md-4\">\n    <div class=\"m-postWidget__itemPctWrap post__pct\">\n        <img decoding=\"async\" class=\"m-postWidget__pct\" src=\"https:\/\/www.startlap.hu\/vasarlas\/uploads\/2025\/12\/GettyImages-1417088298-350x285.jpg\">\n    <\/div>\n    <div class=\"m-postWidget__cntWrap post__cntWrap\">\n        <h3 class=\"m-postWidget__title post__title\">K\u00e9rlel a szak\u00e9rt\u0151: 17:30-kor ereszd le a red\u0151nyt \u00e9s h\u00fazd be a...<\/h3>\n    <\/div>\n<\/a>\n\t\t\t\t\t\t\t\t\t\n<a href=\"https:\/\/www.startlap.hu\/vasarlas\/huto-rezsi-fogyasztas-tippek\/\" class=\"m-postWidget__item post__item col-md-4\">\n    <div class=\"m-postWidget__itemPctWrap post__pct\">\n        <img decoding=\"async\" class=\"m-postWidget__pct\" src=\"https:\/\/www.startlap.hu\/vasarlas\/uploads\/2025\/12\/GettyImages-1206303697-350x285.jpg\">\n    <\/div>\n    <div class=\"m-postWidget__cntWrap post__cntWrap\">\n        <h3 class=\"m-postWidget__title post__title\">Rossz helyen \u00e1ll a h\u0171t\u0151? Ak\u00e1r 30 sz\u00e1zal\u00e9kkal is t\u00f6bbet...<\/h3>\n    <\/div>\n<\/a>\n\t\t\t\t\t\t\t\t\t<\/div>\n\t<\/div>\n\t\t\t<button class=\"a-btn load-more\" data-category=\"\" data-post-limit=\"12\" data-current-page=\"1\" data-tag=\"rezsi\" data-author=\"\"\n\t\t>M\u00e9g t\u00f6bb cikk<\/button>\n\t\t<div class=\"loader\">\n\t\t<i class=\"fa fa-refresh fa-spin fa-3x fa-fw\"><\/i>\n\t<\/div>\n\t<\/div>\n[\/vc_column][\/vc_row]<\/p>\n<\/div>","protected":false},"excerpt":{"rendered":"<p>[vc_row][vc_column] &nbsp; [vc_column_text]A legfontosabb rezsih\u00edrek. Az energiav\u00e1ls\u00e1ggal kapcsolatos friss inform\u00e1ci\u00f3k mellett tippeket adunk a sp\u00f3rol\u00e1shoz, tan\u00e1csokat a h\u00e1ztart\u00e1si energia-cs\u00f6kkent\u00e9shez, a hat\u00e9kony energiafelhaszn\u00e1l\u00e1shoz.[\/vc_column_text] &nbsp; [\/vc_column][\/vc_row]<\/p>\n","protected":false},"author":45,"featured_media":0,"parent":0,"menu_order":0,"comment_status":"closed","ping_status":"closed","template":"","meta":{"footnotes":""},"class_list":["post-2224850","page","type-page","status-publish","hentry"],"aioseo_notices":[],"_links":{"self":[{"href":"https:\/\/www.startlap.hu\/vasarlas\/wp-json\/wp\/v2\/pages\/2224850","targetHints":{"allow":["GET"]}}],"collection":[{"href":"https:\/\/www.startlap.hu\/vasarlas\/wp-json\/wp\/v2\/pages"}],"about":[{"href":"https:\/\/www.startlap.hu\/vasarlas\/wp-json\/wp\/v2\/types\/page"}],"author":[{"embeddable":true,"href":"https:\/\/www.startlap.hu\/vasarlas\/wp-json\/wp\/v2\/users\/45"}],"replies":[{"embeddable":true,"href":"https:\/\/www.startlap.hu\/vasarlas\/wp-json\/wp\/v2\/comments?post=2224850"}],"version-history":[{"count":10,"href":"https:\/\/www.startlap.hu\/vasarlas\/wp-json\/wp\/v2\/pages\/2224850\/revisions"}],"predecessor-version":[{"id":2239146,"href":"https:\/\/www.startlap.hu\/vasarlas\/wp-json\/wp\/v2\/pages\/2224850\/revisions\/2239146"}],"wp:attachment":[{"href":"https:\/\/www.startlap.hu\/vasarlas\/wp-json\/wp\/v2\/media?parent=2224850"}],"curies":[{"name":"wp","href":"https:\/\/api.w.org\/{rel}","templated":true}]}}