{"id":2210354,"date":"2021-09-09T15:18:12","date_gmt":"2021-09-09T13:18:12","guid":{"rendered":"https:\/\/www.startlap.hu\/vasarlas\/?page_id=2210354"},"modified":"2021-09-09T15:37:46","modified_gmt":"2021-09-09T13:37:46","slug":"a-metro-aktualis-katalogusai","status":"publish","type":"page","link":"https:\/\/www.startlap.hu\/vasarlas\/akcios-ujsagok\/a-metro-aktualis-katalogusai\/","title":{"rendered":"A Metro aktu\u00e1lis katal\u00f3gusai"},"content":{"rendered":"<div class=\"wpb-content-wrapper\"><p>[vc_row][vc_column]<\/p>\n<p>&nbsp;<\/p>\n<p>[vc_column_text css=&#8221;.vc_custom_1631193944158{margin-bottom: 0px !important;}&#8221;]<\/p>\n<h2 style=\"text-align: center\"><strong><span class=\"cntSubTitle__title\" style=\"font-size: 36px\">Metro \u00e1ruh\u00e1z akci\u00f3s \u00fajs\u00e1g<\/span><\/strong><\/h2>\n<p>[\/vc_column_text]<\/p>\n<p>&nbsp;<\/p>\n<p>[\/vc_column][\/vc_row][vc_row][vc_column][vc_row_inner css=&#8221;.vc_custom_1599118735076{padding-top: 0px !important;}&#8221;][vc_column_inner width=&#8221;1\/2&#8243;][vc_single_image image=&#8221;2210327&#8243; img_size=&#8221;230&#215;362&#8243; alignment=&#8221;center&#8221; onclick=&#8221;custom_link&#8221; img_link_target=&#8221;_blank&#8221; link=&#8221;https:\/\/www.metro.hu\/ajanlataink\/katalogusok&#8221;][\/vc_column_inner][vc_column_inner width=&#8221;1\/2&#8243;]<\/p>\n<p>[vc_column_text css=&#8221;.vc_custom_1631193999951{padding-top: 35px !important;padding-bottom: 0px !important;}&#8221;]<\/p>\n<h2><strong><span style=\"font-size: 24px\">A Metro \u00e1ruh\u00e1z heti akci\u00f3i<\/span><\/strong><\/h2>\n<p><span style=\"font-size: 18px\">Itt megtal\u00e1lja a Metro \u00e1ruh\u00e1z aktu\u00e1lis katal\u00f3gusait. B\u00f6ng\u00e9sszen a Metro aj\u00e1nlataiban.<\/span>[\/vc_column_text]<\/p>\n<p>&nbsp;<\/p>\n<p>[vc_btn title=&#8221;Megn\u00e9zem&#8221; style=&#8221;custom&#8221; custom_background=&#8221;#f5851f&#8221; custom_text=&#8221;#ffffff&#8221; size=&#8221;lg&#8221; link=&#8221;url:https%3A%2F%2Fwww.metro.hu%2Fajanlataink%2Fkatalogusok||target:%20_blank|&#8221;][\/vc_column_inner][\/vc_row_inner][\/vc_column][\/vc_row][vc_row][vc_column]<div class=\"bigdata-widget\" data-bigdata-widget=\"recommended_posts_widget\">\n\t\t\t<div class=\"m-cntTitle cntSubTitle -subTitle cf\">\n\t\t\t<div class=\"m-cntTitle__wrap\">\n\t\t\t\t\t\t\t\t\t\t\t\t\t<h2 class=\"m-cntTitle__title -largeTitle cntSubTitle__title\">Tov\u00e1bbi Metro h\u00edrek, akci\u00f3k<\/h2>\n\t\t\t\t\t\t\t\t\t\t\t<\/div>\n\t\t<\/div>\n\t\n\t<div class=\"m-postWidget post cf\">\n\t\t<div class=\"row\">\n\t\t\t\t\t\t\t\t\t\t\t\t\n<a href=\"https:\/\/www.startlap.hu\/vasarlas\/metro-kartya-maganszemely-igenyles-bevasarlas\/\" class=\"m-postWidget__item post__item col-md-4\">\n    <div class=\"m-postWidget__itemPctWrap post__pct\">\n        <img decoding=\"async\" class=\"m-postWidget__pct\" src=\"https:\/\/www.startlap.hu\/vasarlas\/uploads\/2024\/12\/GettyImages-2149795293_11zon-350x285.jpg\">\n    <\/div>\n    <div class=\"m-postWidget__cntWrap post__cntWrap\">\n        <h3 class=\"m-postWidget__title post__title\">Meg\u00e9rkezett: erre az \u00e9lelmiszerbolti k\u00e1rty\u00e1ra v\u00e1rt rengeteg...<\/h3>\n    <\/div>\n<\/a>\n\t\t\t\t\t\t\t\t\t\n<a href=\"https:\/\/www.startlap.hu\/vasarlas\/ugy-foztuk-a-husveti-menut-mintha-gasztroshow-ban-lennenk\/\" class=\"m-postWidget__item post__item col-md-4\">\n    <div class=\"m-postWidget__itemPctWrap post__pct\">\n        <img decoding=\"async\" class=\"m-postWidget__pct\" src=\"https:\/\/www.startlap.hu\/vasarlas\/uploads\/2024\/03\/metro-magyar-termek-sajtotaj-350x285.jpg\">\n    <\/div>\n    <div class=\"m-postWidget__cntWrap post__cntWrap\">\n        <h3 class=\"m-postWidget__title post__title\">\u00dagy f\u0151zt\u00fck a h\u00fasv\u00e9ti men\u00fct, mintha gasztroshow-ban lenn\u00e9nk<\/h3>\n    <\/div>\n<\/a>\n\t\t\t\t\t\t\t\t\t\n<a href=\"https:\/\/www.startlap.hu\/vasarlas\/aldi_lidl_tesco_spar_penny_auchan_nyitvatartas_marcius_unnep_2022\/\" class=\"m-postWidget__item post__item col-md-4\">\n    <div class=\"m-postWidget__itemPctWrap post__pct\">\n        <img decoding=\"async\" class=\"m-postWidget__pct\" src=\"https:\/\/www.startlap.hu\/vasarlas\/uploads\/2022\/03\/supermarket_2022-350x285.jpg\">\n    <\/div>\n    <div class=\"m-postWidget__cntWrap post__cntWrap\">\n        <h3 class=\"m-postWidget__title post__title\">V\u00e1ltozik a boltok nyitvatart\u00e1sa a m\u00e1rcius 15-i hossz\u00fa h\u00e9tv\u00e9g\u00e9n<\/h3>\n    <\/div>\n<\/a>\n\t\t\t\t\t\t\t\t\t<\/div>\n\t<\/div>\n\t<\/div>\n<div class=\"kiderul-widget-cts kiderul-widget-container\">\n                            <!-- CTS - list-content010 -->\n                <script type=\"text\/javascript\">\n                    try {\n                        tagging.render('list-content010');\n                    } catch (err) {\n                        if (tagging) tagging.log(err);\n                    }\n                <\/script>\n                <\/div>\n\n[\/vc_column][\/vc_row][vc_row][vc_column]<div class=\"m-swiper\">\n\t\t<div class=\"m-cntTitle__wrap\">\n\t\t<div class=\"m-cntTitle__wrapLink\">\n\t\t\t<h2 class=\"m-cntTitle__title -largeTitle cntSubTitle__title\">\u00c9lelmiszer \u00e1ruh\u00e1zak akci\u00f3i<\/h2>\n\t\t<\/div>\n\t<\/div>\n\t\t<div class=\"m-actionSwiper swiper-container\">\n\t\t<div class=\"m-actionSwiper__wrap swiper-wrapper\">\n\t\t\t\t\t\t\t<a class=\"m-actionSwiper__item u-fl swiper-slide\" href=\"https:\/\/www.lidl.hu\/hu\/extrak\/akcios-ujsagok\" target=\"_blank\">\n\t\t\t\t\t<img decoding=\"async\" class=\"m-actionSwiper__img\" src=\"https:\/\/www.startlap.hu\/vasarlas\/uploads\/2020\/08\/lidl-me\u0301retezett.png\" alt=\"Lidl\">\n\t\t\t\t\t<h4 class=\"m-actionSwiper__authorName\">Lidl<\/h4>\n\t\t\t\t\t<div class=\"m-actionSwiper__linkBtn\">Megn\u00e9zem<\/div>\n\t\t\t\t<\/a>\n\t\t\t\t\t\t\t<a class=\"m-actionSwiper__item u-fl swiper-slide\" href=\"https:\/\/www.aldi.hu\/hu\/ajanlatok\/online-szorolap\/\" target=\"_blank\">\n\t\t\t\t\t<img decoding=\"async\" class=\"m-actionSwiper__img\" src=\"https:\/\/www.startlap.hu\/vasarlas\/uploads\/2020\/08\/aldi-me\u0301retezett.png\" alt=\"ALDI\">\n\t\t\t\t\t<h4 class=\"m-actionSwiper__authorName\">ALDI<\/h4>\n\t\t\t\t\t<div class=\"m-actionSwiper__linkBtn\">Megn\u00e9zem<\/div>\n\t\t\t\t<\/a>\n\t\t\t\t\t\t\t<a class=\"m-actionSwiper__item u-fl swiper-slide\" href=\"https:\/\/www.penny.hu\/ajanlatok\/reklamujsagok\" target=\"_blank\">\n\t\t\t\t\t<img decoding=\"async\" class=\"m-actionSwiper__img\" src=\"https:\/\/www.startlap.hu\/vasarlas\/uploads\/2020\/08\/penny-me\u0301retezett.png\" alt=\"PENNY MARKET\">\n\t\t\t\t\t<h4 class=\"m-actionSwiper__authorName\">PENNY MARKET<\/h4>\n\t\t\t\t\t<div class=\"m-actionSwiper__linkBtn\">Megn\u00e9zem<\/div>\n\t\t\t\t<\/a>\n\t\t\t\t\t\t\t<a class=\"m-actionSwiper__item u-fl swiper-slide\" href=\"https:\/\/www.coop.hu\/akciokereso\/\" target=\"_blank\">\n\t\t\t\t\t<img decoding=\"async\" class=\"m-actionSwiper__img\" src=\"https:\/\/www.startlap.hu\/vasarlas\/uploads\/2020\/08\/coop-me\u0301retezett.png\" alt=\"Coop\">\n\t\t\t\t\t<h4 class=\"m-actionSwiper__authorName\">Coop<\/h4>\n\t\t\t\t\t<div class=\"m-actionSwiper__linkBtn\">Megn\u00e9zem<\/div>\n\t\t\t\t<\/a>\n\t\t\t\t\t\t\t<a class=\"m-actionSwiper__item u-fl swiper-slide\" href=\"https:\/\/www.spar.hu\/ajanlatok\" target=\"_blank\">\n\t\t\t\t\t<img decoding=\"async\" class=\"m-actionSwiper__img\" src=\"https:\/\/www.startlap.hu\/vasarlas\/uploads\/2020\/08\/spar-me\u0301retezett.png\" alt=\"SPAR\">\n\t\t\t\t\t<h4 class=\"m-actionSwiper__authorName\">SPAR<\/h4>\n\t\t\t\t\t<div class=\"m-actionSwiper__linkBtn\">Megn\u00e9zem<\/div>\n\t\t\t\t<\/a>\n\t\t\t\t\t\t\t<a class=\"m-actionSwiper__item u-fl swiper-slide\" href=\"https:\/\/tesco.hu\/akciok\/katalogusok\/\" target=\"_blank\">\n\t\t\t\t\t<img decoding=\"async\" class=\"m-actionSwiper__img\" src=\"https:\/\/www.startlap.hu\/vasarlas\/uploads\/2020\/08\/tesco-me\u0301retezett.png\" alt=\"TESCO\">\n\t\t\t\t\t<h4 class=\"m-actionSwiper__authorName\">TESCO<\/h4>\n\t\t\t\t\t<div class=\"m-actionSwiper__linkBtn\">Megn\u00e9zem<\/div>\n\t\t\t\t<\/a>\n\t\t\t\t\t\t\t<a class=\"m-actionSwiper__item u-fl swiper-slide\" href=\"https:\/\/auchan.hu\/akciok\" target=\"_blank\">\n\t\t\t\t\t<img decoding=\"async\" class=\"m-actionSwiper__img\" src=\"https:\/\/www.startlap.hu\/vasarlas\/uploads\/2020\/08\/auchan-me\u0301retezett.png\" alt=\"Auchan\">\n\t\t\t\t\t<h4 class=\"m-actionSwiper__authorName\">Auchan<\/h4>\n\t\t\t\t\t<div class=\"m-actionSwiper__linkBtn\">Megn\u00e9zem<\/div>\n\t\t\t\t<\/a>\n\t\t\t\t\t\t\t<a class=\"m-actionSwiper__item u-fl swiper-slide\" href=\"https:\/\/www.cba.hu\/akcios-ujsag\/\" target=\"_blank\">\n\t\t\t\t\t<img decoding=\"async\" class=\"m-actionSwiper__img\" src=\"https:\/\/www.startlap.hu\/vasarlas\/uploads\/2020\/08\/cba-me\u0301retezett.png\" alt=\"CBA\">\n\t\t\t\t\t<h4 class=\"m-actionSwiper__authorName\">CBA<\/h4>\n\t\t\t\t\t<div class=\"m-actionSwiper__linkBtn\">Megn\u00e9zem<\/div>\n\t\t\t\t<\/a>\n\t\t\t\t\t\t\t<a class=\"m-actionSwiper__item u-fl swiper-slide\" href=\"https:\/\/real.hu\/akcios_ujsagok\" target=\"_blank\">\n\t\t\t\t\t<img decoding=\"async\" class=\"m-actionSwiper__img\" src=\"https:\/\/www.startlap.hu\/vasarlas\/uploads\/2020\/08\/real-me\u0301retezett.png\" alt=\"Re\u00e1l\">\n\t\t\t\t\t<h4 class=\"m-actionSwiper__authorName\">Re\u00e1l<\/h4>\n\t\t\t\t\t<div class=\"m-actionSwiper__linkBtn\">Megn\u00e9zem<\/div>\n\t\t\t\t<\/a>\n\t\t\t\t\t\t\t<a class=\"m-actionSwiper__item u-fl swiper-slide\" href=\"https:\/\/www.metro.hu\/ajanlataink\/katalogusok\" target=\"_blank\">\n\t\t\t\t\t<img decoding=\"async\" class=\"m-actionSwiper__img\" src=\"https:\/\/www.startlap.hu\/vasarlas\/uploads\/2020\/08\/metro-me\u0301retezett.png\" alt=\"Metro\">\n\t\t\t\t\t<h4 class=\"m-actionSwiper__authorName\">Metro<\/h4>\n\t\t\t\t\t<div class=\"m-actionSwiper__linkBtn\">Megn\u00e9zem<\/div>\n\t\t\t\t<\/a>\n\t\t\t\t\t<\/div>\n\t\t<div class=\"swiper-pagination\"><\/div>\n\t\t<div class=\"swiper-button-prev\"><\/div>\n\t\t<div class=\"swiper-button-next\"><\/div>\n\t<\/div>\n<\/div>\n[\/vc_column][\/vc_row]<\/p>\n<\/div>","protected":false},"excerpt":{"rendered":"<p>[vc_row][vc_column] &nbsp; [vc_column_text css=&#8221;.vc_custom_1631193944158{margin-bottom: 0px !important;}&#8221;] Metro \u00e1ruh\u00e1z akci\u00f3s \u00fajs\u00e1g [\/vc_column_text] &nbsp; [\/vc_column][\/vc_row][vc_row][vc_column][vc_row_inner css=&#8221;.vc_custom_1599118735076{padding-top: 0px !important;}&#8221;][vc_column_inner width=&#8221;1\/2&#8243;][vc_single_image image=&#8221;2210327&#8243; img_size=&#8221;230&#215;362&#8243; alignment=&#8221;center&#8221; onclick=&#8221;custom_link&#8221; img_link_target=&#8221;_blank&#8221; link=&#8221;https:\/\/www.metro.hu\/ajanlataink\/katalogusok&#8221;][\/vc_column_inner][vc_column_inner width=&#8221;1\/2&#8243;] [vc_column_text css=&#8221;.vc_custom_1631193999951{padding-top: 35px !important;padding-bottom: 0px !important;}&#8221;] A Metro \u00e1ruh\u00e1z heti akci\u00f3i Itt megtal\u00e1lja a Metro \u00e1ruh\u00e1z aktu\u00e1lis katal\u00f3gusait. B\u00f6ng\u00e9sszen a Metro aj\u00e1nlataiban.[\/vc_column_text] &nbsp; [vc_btn title=&#8221;Megn\u00e9zem&#8221; style=&#8221;custom&#8221; custom_background=&#8221;#f5851f&#8221; custom_text=&#8221;#ffffff&#8221; size=&#8221;lg&#8221; link=&#8221;url:https%3A%2F%2Fwww.metro.hu%2Fajanlataink%2Fkatalogusok||target:%20_blank|&#8221;][\/vc_column_inner][\/vc_row_inner][\/vc_column][\/vc_row][vc_row][vc_column][\/vc_column][\/vc_row][vc_row][vc_column][\/vc_column][\/vc_row]<\/p>\n","protected":false},"author":10,"featured_media":0,"parent":2195664,"menu_order":0,"comment_status":"closed","ping_status":"closed","template":"","meta":{"footnotes":""},"class_list":["post-2210354","page","type-page","status-publish","hentry"],"aioseo_notices":[],"_links":{"self":[{"href":"https:\/\/www.startlap.hu\/vasarlas\/wp-json\/wp\/v2\/pages\/2210354","targetHints":{"allow":["GET"]}}],"collection":[{"href":"https:\/\/www.startlap.hu\/vasarlas\/wp-json\/wp\/v2\/pages"}],"about":[{"href":"https:\/\/www.startlap.hu\/vasarlas\/wp-json\/wp\/v2\/types\/page"}],"author":[{"embeddable":true,"href":"https:\/\/www.startlap.hu\/vasarlas\/wp-json\/wp\/v2\/users\/10"}],"replies":[{"embeddable":true,"href":"https:\/\/www.startlap.hu\/vasarlas\/wp-json\/wp\/v2\/comments?post=2210354"}],"version-history":[{"count":9,"href":"https:\/\/www.startlap.hu\/vasarlas\/wp-json\/wp\/v2\/pages\/2210354\/revisions"}],"predecessor-version":[{"id":2210370,"href":"https:\/\/www.startlap.hu\/vasarlas\/wp-json\/wp\/v2\/pages\/2210354\/revisions\/2210370"}],"up":[{"embeddable":true,"href":"https:\/\/www.startlap.hu\/vasarlas\/wp-json\/wp\/v2\/pages\/2195664"}],"wp:attachment":[{"href":"https:\/\/www.startlap.hu\/vasarlas\/wp-json\/wp\/v2\/media?parent=2210354"}],"curies":[{"name":"wp","href":"https:\/\/api.w.org\/{rel}","templated":true}]}}