{"id":2200607,"date":"2020-11-27T10:43:22","date_gmt":"2020-11-27T09:43:22","guid":{"rendered":"https:\/\/www.startlap.hu\/vasarlas\/dm-akcios-ujsag\/"},"modified":"2020-11-27T10:43:22","modified_gmt":"2020-11-27T09:43:22","slug":"dm-akcios-ujsag","status":"publish","type":"page","link":"https:\/\/www.startlap.hu\/vasarlas\/dm-akcios-ujsag\/","title":{"rendered":"DM akci\u00f3s \u00fajs\u00e1g rovat"},"content":{"rendered":"","protected":false},"excerpt":{"rendered":"","protected":false},"author":10,"featured_media":0,"parent":0,"menu_order":0,"comment_status":"closed","ping_status":"closed","template":"","meta":{"footnotes":""},"class_list":["post-2200607","page","type-page","status-publish","hentry"],"aioseo_notices":[],"_links":{"self":[{"href":"https:\/\/www.startlap.hu\/vasarlas\/wp-json\/wp\/v2\/pages\/2200607","targetHints":{"allow":["GET"]}}],"collection":[{"href":"https:\/\/www.startlap.hu\/vasarlas\/wp-json\/wp\/v2\/pages"}],"about":[{"href":"https:\/\/www.startlap.hu\/vasarlas\/wp-json\/wp\/v2\/types\/page"}],"author":[{"embeddable":true,"href":"https:\/\/www.startlap.hu\/vasarlas\/wp-json\/wp\/v2\/users\/10"}],"replies":[{"embeddable":true,"href":"https:\/\/www.startlap.hu\/vasarlas\/wp-json\/wp\/v2\/comments?post=2200607"}],"version-history":[{"count":0,"href":"https:\/\/www.startlap.hu\/vasarlas\/wp-json\/wp\/v2\/pages\/2200607\/revisions"}],"wp:attachment":[{"href":"https:\/\/www.startlap.hu\/vasarlas\/wp-json\/wp\/v2\/media?parent=2200607"}],"curies":[{"name":"wp","href":"https:\/\/api.w.org\/{rel}","templated":true}]}}