{"id":2199328,"date":"2020-10-20T10:29:24","date_gmt":"2020-10-20T08:29:24","guid":{"rendered":"https:\/\/www.startlap.hu\/vasarlas\/?page_id=2199328"},"modified":"2021-09-09T14:42:40","modified_gmt":"2021-09-09T12:42:40","slug":"a-momax-aktualis-prospektusai","status":"publish","type":"page","link":"https:\/\/www.startlap.hu\/vasarlas\/akcios-ujsagok\/a-momax-aktualis-prospektusai\/","title":{"rendered":"A m\u00f6max aktu\u00e1lis prospektusai"},"content":{"rendered":"<div class=\"wpb-content-wrapper\"><p>[vc_row][vc_column][vc_column_text css=&#8221;.vc_custom_1603182239091{margin-bottom: 0px !important;}&#8221;]<\/p>\n<h2 style=\"text-align: center\"><strong><span class=\"cntSubTitle__title\" style=\"font-size: 36px\">A m\u00f6max aktu\u00e1lis prospektusai<\/span><\/strong><\/h2>\n<p>[\/vc_column_text][\/vc_column][\/vc_row][vc_row][vc_column][vc_row_inner css=&#8221;.vc_custom_1599118735076{padding-top: 0px !important;}&#8221;][vc_column_inner width=&#8221;1\/2&#8243;][vc_single_image image=&#8221;2199330&#8243; img_size=&#8221;full&#8221; alignment=&#8221;center&#8221; onclick=&#8221;custom_link&#8221; img_link_target=&#8221;_blank&#8221; link=&#8221;https:\/\/www.moemax.hu\/brochures\/aktu%C3%A1lis-prospektus&#8221;][\/vc_column_inner][vc_column_inner width=&#8221;1\/2&#8243;][vc_column_text css=&#8221;.vc_custom_1603182264750{padding-top: 35px !important;padding-bottom: 0px !important;}&#8221;]<\/p>\n<h2><strong><span style=\"font-size: 24px\">A m\u00f6max aktu\u00e1lis akci\u00f3i<\/span><\/strong><\/h2>\n<p><span style=\"font-size: 18px\">Itt megtal\u00e1lja a m\u00f6max legfrissebb akci\u00f3s \u00fajs\u00e1gjait. B\u00f6ng\u00e9sszen az akci\u00f3s k\u00edn\u00e1latban.<\/span>[\/vc_column_text][vc_btn title=&#8221;Megn\u00e9zem&#8221; style=&#8221;custom&#8221; custom_background=&#8221;#f5851f&#8221; custom_text=&#8221;#ffffff&#8221; size=&#8221;lg&#8221; link=&#8221;url:https%3A%2F%2Fwww.moemax.hu%2Fbrochures%2Faktu%25C3%25A1lis-prospektus||target:%20_blank|&#8221;][\/vc_column_inner][\/vc_row_inner][\/vc_column][\/vc_row][vc_row][vc_column]<div class=\"bigdata-widget\" data-bigdata-widget=\"recommended_posts_widget\">\n\t\t\t<div class=\"m-cntTitle cntSubTitle -subTitle cf\">\n\t\t\t<div class=\"m-cntTitle__wrap\">\n\t\t\t\t\t\t\t\t\t\t\t\t\t<h2 class=\"m-cntTitle__title -largeTitle cntSubTitle__title\">Tov\u00e1bbi h\u00edrek, akci\u00f3k<\/h2>\n\t\t\t\t\t\t\t\t\t\t\t<\/div>\n\t\t<\/div>\n\t\n\t<div class=\"m-postWidget post cf\">\n\t\t<div class=\"row\">\n\t\t\t\t\t\t\t\t\t\t\t\t\n<a href=\"https:\/\/www.startlap.hu\/vasarlas\/wi-fi-router-elhelyezes-teljesitmeny-butor-tukor\/\" class=\"m-postWidget__item post__item col-md-4\">\n    <div class=\"m-postWidget__itemPctWrap post__pct\">\n        <img decoding=\"async\" class=\"m-postWidget__pct\" src=\"https:\/\/www.startlap.hu\/vasarlas\/uploads\/2026\/04\/router-350x285.jpg\">\n    <\/div>\n    <div class=\"m-postWidget__cntWrap post__cntWrap\">\n        <h3 class=\"m-postWidget__title post__title\">Sokan elk\u00f6vetik ezt a hib\u00e1t: ne rejtsd el, \u00e9s ne tedd t\u00fck\u00f6r...<\/h3>\n    <\/div>\n<\/a>\n\t\t\t\t\t\t\t\t\t\n<a href=\"https:\/\/www.startlap.hu\/vasarlas\/feny-lakas-otthon-ablak-butor-fuggony\/\" class=\"m-postWidget__item post__item col-md-4\">\n    <div class=\"m-postWidget__itemPctWrap post__pct\">\n        <img decoding=\"async\" class=\"m-postWidget__pct\" src=\"https:\/\/www.startlap.hu\/vasarlas\/uploads\/2026\/04\/otthon-feny-350x285.jpg\">\n    <\/div>\n    <div class=\"m-postWidget__cntWrap post__cntWrap\">\n        <h3 class=\"m-postWidget__title post__title\">Szak\u00e9rt\u0151: egyetlen apr\u00f3 v\u00e1ltoztat\u00e1s, \u00e9s sokkal vil\u00e1gosabb lesz...<\/h3>\n    <\/div>\n<\/a>\n\t\t\t\t\t\t\t\t\t\n<a href=\"https:\/\/www.startlap.hu\/vasarlas\/beragadt-akado-fiok-szappan\/\" class=\"m-postWidget__item post__item col-md-4\">\n    <div class=\"m-postWidget__itemPctWrap post__pct\">\n        <img decoding=\"async\" class=\"m-postWidget__pct\" src=\"https:\/\/www.startlap.hu\/vasarlas\/uploads\/2026\/04\/fiok-350x285.jpg\">\n    <\/div>\n    <div class=\"m-postWidget__cntWrap post__cntWrap\">\n        <h3 class=\"m-postWidget__title post__title\">Fill\u00e9res h\u00e1zi tr\u00fckk a megold\u00e1s, hogy jobban cs\u00fasszanak a r\u00e9gi...<\/h3>\n    <\/div>\n<\/a>\n\t\t\t\t\t\t\t\t\t<\/div>\n\t<\/div>\n\t<\/div>\n<div class=\"kiderul-widget-cts kiderul-widget-container\">\n                            <!-- CTS - list-content010 -->\n                <script type=\"text\/javascript\">\n                    try {\n                        tagging.render('list-content010');\n                    } catch (err) {\n                        if (tagging) tagging.log(err);\n                    }\n                <\/script>\n                <\/div>\n\n[\/vc_column][\/vc_row][vc_row][vc_column][\/vc_column][\/vc_row]<\/p>\n<\/div>","protected":false},"excerpt":{"rendered":"<p>[vc_row][vc_column][vc_column_text css=&#8221;.vc_custom_1603182239091{margin-bottom: 0px !important;}&#8221;] A m\u00f6max aktu\u00e1lis prospektusai [\/vc_column_text][\/vc_column][\/vc_row][vc_row][vc_column][vc_row_inner css=&#8221;.vc_custom_1599118735076{padding-top: 0px !important;}&#8221;][vc_column_inner width=&#8221;1\/2&#8243;][vc_single_image image=&#8221;2199330&#8243; img_size=&#8221;full&#8221; alignment=&#8221;center&#8221; onclick=&#8221;custom_link&#8221; img_link_target=&#8221;_blank&#8221; link=&#8221;https:\/\/www.moemax.hu\/brochures\/aktu%C3%A1lis-prospektus&#8221;][\/vc_column_inner][vc_column_inner width=&#8221;1\/2&#8243;][vc_column_text css=&#8221;.vc_custom_1603182264750{padding-top: 35px !important;padding-bottom: 0px !important;}&#8221;] A m\u00f6max aktu\u00e1lis akci\u00f3i Itt megtal\u00e1lja a m\u00f6max legfrissebb akci\u00f3s \u00fajs\u00e1gjait. B\u00f6ng\u00e9sszen az akci\u00f3s k\u00edn\u00e1latban.[\/vc_column_text][vc_btn title=&#8221;Megn\u00e9zem&#8221; style=&#8221;custom&#8221; custom_background=&#8221;#f5851f&#8221; custom_text=&#8221;#ffffff&#8221; size=&#8221;lg&#8221; link=&#8221;url:https%3A%2F%2Fwww.moemax.hu%2Fbrochures%2Faktu%25C3%25A1lis-prospektus||target:%20_blank|&#8221;][\/vc_column_inner][\/vc_row_inner][\/vc_column][\/vc_row][vc_row][vc_column][\/vc_column][\/vc_row][vc_row][vc_column][\/vc_column][\/vc_row]<\/p>\n","protected":false},"author":10,"featured_media":0,"parent":2195664,"menu_order":0,"comment_status":"closed","ping_status":"closed","template":"","meta":{"footnotes":""},"class_list":["post-2199328","page","type-page","status-publish","hentry"],"aioseo_notices":[],"_links":{"self":[{"href":"https:\/\/www.startlap.hu\/vasarlas\/wp-json\/wp\/v2\/pages\/2199328","targetHints":{"allow":["GET"]}}],"collection":[{"href":"https:\/\/www.startlap.hu\/vasarlas\/wp-json\/wp\/v2\/pages"}],"about":[{"href":"https:\/\/www.startlap.hu\/vasarlas\/wp-json\/wp\/v2\/types\/page"}],"author":[{"embeddable":true,"href":"https:\/\/www.startlap.hu\/vasarlas\/wp-json\/wp\/v2\/users\/10"}],"replies":[{"embeddable":true,"href":"https:\/\/www.startlap.hu\/vasarlas\/wp-json\/wp\/v2\/comments?post=2199328"}],"version-history":[{"count":5,"href":"https:\/\/www.startlap.hu\/vasarlas\/wp-json\/wp\/v2\/pages\/2199328\/revisions"}],"predecessor-version":[{"id":2210336,"href":"https:\/\/www.startlap.hu\/vasarlas\/wp-json\/wp\/v2\/pages\/2199328\/revisions\/2210336"}],"up":[{"embeddable":true,"href":"https:\/\/www.startlap.hu\/vasarlas\/wp-json\/wp\/v2\/pages\/2195664"}],"wp:attachment":[{"href":"https:\/\/www.startlap.hu\/vasarlas\/wp-json\/wp\/v2\/media?parent=2199328"}],"curies":[{"name":"wp","href":"https:\/\/api.w.org\/{rel}","templated":true}]}}