{"id":2199047,"date":"2020-10-13T13:06:54","date_gmt":"2020-10-13T11:06:54","guid":{"rendered":"https:\/\/www.startlap.hu\/vasarlas\/?page_id=2199047"},"modified":"2022-06-01T12:22:58","modified_gmt":"2022-06-01T10:22:58","slug":"cba-akcios-ujsag","status":"publish","type":"page","link":"https:\/\/www.startlap.hu\/vasarlas\/akcios-ujsagok\/cba-akcios-ujsag\/","title":{"rendered":"CBA akci\u00f3s \u00fajs\u00e1g"},"content":{"rendered":"<div class=\"wpb-content-wrapper\"><p>[vc_row][vc_column][vc_column_text css=&#8221;.vc_custom_1602586886860{margin-bottom: 0px !important;}&#8221;]<\/p>\n<h2 style=\"text-align: center\"><strong><span class=\"cntSubTitle__title\" style=\"font-size: 36px\">CBA akci\u00f3s \u00fajs\u00e1g<\/span><\/strong><\/h2>\n<p>[\/vc_column_text][\/vc_column][\/vc_row][vc_row][vc_column][vc_row_inner css=&#8221;.vc_custom_1599118735076{padding-top: 0px !important;}&#8221;][vc_column_inner width=&#8221;1\/2&#8243;][vc_single_image image=&#8221;2199052&#8243; img_size=&#8221;230&#215;362&#8243; alignment=&#8221;center&#8221; onclick=&#8221;custom_link&#8221; img_link_target=&#8221;_blank&#8221; link=&#8221;https:\/\/www.cba.hu\/kiadvany\/&#8221;][\/vc_column_inner][vc_column_inner width=&#8221;1\/2&#8243;][vc_column_text css=&#8221;.vc_custom_1602586900769{padding-top: 35px !important;padding-bottom: 0px !important;}&#8221;]<\/p>\n<h2><strong><span style=\"font-size: 24px\">A CBA heti akci\u00f3i<\/span><\/strong><\/h2>\n<p><span style=\"font-size: 18px\">Itt megtal\u00e1lja a CBA legfrissebb akci\u00f3s \u00fajs\u00e1gjait. B\u00f6ng\u00e9sszen a CBA akci\u00f3s k\u00edn\u00e1lat\u00e1ban.<\/span>[\/vc_column_text][vc_btn title=&#8221;Megn\u00e9zem&#8221; style=&#8221;custom&#8221; custom_background=&#8221;#f5851f&#8221; custom_text=&#8221;#ffffff&#8221; size=&#8221;lg&#8221; link=&#8221;url:https%3A%2F%2Fwww.cba.hu%2Fkiadvany%2F||target:%20_blank|&#8221;][\/vc_column_inner][\/vc_row_inner][\/vc_column][\/vc_row]<\/p>\n<\/div>","protected":false},"excerpt":{"rendered":"<p>[vc_row][vc_column][vc_column_text css=&#8221;.vc_custom_1602586886860{margin-bottom: 0px !important;}&#8221;] CBA akci\u00f3s \u00fajs\u00e1g [\/vc_column_text][\/vc_column][\/vc_row][vc_row][vc_column][vc_row_inner css=&#8221;.vc_custom_1599118735076{padding-top: 0px !important;}&#8221;][vc_column_inner width=&#8221;1\/2&#8243;][vc_single_image image=&#8221;2199052&#8243; img_size=&#8221;230&#215;362&#8243; alignment=&#8221;center&#8221; onclick=&#8221;custom_link&#8221; img_link_target=&#8221;_blank&#8221; link=&#8221;https:\/\/www.cba.hu\/kiadvany\/&#8221;][\/vc_column_inner][vc_column_inner width=&#8221;1\/2&#8243;][vc_column_text css=&#8221;.vc_custom_1602586900769{padding-top: 35px !important;padding-bottom: 0px !important;}&#8221;] A CBA heti akci\u00f3i Itt megtal\u00e1lja a CBA legfrissebb akci\u00f3s \u00fajs\u00e1gjait. B\u00f6ng\u00e9sszen a CBA akci\u00f3s k\u00edn\u00e1lat\u00e1ban.[\/vc_column_text][vc_btn title=&#8221;Megn\u00e9zem&#8221; style=&#8221;custom&#8221; custom_background=&#8221;#f5851f&#8221; custom_text=&#8221;#ffffff&#8221; size=&#8221;lg&#8221; link=&#8221;url:https%3A%2F%2Fwww.cba.hu%2Fkiadvany%2F||target:%20_blank|&#8221;][\/vc_column_inner][\/vc_row_inner][\/vc_column][\/vc_row]<\/p>\n","protected":false},"author":10,"featured_media":0,"parent":2195664,"menu_order":0,"comment_status":"closed","ping_status":"closed","template":"","meta":{"footnotes":""},"class_list":["post-2199047","page","type-page","status-publish","hentry"],"aioseo_notices":[],"_links":{"self":[{"href":"https:\/\/www.startlap.hu\/vasarlas\/wp-json\/wp\/v2\/pages\/2199047","targetHints":{"allow":["GET"]}}],"collection":[{"href":"https:\/\/www.startlap.hu\/vasarlas\/wp-json\/wp\/v2\/pages"}],"about":[{"href":"https:\/\/www.startlap.hu\/vasarlas\/wp-json\/wp\/v2\/types\/page"}],"author":[{"embeddable":true,"href":"https:\/\/www.startlap.hu\/vasarlas\/wp-json\/wp\/v2\/users\/10"}],"replies":[{"embeddable":true,"href":"https:\/\/www.startlap.hu\/vasarlas\/wp-json\/wp\/v2\/comments?post=2199047"}],"version-history":[{"count":5,"href":"https:\/\/www.startlap.hu\/vasarlas\/wp-json\/wp\/v2\/pages\/2199047\/revisions"}],"predecessor-version":[{"id":2221524,"href":"https:\/\/www.startlap.hu\/vasarlas\/wp-json\/wp\/v2\/pages\/2199047\/revisions\/2221524"}],"up":[{"embeddable":true,"href":"https:\/\/www.startlap.hu\/vasarlas\/wp-json\/wp\/v2\/pages\/2195664"}],"wp:attachment":[{"href":"https:\/\/www.startlap.hu\/vasarlas\/wp-json\/wp\/v2\/media?parent=2199047"}],"curies":[{"name":"wp","href":"https:\/\/api.w.org\/{rel}","templated":true}]}}