{"id":2197755,"date":"2020-09-04T11:03:34","date_gmt":"2020-09-04T09:03:34","guid":{"rendered":"https:\/\/www.startlap.hu\/vasarlas\/?page_id=2197755"},"modified":"2020-09-21T09:38:11","modified_gmt":"2020-09-21T07:38:11","slug":"coop-akcios-ujsag","status":"publish","type":"page","link":"https:\/\/www.startlap.hu\/vasarlas\/akcios-ujsagok\/coop-akcios-ujsag\/","title":{"rendered":"COOP akci\u00f3s \u00fajs\u00e1g"},"content":{"rendered":"<div class=\"wpb-content-wrapper\"><p>[vc_row][vc_column][vc_column_text css=&#8221;.vc_custom_1599209918217{margin-bottom: 0px !important;}&#8221;]<\/p>\n<h2 style=\"text-align: center\"><strong><span class=\"cntSubTitle__title\" style=\"font-size: 36px\">Coop akci\u00f3s \u00fajs\u00e1g<\/span><\/strong><\/h2>\n<p>[\/vc_column_text][\/vc_column][\/vc_row][vc_row][vc_column][vc_row_inner css=&#8221;.vc_custom_1599118735076{padding-top: 0px !important;}&#8221;][vc_column_inner width=&#8221;1\/2&#8243;][vc_single_image image=&#8221;2197757&#8243; img_size=&#8221;&#8221; alignment=&#8221;center&#8221; onclick=&#8221;custom_link&#8221; img_link_target=&#8221;_blank&#8221; link=&#8221;https:\/\/www.coop.hu\/akciokereso\/&#8221;][\/vc_column_inner][vc_column_inner width=&#8221;1\/2&#8243;][vc_column_text css=&#8221;.vc_custom_1599209934836{padding-top: 35px !important;padding-bottom: 0px !important;}&#8221;]<\/p>\n<h2><strong><span style=\"font-size: 24px\">A Coop heti akci\u00f3i<\/span><\/strong><\/h2>\n<p><span style=\"font-size: 18px\">Itt megtal\u00e1lja a Coop legfrissebb akci\u00f3s \u00fajs\u00e1gjait. B\u00f6ng\u00e9sszen a Coop akci\u00f3s k\u00edn\u00e1lat\u00e1ban.<\/span>[\/vc_column_text][vc_btn title=&#8221;Megn\u00e9zem&#8221; style=&#8221;custom&#8221; custom_background=&#8221;#f5851f&#8221; custom_text=&#8221;#ffffff&#8221; size=&#8221;lg&#8221; link=&#8221;url:https%3A%2F%2Fwww.coop.hu%2Fakciokereso%2F||target:%20_blank|&#8221;][\/vc_column_inner][\/vc_row_inner][\/vc_column][\/vc_row][vc_row][vc_column]<div class=\"bigdata-widget\" data-bigdata-widget=\"recommended_posts_widget\">\n\t\t\t<div class=\"m-cntTitle cntSubTitle -subTitle cf\">\n\t\t\t<div class=\"m-cntTitle__wrap\">\n\t\t\t\t\t\t\t\t\t\t\t\t\t<h2 class=\"m-cntTitle__title -largeTitle cntSubTitle__title\">Tov\u00e1bbi Coop h\u00edrek, akci\u00f3k<\/h2>\n\t\t\t\t\t\t\t\t\t\t\t<\/div>\n\t\t<\/div>\n\t\n\t<div class=\"m-postWidget post cf\">\n\t\t<div class=\"row\">\n\t\t\t\t\t\t\t\t\t\t\t\t\n<a href=\"https:\/\/www.startlap.hu\/vasarlas\/hasznalt-olaj-leadas-coop\/\" class=\"m-postWidget__item post__item col-md-4\">\n    <div class=\"m-postWidget__itemPctWrap post__pct\">\n        <img decoding=\"async\" class=\"m-postWidget__pct\" src=\"https:\/\/www.startlap.hu\/vasarlas\/uploads\/2026\/03\/olaj-3-350x285.jpg\">\n    <\/div>\n    <div class=\"m-postWidget__cntWrap post__cntWrap\">\n        <h3 class=\"m-postWidget__title post__title\">Literenk\u00e9nt 100 forintot adnak a haszn\u00e1lt olaj\u00e9rt: mutatjuk, hol<\/h3>\n    <\/div>\n<\/a>\n\t\t\t\t\t\t\t\t\t\n<a href=\"https:\/\/www.startlap.hu\/vasarlas\/coop-szeged-hibrid-automata-uztler-lopas-biztonsagi-or\/\" class=\"m-postWidget__item post__item col-md-4\">\n    <div class=\"m-postWidget__itemPctWrap post__pct\">\n        <img decoding=\"async\" class=\"m-postWidget__pct\" src=\"https:\/\/www.startlap.hu\/vasarlas\/uploads\/2025\/08\/bolt-350x285.jpg\">\n    <\/div>\n    <div class=\"m-postWidget__cntWrap post__cntWrap\">\n        <h3 class=\"m-postWidget__title post__title\">A lop\u00e1sok miatt biztons\u00e1gi \u0151rt kellett felvenni az els\u0151 magyar...<\/h3>\n    <\/div>\n<\/a>\n\t\t\t\t\t\t\t\t\t\n<a href=\"https:\/\/www.startlap.hu\/vasarlas\/fmgc-kereskedelem-toplista-lidl-inflacio\/\" class=\"m-postWidget__item post__item col-md-4\">\n    <div class=\"m-postWidget__itemPctWrap post__pct\">\n        <img decoding=\"async\" class=\"m-postWidget__pct\" src=\"https:\/\/www.startlap.hu\/vasarlas\/uploads\/2024\/02\/zoldsegek-bolt-350x285.jpg\">\n    <\/div>\n    <div class=\"m-postWidget__cntWrap post__cntWrap\">\n        <h3 class=\"m-postWidget__title post__title\">Itt a hazai boltok friss toplist\u00e1ja: brut\u00e1lis Lidl-f\u00f6l\u00e9ny<\/h3>\n    <\/div>\n<\/a>\n\t\t\t\t\t\t\t\t\t<\/div>\n\t<\/div>\n\t<\/div>\n<div class=\"kiderul-widget-cts kiderul-widget-container\">\n                            <!-- CTS - list-content010 -->\n                <script type=\"text\/javascript\">\n                    try {\n                        tagging.render('list-content010');\n                    } catch (err) {\n                        if (tagging) tagging.log(err);\n                    }\n                <\/script>\n                <\/div>\n\n[\/vc_column][\/vc_row][vc_row][vc_column]<div class=\"m-swiper\">\n\t\t<div class=\"m-cntTitle__wrap\">\n\t\t<div class=\"m-cntTitle__wrapLink\">\n\t\t\t<h2 class=\"m-cntTitle__title -largeTitle cntSubTitle__title\">\u00c9lelmiszer \u00e1ruh\u00e1zak akci\u00f3i<\/h2>\n\t\t<\/div>\n\t<\/div>\n\t\t<div class=\"m-actionSwiper swiper-container\">\n\t\t<div class=\"m-actionSwiper__wrap swiper-wrapper\">\n\t\t\t\t\t\t\t<a class=\"m-actionSwiper__item u-fl swiper-slide\" href=\"https:\/\/www.lidl.hu\/hu\/extrak\/akcios-ujsagok\" target=\"_blank\">\n\t\t\t\t\t<img decoding=\"async\" class=\"m-actionSwiper__img\" src=\"https:\/\/www.startlap.hu\/vasarlas\/uploads\/2020\/08\/lidl-me\u0301retezett.png\" alt=\"Lidl\">\n\t\t\t\t\t<h4 class=\"m-actionSwiper__authorName\">Lidl<\/h4>\n\t\t\t\t\t<div class=\"m-actionSwiper__linkBtn\">Megn\u00e9zem<\/div>\n\t\t\t\t<\/a>\n\t\t\t\t\t\t\t<a class=\"m-actionSwiper__item u-fl swiper-slide\" href=\"https:\/\/www.aldi.hu\/hu\/ajanlatok\/online-szorolap\/\" target=\"_blank\">\n\t\t\t\t\t<img decoding=\"async\" class=\"m-actionSwiper__img\" src=\"https:\/\/www.startlap.hu\/vasarlas\/uploads\/2020\/08\/aldi-me\u0301retezett.png\" alt=\"ALDI\">\n\t\t\t\t\t<h4 class=\"m-actionSwiper__authorName\">ALDI<\/h4>\n\t\t\t\t\t<div class=\"m-actionSwiper__linkBtn\">Megn\u00e9zem<\/div>\n\t\t\t\t<\/a>\n\t\t\t\t\t\t\t<a class=\"m-actionSwiper__item u-fl swiper-slide\" href=\"https:\/\/www.penny.hu\/ajanlatok\/reklamujsagok\" target=\"_blank\">\n\t\t\t\t\t<img decoding=\"async\" class=\"m-actionSwiper__img\" src=\"https:\/\/www.startlap.hu\/vasarlas\/uploads\/2020\/08\/penny-me\u0301retezett.png\" alt=\"PENNY MARKET\">\n\t\t\t\t\t<h4 class=\"m-actionSwiper__authorName\">PENNY MARKET<\/h4>\n\t\t\t\t\t<div class=\"m-actionSwiper__linkBtn\">Megn\u00e9zem<\/div>\n\t\t\t\t<\/a>\n\t\t\t\t\t\t\t<a class=\"m-actionSwiper__item u-fl swiper-slide\" href=\"https:\/\/www.coop.hu\/akciokereso\/\" target=\"_blank\">\n\t\t\t\t\t<img decoding=\"async\" class=\"m-actionSwiper__img\" src=\"https:\/\/www.startlap.hu\/vasarlas\/uploads\/2020\/08\/coop-me\u0301retezett.png\" alt=\"Coop\">\n\t\t\t\t\t<h4 class=\"m-actionSwiper__authorName\">Coop<\/h4>\n\t\t\t\t\t<div class=\"m-actionSwiper__linkBtn\">Megn\u00e9zem<\/div>\n\t\t\t\t<\/a>\n\t\t\t\t\t\t\t<a class=\"m-actionSwiper__item u-fl swiper-slide\" href=\"https:\/\/www.spar.hu\/ajanlatok\" target=\"_blank\">\n\t\t\t\t\t<img decoding=\"async\" class=\"m-actionSwiper__img\" src=\"https:\/\/www.startlap.hu\/vasarlas\/uploads\/2020\/08\/spar-me\u0301retezett.png\" alt=\"SPAR\">\n\t\t\t\t\t<h4 class=\"m-actionSwiper__authorName\">SPAR<\/h4>\n\t\t\t\t\t<div class=\"m-actionSwiper__linkBtn\">Megn\u00e9zem<\/div>\n\t\t\t\t<\/a>\n\t\t\t\t\t\t\t<a class=\"m-actionSwiper__item u-fl swiper-slide\" href=\"https:\/\/tesco.hu\/akciok\/katalogusok\/\" target=\"_blank\">\n\t\t\t\t\t<img decoding=\"async\" class=\"m-actionSwiper__img\" src=\"https:\/\/www.startlap.hu\/vasarlas\/uploads\/2020\/08\/tesco-me\u0301retezett.png\" alt=\"TESCO\">\n\t\t\t\t\t<h4 class=\"m-actionSwiper__authorName\">TESCO<\/h4>\n\t\t\t\t\t<div class=\"m-actionSwiper__linkBtn\">Megn\u00e9zem<\/div>\n\t\t\t\t<\/a>\n\t\t\t\t\t\t\t<a class=\"m-actionSwiper__item u-fl swiper-slide\" href=\"https:\/\/auchan.hu\/akciok\" target=\"_blank\">\n\t\t\t\t\t<img decoding=\"async\" class=\"m-actionSwiper__img\" src=\"https:\/\/www.startlap.hu\/vasarlas\/uploads\/2020\/08\/auchan-me\u0301retezett.png\" alt=\"Auchan\">\n\t\t\t\t\t<h4 class=\"m-actionSwiper__authorName\">Auchan<\/h4>\n\t\t\t\t\t<div class=\"m-actionSwiper__linkBtn\">Megn\u00e9zem<\/div>\n\t\t\t\t<\/a>\n\t\t\t\t\t\t\t<a class=\"m-actionSwiper__item u-fl swiper-slide\" href=\"https:\/\/www.cba.hu\/akcios-ujsag\/\" target=\"_blank\">\n\t\t\t\t\t<img decoding=\"async\" class=\"m-actionSwiper__img\" src=\"https:\/\/www.startlap.hu\/vasarlas\/uploads\/2020\/08\/cba-me\u0301retezett.png\" alt=\"CBA\">\n\t\t\t\t\t<h4 class=\"m-actionSwiper__authorName\">CBA<\/h4>\n\t\t\t\t\t<div class=\"m-actionSwiper__linkBtn\">Megn\u00e9zem<\/div>\n\t\t\t\t<\/a>\n\t\t\t\t\t\t\t<a class=\"m-actionSwiper__item u-fl swiper-slide\" href=\"https:\/\/real.hu\/akcios_ujsagok\" target=\"_blank\">\n\t\t\t\t\t<img decoding=\"async\" class=\"m-actionSwiper__img\" src=\"https:\/\/www.startlap.hu\/vasarlas\/uploads\/2020\/08\/real-me\u0301retezett.png\" alt=\"Re\u00e1l\">\n\t\t\t\t\t<h4 class=\"m-actionSwiper__authorName\">Re\u00e1l<\/h4>\n\t\t\t\t\t<div class=\"m-actionSwiper__linkBtn\">Megn\u00e9zem<\/div>\n\t\t\t\t<\/a>\n\t\t\t\t\t\t\t<a class=\"m-actionSwiper__item u-fl swiper-slide\" href=\"https:\/\/www.metro.hu\/ajanlataink\/katalogusok\" target=\"_blank\">\n\t\t\t\t\t<img decoding=\"async\" class=\"m-actionSwiper__img\" src=\"https:\/\/www.startlap.hu\/vasarlas\/uploads\/2020\/08\/metro-me\u0301retezett.png\" alt=\"Metro\">\n\t\t\t\t\t<h4 class=\"m-actionSwiper__authorName\">Metro<\/h4>\n\t\t\t\t\t<div class=\"m-actionSwiper__linkBtn\">Megn\u00e9zem<\/div>\n\t\t\t\t<\/a>\n\t\t\t\t\t<\/div>\n\t\t<div class=\"swiper-pagination\"><\/div>\n\t\t<div class=\"swiper-button-prev\"><\/div>\n\t\t<div class=\"swiper-button-next\"><\/div>\n\t<\/div>\n<\/div>\n[\/vc_column][\/vc_row]<\/p>\n<\/div>","protected":false},"excerpt":{"rendered":"<p>[vc_row][vc_column][vc_column_text css=&#8221;.vc_custom_1599209918217{margin-bottom: 0px !important;}&#8221;] Coop akci\u00f3s \u00fajs\u00e1g [\/vc_column_text][\/vc_column][\/vc_row][vc_row][vc_column][vc_row_inner css=&#8221;.vc_custom_1599118735076{padding-top: 0px !important;}&#8221;][vc_column_inner width=&#8221;1\/2&#8243;][vc_single_image image=&#8221;2197757&#8243; img_size=&#8221;&#8221; alignment=&#8221;center&#8221; onclick=&#8221;custom_link&#8221; img_link_target=&#8221;_blank&#8221; link=&#8221;https:\/\/www.coop.hu\/akciokereso\/&#8221;][\/vc_column_inner][vc_column_inner width=&#8221;1\/2&#8243;][vc_column_text css=&#8221;.vc_custom_1599209934836{padding-top: 35px !important;padding-bottom: 0px !important;}&#8221;] A Coop heti akci\u00f3i Itt megtal\u00e1lja a Coop legfrissebb akci\u00f3s \u00fajs\u00e1gjait. B\u00f6ng\u00e9sszen a Coop akci\u00f3s k\u00edn\u00e1lat\u00e1ban.[\/vc_column_text][vc_btn title=&#8221;Megn\u00e9zem&#8221; style=&#8221;custom&#8221; custom_background=&#8221;#f5851f&#8221; custom_text=&#8221;#ffffff&#8221; size=&#8221;lg&#8221; link=&#8221;url:https%3A%2F%2Fwww.coop.hu%2Fakciokereso%2F||target:%20_blank|&#8221;][\/vc_column_inner][\/vc_row_inner][\/vc_column][\/vc_row][vc_row][vc_column][\/vc_column][\/vc_row][vc_row][vc_column][\/vc_column][\/vc_row]<\/p>\n","protected":false},"author":10,"featured_media":0,"parent":2195664,"menu_order":0,"comment_status":"closed","ping_status":"closed","template":"","meta":{"footnotes":""},"class_list":["post-2197755","page","type-page","status-publish","hentry"],"aioseo_notices":[],"_links":{"self":[{"href":"https:\/\/www.startlap.hu\/vasarlas\/wp-json\/wp\/v2\/pages\/2197755","targetHints":{"allow":["GET"]}}],"collection":[{"href":"https:\/\/www.startlap.hu\/vasarlas\/wp-json\/wp\/v2\/pages"}],"about":[{"href":"https:\/\/www.startlap.hu\/vasarlas\/wp-json\/wp\/v2\/types\/page"}],"author":[{"embeddable":true,"href":"https:\/\/www.startlap.hu\/vasarlas\/wp-json\/wp\/v2\/users\/10"}],"replies":[{"embeddable":true,"href":"https:\/\/www.startlap.hu\/vasarlas\/wp-json\/wp\/v2\/comments?post=2197755"}],"version-history":[{"count":4,"href":"https:\/\/www.startlap.hu\/vasarlas\/wp-json\/wp\/v2\/pages\/2197755\/revisions"}],"predecessor-version":[{"id":2198358,"href":"https:\/\/www.startlap.hu\/vasarlas\/wp-json\/wp\/v2\/pages\/2197755\/revisions\/2198358"}],"up":[{"embeddable":true,"href":"https:\/\/www.startlap.hu\/vasarlas\/wp-json\/wp\/v2\/pages\/2195664"}],"wp:attachment":[{"href":"https:\/\/www.startlap.hu\/vasarlas\/wp-json\/wp\/v2\/media?parent=2197755"}],"curies":[{"name":"wp","href":"https:\/\/api.w.org\/{rel}","templated":true}]}}