{"id":1079132,"date":"2018-11-14T11:25:17","date_gmt":"2018-11-14T10:25:17","guid":{"rendered":"https:\/\/www.startlap.hu\/szepseg\/"},"modified":"2023-09-07T14:50:33","modified_gmt":"2023-09-07T12:50:33","slug":"szepseg","status":"publish","type":"page","link":"https:\/\/www.startlap.hu\/vasarlas\/szepseg\/","title":{"rendered":"Sz\u00e9ps\u00e9g"},"content":{"rendered":"<div class=\"wpb-content-wrapper\"><p>[vc_row el_class=&#8221;newsLetter cf&#8221;][vc_column css=&#8221;.vc_custom_1563363151823{padding-top: 0px !important;padding-right: 0px !important;padding-bottom: 0px !important;padding-left: 0px !important;}&#8221;]<\/p>\n<p>&nbsp;<\/p>\n<p>[vc_column_text el_class=&#8221;newsLetter__text opened&#8221;]Sz\u00e9ps\u00e9gre figyelni kell. Seg\u00edt\u00fcnk v\u00e1lasztani a <a href=\"https:\/\/www.startlap.hu\/vasarlas\/cimke\/kozmetikum\/\">kozmetikumok<\/a>, sz\u00e9ps\u00e9g\u00e1pol\u00e1si eszk\u00f6z\u00f6k \u00e9s a folyamatosan p\u00f6rg\u0151 <a href=\"https:\/\/www.startlap.hu\/vasarlas\/cimke\/divat\/\">divat<\/a> k\u00edn\u00e1lat\u00e1b\u00f3l. N\u0151i \u00e9s <a href=\"https:\/\/www.startlap.hu\/vasarlas\/cimke\/ferfiak\/\">f\u00e9rfi kozmetikumok<\/a>, divattippek, <a href=\"https:\/\/www.startlap.hu\/vasarlas\/cimke\/parfum\/\">illatok<\/a>, <a href=\"https:\/\/www.startlap.hu\/vasarlas\/10-gyonyoru-fulbevalo-5-ezer-forint-alatt\/\">\u00e9kszerek<\/a> a Sz\u00e9ps\u00e9g rovatban. Az oldalon szubjekt\u00edv v\u00e9lem\u00e9nyen alapul\u00f3 tan\u00e1csokat, tippeket, term\u00e9kteszteket \u00e9s term\u00e9kbemutat\u00f3kat, aj\u00e1nl\u00f3kat tal\u00e1lsz.[\/vc_column_text]<\/p>\n<p>&nbsp;<\/p>\n<p>[\/vc_column][\/vc_row][vc_row][vc_column]<div class=\"bigdata-widget\" data-bigdata-widget=\"recommended_posts_widget\">\n\t\t\t<div class=\"m-cntTitle cntSubTitle -subTitle cf\">\n\t\t\t<div class=\"m-cntTitle__wrap\">\n\t\t\t\t\t\t\t\t\t\t\t\t\t<h1 class=\"m-cntTitle__title -largeTitle cntSubTitle__title\">Sz\u00e9ps\u00e9g<\/h1>\n\t\t\t\t\t\t\t\t\t\t\t<\/div>\n\t\t<\/div>\n\t\n\t<div class=\"m-postWidget post cf\">\n\t\t<div class=\"row\">\n\t\t\t\t\t\t\t\t\t\t\t\t\n<a href=\"https:\/\/www.startlap.hu\/vasarlas\/anyak-napja-ajandek-szepsegapolas\/\" class=\"m-postWidget__item post__item col-md-4\">\n    <div class=\"m-postWidget__itemPctWrap post__pct\">\n        <img decoding=\"async\" class=\"m-postWidget__pct\" src=\"https:\/\/www.startlap.hu\/vasarlas\/uploads\/2026\/04\/Startlap_vasarlap_thumbnail2-2-6-350x285.png\">\n    <\/div>\n    <div class=\"m-postWidget__cntWrap post__cntWrap\">\n        <h3 class=\"m-postWidget__title post__title\">Any\u00e1k napi sz\u00e9ps\u00e9gaj\u00e1nd\u00e9kok 5 \u00e1rkateg\u00f3ri\u00e1ban - \u00edgy biztosan...<\/h3>\n    <\/div>\n<\/a>\n\t\t\t\t\t\t\t\t\t\n<a href=\"https:\/\/www.startlap.hu\/vasarlas\/lancome-sminklemoso-szempillaspiral-eltavolitas\/\" class=\"m-postWidget__item post__item col-md-4\">\n    <div class=\"m-postWidget__itemPctWrap post__pct\">\n        <img decoding=\"async\" class=\"m-postWidget__pct\" src=\"https:\/\/www.startlap.hu\/vasarlas\/uploads\/2026\/04\/no-vattakorong-350x285.jpg\">\n    <\/div>\n    <div class=\"m-postWidget__cntWrap post__cntWrap\">\n        <h3 class=\"m-postWidget__title post__title\">Meglep\u0151 m\u00f3dszer terjed: \u00edgy t\u0171nik el a makacs smink gyorsan,...<\/h3>\n    <\/div>\n<\/a>\n\t\t\t\t\t\t\t\t\t\n<a href=\"https:\/\/www.startlap.hu\/vasarlas\/givenchy-irresistible-nectar-viragos-parfum\/\" class=\"m-postWidget__item post__item col-md-4\">\n    <div class=\"m-postWidget__itemPctWrap post__pct\">\n        <img decoding=\"async\" class=\"m-postWidget__pct\" src=\"https:\/\/www.startlap.hu\/vasarlas\/uploads\/2026\/03\/rozsa-no-350x285.jpg\">\n    <\/div>\n    <div class=\"m-postWidget__cntWrap post__cntWrap\">\n        <h3 class=\"m-postWidget__title post__title\">Megjelent egy \u00faj vir\u00e1gos illat, ami\u00e9rt most mindenki meg\u0151r\u00fcl -...<\/h3>\n    <\/div>\n<\/a>\n\t\t\t\t\t\t\t\t\t\n<a href=\"https:\/\/www.startlap.hu\/vasarlas\/husvet-locsolas-parfum\/\" class=\"m-postWidget__item post__item col-md-4\">\n    <div class=\"m-postWidget__itemPctWrap post__pct\">\n        <img decoding=\"async\" class=\"m-postWidget__pct\" src=\"https:\/\/www.startlap.hu\/vasarlas\/uploads\/2026\/03\/Startlap_vasarlap_thumbnail2-350x285.png\">\n    <\/div>\n    <div class=\"m-postWidget__cntWrap post__cntWrap\">\n        <h3 class=\"m-postWidget__title post__title\">Locsol\u00f3parf\u00fcm-kisokos: milyen illatot v\u00e1lassz, hogy ne legyen...<\/h3>\n    <\/div>\n<\/a>\n\t\t\t\t\t\t\t\t\t\n<a href=\"https:\/\/www.startlap.hu\/vasarlas\/kardigan-divat-tippek-stilus\/\" class=\"m-postWidget__item post__item col-md-4\">\n    <div class=\"m-postWidget__itemPctWrap post__pct\">\n        <img decoding=\"async\" class=\"m-postWidget__pct\" src=\"https:\/\/www.startlap.hu\/vasarlas\/uploads\/2026\/03\/kardigan_11zon-350x285.jpg\">\n    <\/div>\n    <div class=\"m-postWidget__cntWrap post__cntWrap\">\n        <h3 class=\"m-postWidget__title post__title\">Karcs\u00fas\u00edt, ny\u00fajtja az alakot, \u00e9s lehet, hogy neked is van ilyen:...<\/h3>\n    <\/div>\n<\/a>\n\t\t\t\t\t\t\t\t\t\n<a href=\"https:\/\/www.startlap.hu\/vasarlas\/nonap-legjobb-ajandek-otletek-2026\/\" class=\"m-postWidget__item post__item col-md-4\">\n    <div class=\"m-postWidget__itemPctWrap post__pct\">\n        <img decoding=\"async\" class=\"m-postWidget__pct\" src=\"https:\/\/www.startlap.hu\/vasarlas\/uploads\/2025\/02\/Startlap_vasarlap_thumbnail3-21-350x285.png\">\n    <\/div>\n    <div class=\"m-postWidget__cntWrap post__cntWrap\">\n        <h3 class=\"m-postWidget__title post__title\">N\u0151napi aj\u00e1nd\u00e9k: 25 izgalmas, egyedi \u00e9s megfizethet\u0151 tipp<\/h3>\n    <\/div>\n<\/a>\n\t\t\t\t\t\t\t\t\t\n<a href=\"https:\/\/www.startlap.hu\/vasarlas\/legjobb-valentin-napi-ajandek-ferfiaknak-2026\/\" class=\"m-postWidget__item post__item col-md-4\">\n    <div class=\"m-postWidget__itemPctWrap post__pct\">\n        <img decoding=\"async\" class=\"m-postWidget__pct\" src=\"https:\/\/www.startlap.hu\/vasarlas\/uploads\/2026\/02\/Startlap_vasarlap_thumbnail2-11-350x285.png\">\n    <\/div>\n    <div class=\"m-postWidget__cntWrap post__cntWrap\">\n        <h3 class=\"m-postWidget__title post__title\">A legjobb Valentin-napi aj\u00e1nd\u00e9kok f\u00e9rfiaknak 2026-ban<\/h3>\n    <\/div>\n<\/a>\n\t\t\t\t\t\t\t\t\t\n<a href=\"https:\/\/www.startlap.hu\/vasarlas\/legjobb-valentin-nap-ajandek-noknek-2026\/\" class=\"m-postWidget__item post__item col-md-4\">\n    <div class=\"m-postWidget__itemPctWrap post__pct\">\n        <img decoding=\"async\" class=\"m-postWidget__pct\" src=\"https:\/\/www.startlap.hu\/vasarlas\/uploads\/2026\/02\/Startlap_vasarlap_thumbnail3-350x285.png\">\n    <\/div>\n    <div class=\"m-postWidget__cntWrap post__cntWrap\">\n        <h3 class=\"m-postWidget__title post__title\">Ezek a legjobb Valentin-napi aj\u00e1nd\u00e9kok n\u0151knek 2026-ban<\/h3>\n    <\/div>\n<\/a>\n\t\t\t\t\t\t\t\t\t\n<a href=\"https:\/\/www.startlap.hu\/vasarlas\/legjobb-parfumok-valentin-nap-noknek-2026\/\" class=\"m-postWidget__item post__item col-md-4\">\n    <div class=\"m-postWidget__itemPctWrap post__pct\">\n        <img decoding=\"async\" class=\"m-postWidget__pct\" src=\"https:\/\/www.startlap.hu\/vasarlas\/uploads\/2026\/02\/ez-350x285.png\">\n    <\/div>\n    <div class=\"m-postWidget__cntWrap post__cntWrap\">\n        <h3 class=\"m-postWidget__title post__title\">A legjobb parf\u00fcm\u00f6k Valentin-napra n\u0151knek<\/h3>\n    <\/div>\n<\/a>\n\t\t\t\t\t\t\t\t\t\n<a href=\"https:\/\/www.startlap.hu\/vasarlas\/karacsony-ajandek-csomagok-ferfi-noi-illatok-szepsegapolas\/\" class=\"m-postWidget__item post__item col-md-4\">\n    <div class=\"m-postWidget__itemPctWrap post__pct\">\n        <img decoding=\"async\" class=\"m-postWidget__pct\" src=\"https:\/\/www.startlap.hu\/vasarlas\/uploads\/2025\/11\/Startlap_vasarlap_thumbnail3-17-350x285.png\">\n    <\/div>\n    <div class=\"m-postWidget__cntWrap post__cntWrap\">\n        <h3 class=\"m-postWidget__title post__title\">Kar\u00e1csonyi aj\u00e1nd\u00e9kcsomagok, amikkel nem l\u0151hetsz mell\u00e9: limit\u00e1lt...<\/h3>\n    <\/div>\n<\/a>\n\t\t\t\t\t\t\t\t\t\n<a href=\"https:\/\/www.startlap.hu\/vasarlas\/nivea-krem-tippek-takaritas-borapolas\/\" class=\"m-postWidget__item post__item col-md-4\">\n    <div class=\"m-postWidget__itemPctWrap post__pct\">\n        <img decoding=\"async\" class=\"m-postWidget__pct\" src=\"https:\/\/www.startlap.hu\/vasarlas\/uploads\/2025\/11\/nivea-350x285.jpg\">\n    <\/div>\n    <div class=\"m-postWidget__cntWrap post__cntWrap\">\n        <h3 class=\"m-postWidget__title post__title\">Hihetetlen, ami a klasszikus k\u00e9k Nivea kr\u00e9mr\u0151l kider\u00fclt -...<\/h3>\n    <\/div>\n<\/a>\n\t\t\t\t\t\t\t\t\t\n<a href=\"https:\/\/www.startlap.hu\/vasarlas\/polaroid-napszemuvegek-trend-nyar-2025-eoptika\/\" class=\"m-postWidget__item post__item col-md-4\">\n    <div class=\"m-postWidget__itemPctWrap post__pct\">\n        <img decoding=\"async\" class=\"m-postWidget__pct\" src=\"https:\/\/www.startlap.hu\/vasarlas\/uploads\/2025\/06\/Startlap_vasarlap_thumbnail3-4-350x285.png\">\n    <\/div>\n    <div class=\"m-postWidget__cntWrap post__cntWrap\">\n        <h3 class=\"m-postWidget__title post__title\">Tippek, hogyan vigy\u00e1zz a szemedre a ny\u00e1ron - st\u00edlusos...<\/h3>\n    <\/div>\n<\/a>\n\t\t\t\t\t\t\t\t\t<\/div>\n\t<\/div>\n\t\t\t<button class=\"a-btn load-more\" data-category=\"szepseg\" data-post-limit=\"12\" data-current-page=\"1\" data-tag=\"\" data-author=\"\"\n\t\t>M\u00e9g t\u00f6bb cikk<\/button>\n\t\t<div class=\"loader\">\n\t\t<i class=\"fa fa-refresh fa-spin fa-3x fa-fw\"><\/i>\n\t<\/div>\n\t<\/div>\n[\/vc_column][\/vc_row]<\/p>\n<\/div>","protected":false},"excerpt":{"rendered":"<p>[vc_row el_class=&#8221;newsLetter cf&#8221;][vc_column css=&#8221;.vc_custom_1563363151823{padding-top: 0px !important;padding-right: 0px !important;padding-bottom: 0px !important;padding-left: 0px !important;}&#8221;] &nbsp; [vc_column_text el_class=&#8221;newsLetter__text opened&#8221;]Sz\u00e9ps\u00e9gre figyelni kell. Seg\u00edt\u00fcnk v\u00e1lasztani a kozmetikumok, sz\u00e9ps\u00e9g\u00e1pol\u00e1si eszk\u00f6z\u00f6k \u00e9s a folyamatosan p\u00f6rg\u0151 divat k\u00edn\u00e1lat\u00e1b\u00f3l. N\u0151i \u00e9s f\u00e9rfi kozmetikumok, divattippek, illatok, \u00e9kszerek a Sz\u00e9ps\u00e9g rovatban. Az oldalon szubjekt\u00edv v\u00e9lem\u00e9nyen alapul\u00f3 tan\u00e1csokat, tippeket, term\u00e9kteszteket \u00e9s term\u00e9kbemutat\u00f3kat, aj\u00e1nl\u00f3kat tal\u00e1lsz.[\/vc_column_text] &nbsp; [\/vc_column][\/vc_row][vc_row][vc_column][\/vc_column][\/vc_row]<\/p>\n","protected":false},"author":15,"featured_media":0,"parent":0,"menu_order":0,"comment_status":"closed","ping_status":"closed","template":"","meta":{"footnotes":""},"class_list":["post-1079132","page","type-page","status-publish","hentry"],"aioseo_notices":[],"_links":{"self":[{"href":"https:\/\/www.startlap.hu\/vasarlas\/wp-json\/wp\/v2\/pages\/1079132","targetHints":{"allow":["GET"]}}],"collection":[{"href":"https:\/\/www.startlap.hu\/vasarlas\/wp-json\/wp\/v2\/pages"}],"about":[{"href":"https:\/\/www.startlap.hu\/vasarlas\/wp-json\/wp\/v2\/types\/page"}],"author":[{"embeddable":true,"href":"https:\/\/www.startlap.hu\/vasarlas\/wp-json\/wp\/v2\/users\/15"}],"replies":[{"embeddable":true,"href":"https:\/\/www.startlap.hu\/vasarlas\/wp-json\/wp\/v2\/comments?post=1079132"}],"version-history":[{"count":11,"href":"https:\/\/www.startlap.hu\/vasarlas\/wp-json\/wp\/v2\/pages\/1079132\/revisions"}],"predecessor-version":[{"id":2239154,"href":"https:\/\/www.startlap.hu\/vasarlas\/wp-json\/wp\/v2\/pages\/1079132\/revisions\/2239154"}],"wp:attachment":[{"href":"https:\/\/www.startlap.hu\/vasarlas\/wp-json\/wp\/v2\/media?parent=1079132"}],"curies":[{"name":"wp","href":"https:\/\/api.w.org\/{rel}","templated":true}]}}