{"id":1068783,"date":"2018-11-12T14:00:10","date_gmt":"2018-11-12T13:00:10","guid":{"rendered":"https:\/\/www.startlap.hu\/egeszseg\/"},"modified":"2019-07-17T13:15:02","modified_gmt":"2019-07-17T11:15:02","slug":"egeszseg","status":"publish","type":"page","link":"https:\/\/www.startlap.hu\/vasarlas\/egeszseg\/","title":{"rendered":"Eg\u00e9szs\u00e9g"},"content":{"rendered":"<div class=\"wpb-content-wrapper\"><p>[vc_row el_class=&#8221;newsLetter cf&#8221;][vc_column css=&#8221;.vc_custom_1563362094682{padding-top: 0px !important;padding-right: 0px !important;padding-bottom: 0px !important;padding-left: 0px !important;}&#8221;][vc_column_text el_class=&#8221;newsLetter__text&#8221; css=&#8221;.vc_custom_1563362084304{padding-top: 0px !important;padding-right: 15px !important;padding-bottom: 0px !important;padding-left: 15px !important;}&#8221;]Minden, amire az <a href=\"https:\/\/www.startlap.hu\/vasarlas\/cimke\/egeszseg\/\">eg\u00e9szs\u00e9ges \u00e9letm\u00f3dhoz<\/a> sz\u00fcks\u00e9ged lehet. <a href=\"https:\/\/www.startlap.hu\/vasarlas\/cimke\/edzes\/\">Fitnesz- \u00e9s sportfelszerel\u00e9sek<\/a>, <a href=\"https:\/\/www.startlap.hu\/vasarlas\/cimke\/egeszseges-taplalkozas\/\">eg\u00e9szs\u00e9ges \u00e9tkez\u00e9s<\/a>, <a href=\"https:\/\/www.startlap.hu\/vasarlas\/cimke\/borapolas\/\">test\u00e1pol\u00e1s<\/a>, <a href=\"https:\/\/www.startlap.hu\/vasarlas\/cimke\/etrendkiegeszito\/\">\u00e9trend-kieg\u00e9sz\u00edt\u0151k<\/a> az Eg\u00e9szs\u00e9g rovatban. Az oldalon szubjekt\u00edv v\u00e9lem\u00e9nyen alapul\u00f3 tan\u00e1csokat, tippeket, term\u00e9kteszteket \u00e9s term\u00e9kbemutat\u00f3kat, aj\u00e1nl\u00f3kat tal\u00e1lsz.[\/vc_column_text][\/vc_column][\/vc_row][vc_row][vc_column]<div class=\"bigdata-widget\" data-bigdata-widget=\"recommended_posts_widget\">\n\t\t\t<div class=\"m-cntTitle cntSubTitle -subTitle cf\">\n\t\t\t<div class=\"m-cntTitle__wrap\">\n\t\t\t\t\t\t\t\t\t\t\t\t\t<h1 class=\"m-cntTitle__title -largeTitle cntSubTitle__title\">Eg\u00e9szs\u00e9g<\/h1>\n\t\t\t\t\t\t\t\t\t\t\t<\/div>\n\t\t<\/div>\n\t\n\t<div class=\"m-postWidget post cf\">\n\t\t<div class=\"row\">\n\t\t\t\t\t\t\t\t\t\t\t\t\n<a href=\"https:\/\/www.startlap.hu\/vasarlas\/otthoni-sport-edzes-eszkozok-tippek\/\" class=\"m-postWidget__item post__item col-md-4\">\n    <div class=\"m-postWidget__itemPctWrap post__pct\">\n        <img decoding=\"async\" class=\"m-postWidget__pct\" src=\"https:\/\/www.startlap.hu\/vasarlas\/uploads\/2024\/02\/Startlap_vasarlap_thumbnail3-2-350x285.png\">\n    <\/div>\n    <div class=\"m-postWidget__cntWrap post__cntWrap\">\n        <h3 class=\"m-postWidget__title post__title\">Szuper eszk\u00f6z\u00f6k az otthoni edz\u00e9shez, sportol\u00e1shoz<\/h3>\n    <\/div>\n<\/a>\n\t\t\t\t\t\t\t\t\t\n<a href=\"https:\/\/www.startlap.hu\/vasarlas\/legjobb-szunyogriasztok-szunyogcsipes-elleni-krem\/\" class=\"m-postWidget__item post__item col-md-4\">\n    <div class=\"m-postWidget__itemPctWrap post__pct\">\n        <img decoding=\"async\" class=\"m-postWidget__pct\" src=\"https:\/\/www.startlap.hu\/vasarlas\/uploads\/2021\/07\/szunyogriaszto1-350x285.jpg\">\n    <\/div>\n    <div class=\"m-postWidget__cntWrap post__cntWrap\">\n        <h3 class=\"m-postWidget__title post__title\">A legjobb sz\u00fanyogriaszt\u00f3k \u00e9s cs\u00edp\u00e9s elleni kr\u00e9mek<\/h3>\n    <\/div>\n<\/a>\n\t\t\t\t\t\t\t\t\t\n<a href=\"https:\/\/www.startlap.hu\/vasarlas\/loreal-kutyu-ces-borelemzes-teszt\/\" class=\"m-postWidget__item post__item col-md-4\">\n    <div class=\"m-postWidget__itemPctWrap post__pct\">\n        <img decoding=\"async\" class=\"m-postWidget__pct\" src=\"https:\/\/www.startlap.hu\/vasarlas\/uploads\/2025\/01\/borapolas-350x285.jpg\">\n    <\/div>\n    <div class=\"m-postWidget__cntWrap post__cntWrap\">\n        <h3 class=\"m-postWidget__title post__title\">Eszm\u00e9letlen a L'Or\u00e9al \u00faj k\u00fcty\u00fcje: el\u0151re jelzi, milyen...<\/h3>\n    <\/div>\n<\/a>\n\t\t\t\t\t\t\t\t\t\n<a href=\"https:\/\/www.startlap.hu\/vasarlas\/karacsony-ajandek-tippek-sport-edzes\/\" class=\"m-postWidget__item post__item col-md-4\">\n    <div class=\"m-postWidget__itemPctWrap post__pct\">\n        <img decoding=\"async\" class=\"m-postWidget__pct\" src=\"https:\/\/www.startlap.hu\/vasarlas\/uploads\/2024\/12\/sportszerek_bor\u00edt\u00f3-350x285.png\">\n    <\/div>\n    <div class=\"m-postWidget__cntWrap post__cntWrap\">\n        <h3 class=\"m-postWidget__title post__title\">Kar\u00e1csonyi aj\u00e1nd\u00e9ktippek az edz\u00e9s szerelmeseinek<\/h3>\n    <\/div>\n<\/a>\n\t\t\t\t\t\t\t\t\t\n<a href=\"https:\/\/www.startlap.hu\/vasarlas\/alsonemu-teszt-hormonkarosito-vegyulet-biszfenol\/\" class=\"m-postWidget__item post__item col-md-4\">\n    <div class=\"m-postWidget__itemPctWrap post__pct\">\n        <img decoding=\"async\" class=\"m-postWidget__pct\" src=\"https:\/\/www.startlap.hu\/vasarlas\/uploads\/2024\/10\/no-alsonemu-bolt-350x285.jpg\">\n    <\/div>\n    <div class=\"m-postWidget__cntWrap post__cntWrap\">\n        <h3 class=\"m-postWidget__title post__title\">Vesz\u00e9lyes, hormonk\u00e1ros\u00edt\u00f3 vegy\u00fcleteket mutattak ki az...<\/h3>\n    <\/div>\n<\/a>\n\t\t\t\t\t\t\t\t\t\n<a href=\"https:\/\/www.startlap.hu\/vasarlas\/legjobb-sup-deszka-2024\/\" class=\"m-postWidget__item post__item col-md-4\">\n    <div class=\"m-postWidget__itemPctWrap post__pct\">\n        <img decoding=\"async\" class=\"m-postWidget__pct\" src=\"https:\/\/www.startlap.hu\/vasarlas\/uploads\/2019\/07\/iStock-SUP-350x285.jpg\">\n    <\/div>\n    <div class=\"m-postWidget__cntWrap post__cntWrap\">\n        <h3 class=\"m-postWidget__title post__title\">A legjobb SUP deszk\u00e1k<\/h3>\n    <\/div>\n<\/a>\n\t\t\t\t\t\t\t\t\t\n<a href=\"https:\/\/www.startlap.hu\/vasarlas\/legjobb-fogfeherito-fogkrem\/\" class=\"m-postWidget__item post__item col-md-4\">\n    <div class=\"m-postWidget__itemPctWrap post__pct\">\n        <img decoding=\"async\" class=\"m-postWidget__pct\" src=\"https:\/\/www.startlap.hu\/vasarlas\/uploads\/2024\/07\/feherito-fogkremek-350x285.png\">\n    <\/div>\n    <div class=\"m-postWidget__cntWrap post__cntWrap\">\n        <h3 class=\"m-postWidget__title post__title\">A legjobb fogfeh\u00e9r\u00edt\u0151 fogkr\u00e9mek<\/h3>\n    <\/div>\n<\/a>\n\t\t\t\t\t\t\t\t\t\n<a href=\"https:\/\/www.startlap.hu\/vasarlas\/legjobb-szunyogriaszto-rovarcsapda\/\" class=\"m-postWidget__item post__item col-md-4\">\n    <div class=\"m-postWidget__itemPctWrap post__pct\">\n        <img decoding=\"async\" class=\"m-postWidget__pct\" src=\"https:\/\/www.startlap.hu\/vasarlas\/uploads\/2024\/07\/szunyogriasztok_borito_11zon-350x285.png\">\n    <\/div>\n    <div class=\"m-postWidget__cntWrap post__cntWrap\">\n        <h3 class=\"m-postWidget__title post__title\">A legjobb sz\u00fanyogriaszt\u00f3k<\/h3>\n    <\/div>\n<\/a>\n\t\t\t\t\t\t\t\t\t\n<a href=\"https:\/\/www.startlap.hu\/vasarlas\/legjobb-fenyvedo-arc-test-gyerek\/\" class=\"m-postWidget__item post__item col-md-4\">\n    <div class=\"m-postWidget__itemPctWrap post__pct\">\n        <img decoding=\"async\" class=\"m-postWidget__pct\" src=\"https:\/\/www.startlap.hu\/vasarlas\/uploads\/2023\/04\/fenyvedok_borito-350x285.png\">\n    <\/div>\n    <div class=\"m-postWidget__cntWrap post__cntWrap\">\n        <h3 class=\"m-postWidget__title post__title\">A legjobb naptejek, f\u00e9nyv\u00e9d\u0151k<\/h3>\n    <\/div>\n<\/a>\n\t\t\t\t\t\t\t\t\t\n<a href=\"https:\/\/www.startlap.hu\/vasarlas\/nebih-allati-feherjepor-teszt\/\" class=\"m-postWidget__item post__item col-md-4\">\n    <div class=\"m-postWidget__itemPctWrap post__pct\">\n        <img decoding=\"async\" class=\"m-postWidget__pct\" src=\"https:\/\/www.startlap.hu\/vasarlas\/uploads\/2024\/03\/043_dpa-pa_1206_101877426-350x285.jpg\">\n    <\/div>\n    <div class=\"m-postWidget__cntWrap post__cntWrap\">\n        <h3 class=\"m-postWidget__title post__title\">Egyetlen feh\u00e9rjepor felelt meg az el\u0151\u00edr\u00e1soknak a N\u00e9bih tesztj\u00e9n<\/h3>\n    <\/div>\n<\/a>\n\t\t\t\t\t\t\t\t\t\n<a href=\"https:\/\/www.startlap.hu\/vasarlas\/legjobb-kezkrem-telre-hidegben-szaraz-bor-ellen\/\" class=\"m-postWidget__item post__item col-md-4\">\n    <div class=\"m-postWidget__itemPctWrap post__pct\">\n        <img decoding=\"async\" class=\"m-postWidget__pct\" src=\"https:\/\/www.startlap.hu\/vasarlas\/uploads\/2024\/01\/Bor\u00edt\u00f3-k\u00e9zkr\u00e9meknek-755x733-1-350x285.png\">\n    <\/div>\n    <div class=\"m-postWidget__cntWrap post__cntWrap\">\n        <h3 class=\"m-postWidget__title post__title\">Viszl\u00e1t, sz\u00e1raz b\u0151r: a legjobb k\u00e9zkr\u00e9mek t\u00e9lre<\/h3>\n    <\/div>\n<\/a>\n\t\t\t\t\t\t\t\t\t\n<a href=\"https:\/\/www.startlap.hu\/vasarlas\/gyogyszerek-tarsadalombiztositas-tamogatas-egeszsegugyi-allamtitkar\/\" class=\"m-postWidget__item post__item col-md-4\">\n    <div class=\"m-postWidget__itemPctWrap post__pct\">\n        <img decoding=\"async\" class=\"m-postWidget__pct\" src=\"https:\/\/www.startlap.hu\/vasarlas\/uploads\/2024\/01\/gyogyszer-350x285.jpg\">\n    <\/div>\n    <div class=\"m-postWidget__cntWrap post__cntWrap\">\n        <h3 class=\"m-postWidget__title post__title\">\u00daj gy\u00f3gyszerek kaptak tb-t\u00e1mogat\u00e1st<\/h3>\n    <\/div>\n<\/a>\n\t\t\t\t\t\t\t\t\t<\/div>\n\t<\/div>\n\t\t\t<button class=\"a-btn load-more\" data-category=\"egeszseg\" data-post-limit=\"12\" data-current-page=\"1\" data-tag=\"\" data-author=\"\"\n\t\t>M\u00e9g t\u00f6bb cikk<\/button>\n\t\t<div class=\"loader\">\n\t\t<i class=\"fa fa-refresh fa-spin fa-3x fa-fw\"><\/i>\n\t<\/div>\n\t<\/div>\n[\/vc_column][\/vc_row]<\/p>\n<\/div>","protected":false},"excerpt":{"rendered":"<p>[vc_row el_class=&#8221;newsLetter cf&#8221;][vc_column css=&#8221;.vc_custom_1563362094682{padding-top: 0px !important;padding-right: 0px !important;padding-bottom: 0px !important;padding-left: 0px !important;}&#8221;][vc_column_text el_class=&#8221;newsLetter__text&#8221; css=&#8221;.vc_custom_1563362084304{padding-top: 0px !important;padding-right: 15px !important;padding-bottom: 0px !important;padding-left: 15px !important;}&#8221;]Minden, amire az eg\u00e9szs\u00e9ges \u00e9letm\u00f3dhoz sz\u00fcks\u00e9ged lehet. Fitnesz- \u00e9s sportfelszerel\u00e9sek, eg\u00e9szs\u00e9ges \u00e9tkez\u00e9s, test\u00e1pol\u00e1s, \u00e9trend-kieg\u00e9sz\u00edt\u0151k az Eg\u00e9szs\u00e9g rovatban. Az oldalon szubjekt\u00edv v\u00e9lem\u00e9nyen alapul\u00f3 tan\u00e1csokat, tippeket, term\u00e9kteszteket \u00e9s term\u00e9kbemutat\u00f3kat, aj\u00e1nl\u00f3kat tal\u00e1lsz.[\/vc_column_text][\/vc_column][\/vc_row][vc_row][vc_column][\/vc_column][\/vc_row]<\/p>\n","protected":false},"author":15,"featured_media":0,"parent":0,"menu_order":0,"comment_status":"closed","ping_status":"closed","template":"","meta":{"footnotes":""},"class_list":["post-1068783","page","type-page","status-publish","hentry"],"aioseo_notices":[],"_links":{"self":[{"href":"https:\/\/www.startlap.hu\/vasarlas\/wp-json\/wp\/v2\/pages\/1068783","targetHints":{"allow":["GET"]}}],"collection":[{"href":"https:\/\/www.startlap.hu\/vasarlas\/wp-json\/wp\/v2\/pages"}],"about":[{"href":"https:\/\/www.startlap.hu\/vasarlas\/wp-json\/wp\/v2\/types\/page"}],"author":[{"embeddable":true,"href":"https:\/\/www.startlap.hu\/vasarlas\/wp-json\/wp\/v2\/users\/15"}],"replies":[{"embeddable":true,"href":"https:\/\/www.startlap.hu\/vasarlas\/wp-json\/wp\/v2\/comments?post=1068783"}],"version-history":[{"count":12,"href":"https:\/\/www.startlap.hu\/vasarlas\/wp-json\/wp\/v2\/pages\/1068783\/revisions"}],"predecessor-version":[{"id":2184293,"href":"https:\/\/www.startlap.hu\/vasarlas\/wp-json\/wp\/v2\/pages\/1068783\/revisions\/2184293"}],"wp:attachment":[{"href":"https:\/\/www.startlap.hu\/vasarlas\/wp-json\/wp\/v2\/media?parent=1068783"}],"curies":[{"name":"wp","href":"https:\/\/api.w.org\/{rel}","templated":true}]}}