{"id":1068777,"date":"2018-11-12T13:59:51","date_gmt":"2018-11-12T12:59:51","guid":{"rendered":"https:\/\/www.startlap.hu\/otthon\/"},"modified":"2024-04-11T11:56:06","modified_gmt":"2024-04-11T09:56:06","slug":"otthon","status":"publish","type":"page","link":"https:\/\/www.startlap.hu\/vasarlas\/otthon\/","title":{"rendered":"Otthon"},"content":{"rendered":"<div class=\"wpb-content-wrapper\"><p>[vc_row][vc_column]<\/p>\n<p>&nbsp;<\/p>\n<p>[vc_column_text el_class=&#8221;newsLetter newsLetter__text&#8221; css=&#8221;.vc_custom_1554727808767{padding-top: 10px !important;padding-right: 15px !important;padding-bottom: 10px !important;padding-left: 15px !important;}&#8221;]Praktikus, trendi, otthonos? Lakberendez\u00e9s, h\u00e1ztart\u00e1si eszk\u00f6z\u00f6k, d\u00edszt\u00e1rgyak \u00e9s m\u00e1s hasznos \u00e9s haszontalan cuccok a lak\u00e1s minden helyis\u00e9g\u00e9be. Az oldalon szubjekt\u00edv v\u00e9lem\u00e9nyen alapul\u00f3 tan\u00e1csokat, tippeket, term\u00e9kteszteket \u00e9s term\u00e9kbemutat\u00f3kat, aj\u00e1nl\u00f3kat tal\u00e1lsz.[\/vc_column_text]<\/p>\n<p>&nbsp;<\/p>\n<p>[\/vc_column][\/vc_row][vc_row][vc_column]<div class=\"bigdata-widget\" data-bigdata-widget=\"recommended_posts_widget\">\n\t\t\t<div class=\"m-cntTitle cntSubTitle -subTitle cf\">\n\t\t\t<div class=\"m-cntTitle__wrap\">\n\t\t\t\t\t\t\t\t\t\t\t\t\t<h1 class=\"m-cntTitle__title -largeTitle cntSubTitle__title\">Otthon<\/h1>\n\t\t\t\t\t\t\t\t\t\t\t<\/div>\n\t\t<\/div>\n\t\n\t<div class=\"m-postWidget post cf\">\n\t\t<div class=\"row\">\n\t\t\t\t\t\t\t\t\t\t\t\t\n<a href=\"https:\/\/www.startlap.hu\/vasarlas\/muskatli-kisokos-tippek-gondozas\/\" class=\"m-postWidget__item post__item col-md-4\">\n    <div class=\"m-postWidget__itemPctWrap post__pct\">\n        <img decoding=\"async\" class=\"m-postWidget__pct\" src=\"https:\/\/www.startlap.hu\/vasarlas\/uploads\/2026\/03\/muskatli_11zon-350x285.jpg\">\n    <\/div>\n    <div class=\"m-postWidget__cntWrap post__cntWrap\">\n        <h3 class=\"m-postWidget__title post__title\">Musk\u00e1tli, a balkonok \u00f6r\u00f6k kedvence: a szak\u00e9rt\u0151k szerint \u00edgy...<\/h3>\n    <\/div>\n<\/a>\n\t\t\t\t\t\t\t\t\t\n<a href=\"https:\/\/www.startlap.hu\/vasarlas\/husvet-kulteri-dekoracio-jatek-2026\/\" class=\"m-postWidget__item post__item col-md-4\">\n    <div class=\"m-postWidget__itemPctWrap post__pct\">\n        <img decoding=\"async\" class=\"m-postWidget__pct\" src=\"https:\/\/www.startlap.hu\/vasarlas\/uploads\/2026\/03\/Startlap_vasarlap_thumbnail3-350x285.png\">\n    <\/div>\n    <div class=\"m-postWidget__cntWrap post__cntWrap\">\n        <h3 class=\"m-postWidget__title post__title\">H\u00fasv\u00e9t 2026: a legjobb k\u00fclt\u00e9ri dekor\u00e1ci\u00f3k - \u00e9s tippek a...<\/h3>\n    <\/div>\n<\/a>\n\t\t\t\t\t\t\t\t\t\n<a href=\"https:\/\/www.startlap.hu\/vasarlas\/nonap-konyvek-ajandekok\/\" class=\"m-postWidget__item post__item col-md-4\">\n    <div class=\"m-postWidget__itemPctWrap post__pct\">\n        <img decoding=\"async\" class=\"m-postWidget__pct\" src=\"https:\/\/www.startlap.hu\/vasarlas\/uploads\/2026\/02\/Startlap_vasarlap_thumbnail3-22-350x285.png\">\n    <\/div>\n    <div class=\"m-postWidget__cntWrap post__cntWrap\">\n        <h3 class=\"m-postWidget__title post__title\">25 k\u00f6nyv n\u0151napra, amik aj\u00e1nd\u00e9knak is t\u00f6k\u00e9letesek<\/h3>\n    <\/div>\n<\/a>\n\t\t\t\t\t\t\t\t\t\n<a href=\"https:\/\/www.startlap.hu\/vasarlas\/fagy-kert-csap-klima-kulteri-egyseg-vedelem\/\" class=\"m-postWidget__item post__item col-md-4\">\n    <div class=\"m-postWidget__itemPctWrap post__pct\">\n        <img decoding=\"async\" class=\"m-postWidget__pct\" src=\"https:\/\/www.startlap.hu\/vasarlas\/uploads\/2026\/01\/GettyImages-2209481750-350x285.jpg\">\n    <\/div>\n    <div class=\"m-postWidget__cntWrap post__cntWrap\">\n        <h3 class=\"m-postWidget__title post__title\">Lecsapott a fagy \u00e9s komoly k\u00e1rokat okozhat: \u00edgy v\u00e9dd meg a...<\/h3>\n    <\/div>\n<\/a>\n\t\t\t\t\t\t\t\t\t\n<a href=\"https:\/\/www.startlap.hu\/vasarlas\/penesz-tippek-egeszseg-takaritas-ecet\/\" class=\"m-postWidget__item post__item col-md-4\">\n    <div class=\"m-postWidget__itemPctWrap post__pct\">\n        <img decoding=\"async\" class=\"m-postWidget__pct\" src=\"https:\/\/www.startlap.hu\/vasarlas\/uploads\/2026\/01\/GettyImages-1786490244-350x285.jpg\">\n    <\/div>\n    <div class=\"m-postWidget__cntWrap post__cntWrap\">\n        <h3 class=\"m-postWidget__title post__title\">V\u00e9gleg elt\u0171nhet a pen\u00e9sz: ez az egyszer\u0171 h\u00e1zi m\u00f3dszer t\u00f6bbet...<\/h3>\n    <\/div>\n<\/a>\n\t\t\t\t\t\t\t\t\t\n<a href=\"https:\/\/www.startlap.hu\/vasarlas\/tarsasjatek-partitarsas-buli-szilveszter\/\" class=\"m-postWidget__item post__item col-md-4\">\n    <div class=\"m-postWidget__itemPctWrap post__pct\">\n        <img decoding=\"async\" class=\"m-postWidget__pct\" src=\"https:\/\/www.startlap.hu\/vasarlas\/uploads\/2024\/12\/boritokep-350x285.jpg\">\n    <\/div>\n    <div class=\"m-postWidget__cntWrap post__cntWrap\">\n        <h3 class=\"m-postWidget__title post__title\">7 izgalmas partit\u00e1rsas, amit im\u00e1dni fogtok a szilveszteri bulikban...<\/h3>\n    <\/div>\n<\/a>\n\t\t\t\t\t\t\t\t\t\n<a href=\"https:\/\/www.startlap.hu\/vasarlas\/retro-nosztalgia-porcelan-bogre-bolt-vasarlas-webaruhaz\/\" class=\"m-postWidget__item post__item col-md-4\">\n    <div class=\"m-postWidget__itemPctWrap post__pct\">\n        <img decoding=\"async\" class=\"m-postWidget__pct\" src=\"https:\/\/www.startlap.hu\/vasarlas\/uploads\/2025\/12\/hollohazi-350x285.jpg\">\n    <\/div>\n    <div class=\"m-postWidget__cntWrap post__cntWrap\">\n        <h3 class=\"m-postWidget__title post__title\">Alf\u00f6ldi P\u00f6tty\u00f6ske, NDK-s te\u00e1skanna: gyerekkorunk ikonikus...<\/h3>\n    <\/div>\n<\/a>\n\t\t\t\t\t\t\t\t\t\n<a href=\"https:\/\/www.startlap.hu\/vasarlas\/legjobb-karacsonyi-ajandekotletek-ferfiaknak-2025\/\" class=\"m-postWidget__item post__item col-md-4\">\n    <div class=\"m-postWidget__itemPctWrap post__pct\">\n        <img decoding=\"async\" class=\"m-postWidget__pct\" src=\"https:\/\/www.startlap.hu\/vasarlas\/uploads\/2023\/11\/Startlap_vasarlap_thumbnail-2-8-350x285.png\">\n    <\/div>\n    <div class=\"m-postWidget__cntWrap post__cntWrap\">\n        <h3 class=\"m-postWidget__title post__title\">Kar\u00e1csonyi aj\u00e1nd\u00e9k\u00f6tletek f\u00e9rfiaknak<\/h3>\n    <\/div>\n<\/a>\n\t\t\t\t\t\t\t\t\t\n<a href=\"https:\/\/www.startlap.hu\/vasarlas\/legjobb-mufenyok-30-ezer-forint-alatt-karacsony-2025\/\" class=\"m-postWidget__item post__item col-md-4\">\n    <div class=\"m-postWidget__itemPctWrap post__pct\">\n        <img decoding=\"async\" class=\"m-postWidget__pct\" src=\"https:\/\/www.startlap.hu\/vasarlas\/uploads\/2025\/12\/mufenyo-350x285.png\">\n    <\/div>\n    <div class=\"m-postWidget__cntWrap post__cntWrap\">\n        <h3 class=\"m-postWidget__title post__title\">A legjobb m\u0171feny\u0151k 30 ezer forint alatt<\/h3>\n    <\/div>\n<\/a>\n\t\t\t\t\t\t\t\t\t\n<a href=\"https:\/\/www.startlap.hu\/vasarlas\/a-legjobb-porszivok-2025\/\" class=\"m-postWidget__item post__item col-md-4\">\n    <div class=\"m-postWidget__itemPctWrap post__pct\">\n        <img decoding=\"async\" class=\"m-postWidget__pct\" src=\"https:\/\/www.startlap.hu\/vasarlas\/uploads\/2025\/11\/boritokep-porszivo-350x285.png\">\n    <\/div>\n    <div class=\"m-postWidget__cntWrap post__cntWrap\">\n        <h3 class=\"m-postWidget__title post__title\">A legjobb porsz\u00edv\u00f3k<\/h3>\n    <\/div>\n<\/a>\n\t\t\t\t\t\t\t\t\t\n<a href=\"https:\/\/www.startlap.hu\/vasarlas\/legjobb-mosogep-szaritogep\/\" class=\"m-postWidget__item post__item col-md-4\">\n    <div class=\"m-postWidget__itemPctWrap post__pct\">\n        <img decoding=\"async\" class=\"m-postWidget__pct\" src=\"https:\/\/www.startlap.hu\/vasarlas\/uploads\/2025\/11\/moso-szaritogep-boritokep-350x285.png\">\n    <\/div>\n    <div class=\"m-postWidget__cntWrap post__cntWrap\">\n        <h3 class=\"m-postWidget__title post__title\">A legjobb mos\u00f3- \u00e9s sz\u00e1r\u00edt\u00f3g\u00e9pek<\/h3>\n    <\/div>\n<\/a>\n\t\t\t\t\t\t\t\t\t\n<a href=\"https:\/\/www.startlap.hu\/vasarlas\/meleg-otthon-telen-praktikak\/\" class=\"m-postWidget__item post__item col-md-4\">\n    <div class=\"m-postWidget__itemPctWrap post__pct\">\n        <img decoding=\"async\" class=\"m-postWidget__pct\" src=\"https:\/\/www.startlap.hu\/vasarlas\/uploads\/2025\/11\/Startlap_vasarlap_thumbnail-16-350x285.png\">\n    <\/div>\n    <div class=\"m-postWidget__cntWrap post__cntWrap\">\n        <h3 class=\"m-postWidget__title post__title\">\u00cdgy lesz meleg \u00e9s otthonos a lak\u00e1sod t\u00e9len: 10 egyszer\u0171 tipp<\/h3>\n    <\/div>\n<\/a>\n\t\t\t\t\t\t\t\t\t<\/div>\n\t<\/div>\n\t\t\t<button class=\"a-btn load-more\" data-category=\"otthon\" data-post-limit=\"12\" data-current-page=\"1\" data-tag=\"\" data-author=\"\"\n\t\t>M\u00e9g t\u00f6bb cikk<\/button>\n\t\t<div class=\"loader\">\n\t\t<i class=\"fa fa-refresh fa-spin fa-3x fa-fw\"><\/i>\n\t<\/div>\n\t<\/div>\n[\/vc_column][\/vc_row][vc_row][vc_column]<\/p>\n<p>[vc_column_text]&nbsp;[\/vc_column_text]<\/p>\n<p>&nbsp;<\/p>\n<p>[\/vc_column][\/vc_row]<\/p>\n<\/div>","protected":false},"excerpt":{"rendered":"<p>[vc_row][vc_column] &nbsp; [vc_column_text el_class=&#8221;newsLetter newsLetter__text&#8221; css=&#8221;.vc_custom_1554727808767{padding-top: 10px !important;padding-right: 15px !important;padding-bottom: 10px !important;padding-left: 15px !important;}&#8221;]Praktikus, trendi, otthonos? Lakberendez\u00e9s, h\u00e1ztart\u00e1si eszk\u00f6z\u00f6k, d\u00edszt\u00e1rgyak \u00e9s m\u00e1s hasznos \u00e9s haszontalan cuccok a lak\u00e1s minden helyis\u00e9g\u00e9be. Az oldalon szubjekt\u00edv v\u00e9lem\u00e9nyen alapul\u00f3 tan\u00e1csokat, tippeket, term\u00e9kteszteket \u00e9s term\u00e9kbemutat\u00f3kat, aj\u00e1nl\u00f3kat tal\u00e1lsz.[\/vc_column_text] &nbsp; [\/vc_column][\/vc_row][vc_row][vc_column][\/vc_column][\/vc_row][vc_row][vc_column] [vc_column_text]&nbsp;[\/vc_column_text] &nbsp; [\/vc_column][\/vc_row]<\/p>\n","protected":false},"author":15,"featured_media":0,"parent":0,"menu_order":0,"comment_status":"closed","ping_status":"closed","template":"","meta":{"footnotes":""},"class_list":["post-1068777","page","type-page","status-publish","hentry"],"aioseo_notices":[],"_links":{"self":[{"href":"https:\/\/www.startlap.hu\/vasarlas\/wp-json\/wp\/v2\/pages\/1068777","targetHints":{"allow":["GET"]}}],"collection":[{"href":"https:\/\/www.startlap.hu\/vasarlas\/wp-json\/wp\/v2\/pages"}],"about":[{"href":"https:\/\/www.startlap.hu\/vasarlas\/wp-json\/wp\/v2\/types\/page"}],"author":[{"embeddable":true,"href":"https:\/\/www.startlap.hu\/vasarlas\/wp-json\/wp\/v2\/users\/15"}],"replies":[{"embeddable":true,"href":"https:\/\/www.startlap.hu\/vasarlas\/wp-json\/wp\/v2\/comments?post=1068777"}],"version-history":[{"count":16,"href":"https:\/\/www.startlap.hu\/vasarlas\/wp-json\/wp\/v2\/pages\/1068777\/revisions"}],"predecessor-version":[{"id":2246572,"href":"https:\/\/www.startlap.hu\/vasarlas\/wp-json\/wp\/v2\/pages\/1068777\/revisions\/2246572"}],"wp:attachment":[{"href":"https:\/\/www.startlap.hu\/vasarlas\/wp-json\/wp\/v2\/media?parent=1068777"}],"curies":[{"name":"wp","href":"https:\/\/api.w.org\/{rel}","templated":true}]}}