{"id":1068776,"date":"2018-11-12T13:59:04","date_gmt":"2018-11-12T12:59:04","guid":{"rendered":"https:\/\/www.startlap.hu\/kutyu\/"},"modified":"2024-04-11T11:55:22","modified_gmt":"2024-04-11T09:55:22","slug":"kutyu","status":"publish","type":"page","link":"https:\/\/www.startlap.hu\/vasarlas\/kutyu\/","title":{"rendered":"K\u00fcty\u00fc"},"content":{"rendered":"<div class=\"wpb-content-wrapper\"><p>[vc_row el_class=&#8221;newsLetter cf&#8221;][vc_column css=&#8221;.vc_custom_1563361947286{margin-top: 0px !important;margin-right: 0px !important;margin-bottom: 0px !important;margin-left: 0px !important;border-top-width: 0px !important;border-right-width: 0px !important;border-bottom-width: 0px !important;border-left-width: 0px !important;padding-top: 0px !important;padding-right: 0px !important;padding-bottom: 0px !important;padding-left: 0px !important;}&#8221;]<\/p>\n<p>[vc_column_text el_class=&#8221;newsLetter__text&#8221; css=&#8221;.vc_custom_1563361972300{padding-top: 0px !important;padding-right: 15px !important;padding-bottom: 0px !important;padding-left: 15px !important;}&#8221;]A <a href=\"https:\/\/www.startlap.hu\/vasarlas\/cimke\/okosteve\/\">TV<\/a>-kt\u0151l a <a href=\"https:\/\/www.startlap.hu\/vasarlas\/milyen-porszivot-valasszunk-mutatjuk-melyek-a-legjobbak\/\">porsz\u00edv\u00f3kig<\/a>, az <a href=\"https:\/\/www.startlap.hu\/vasarlas\/cimke\/okosora\/\">okos\u00f3r\u00e1kt\u00f3l<\/a> <a href=\"https:\/\/www.startlap.hu\/vasarlas\/cimke\/kavefozo\/\">k\u00e1v\u00e9g\u00e9pekig<\/a> mindennek ut\u00e1nan\u00e9z\u00fcnk, hogy min\u00e9l k\u00f6nnyebben, min\u00e9l jobbat v\u00e1s\u00e1rolj. A K\u00fcty\u00fc rovatban mindent megtal\u00e1lsz, ami \u00e1rammal megy. Az oldalon szubjekt\u00edv v\u00e9lem\u00e9nyen alapul\u00f3 tan\u00e1csokat, tippeket, term\u00e9kteszteket \u00e9s term\u00e9kbemutat\u00f3kat, aj\u00e1nl\u00f3kat tal\u00e1lsz.[\/vc_column_text]<\/p>\n<p>[\/vc_column][\/vc_row][vc_row][vc_column]<div class=\"bigdata-widget\" data-bigdata-widget=\"recommended_posts_widget\">\n\t\t\t<div class=\"m-cntTitle cntSubTitle -subTitle cf\">\n\t\t\t<div class=\"m-cntTitle__wrap\">\n\t\t\t\t\t\t\t\t\t\t\t\t\t<h1 class=\"m-cntTitle__title -largeTitle cntSubTitle__title\">K\u00fcty\u00fc<\/h1>\n\t\t\t\t\t\t\t\t\t\t\t<\/div>\n\t\t<\/div>\n\t\n\t<div class=\"m-postWidget post cf\">\n\t\t<div class=\"row\">\n\t\t\t\t\t\t\t\t\t\t\t\t\n<a href=\"https:\/\/www.startlap.hu\/vasarlas\/starlink-muholdas-internet-teszt-videken\/\" class=\"m-postWidget__item post__item col-md-4\">\n    <div class=\"m-postWidget__itemPctWrap post__pct\">\n        <img decoding=\"async\" class=\"m-postWidget__pct\" src=\"https:\/\/www.startlap.hu\/vasarlas\/uploads\/2026\/04\/starlink-2-350x285.jpg\">\n    <\/div>\n    <div class=\"m-postWidget__cntWrap post__cntWrap\">\n        <h3 class=\"m-postWidget__title post__title\">Tesztelt\u00fck Elon Musk m\u0171holdas internet\u00e9t a nagyk\u0151r\u00f6si...<\/h3>\n    <\/div>\n<\/a>\n\t\t\t\t\t\t\t\t\t\n<a href=\"https:\/\/www.startlap.hu\/vasarlas\/okosgyuru-diktafon-pebble-index\/\" class=\"m-postWidget__item post__item col-md-4\">\n    <div class=\"m-postWidget__itemPctWrap post__pct\">\n        <img decoding=\"async\" class=\"m-postWidget__pct\" src=\"https:\/\/www.startlap.hu\/vasarlas\/uploads\/2026\/03\/repebble-350x285.jpg\">\n    <\/div>\n    <div class=\"m-postWidget__cntWrap post__cntWrap\">\n        <h3 class=\"m-postWidget__title post__title\">Meg\u00e9rkezett a k\u00fcty\u00fc, ami helyetted is eml\u00e9kszik - \u00e9s t\u00f6lteni...<\/h3>\n    <\/div>\n<\/a>\n\t\t\t\t\t\t\t\t\t\n<a href=\"https:\/\/www.startlap.hu\/vasarlas\/elveszett-telefon-mit-kell-tenni\/\" class=\"m-postWidget__item post__item col-md-4\">\n    <div class=\"m-postWidget__itemPctWrap post__pct\">\n        <img decoding=\"async\" class=\"m-postWidget__pct\" src=\"https:\/\/www.startlap.hu\/vasarlas\/uploads\/2026\/02\/elveszett-mobiltelefon-350x285.jpg\">\n    <\/div>\n    <div class=\"m-postWidget__cntWrap post__cntWrap\">\n        <h3 class=\"m-postWidget__title post__title\">Elvesztetted a mobilodat? Ezt tedd az els\u0151 k\u00e9t percben<\/h3>\n    <\/div>\n<\/a>\n\t\t\t\t\t\t\t\t\t\n<a href=\"https:\/\/www.startlap.hu\/vasarlas\/openclaw-clawdbot-ai-peter-steinberger\/\" class=\"m-postWidget__item post__item col-md-4\">\n    <div class=\"m-postWidget__itemPctWrap post__pct\">\n        <img decoding=\"async\" class=\"m-postWidget__pct\" src=\"https:\/\/www.startlap.hu\/vasarlas\/uploads\/2026\/02\/ai-asszisztens-350x285.jpg\">\n    <\/div>\n    <div class=\"m-postWidget__cntWrap post__cntWrap\">\n        <h3 class=\"m-postWidget__title post__title\">Meg\u00e9rkezett a szuper AI \u00e9s nagyon ijeszt\u0151: az OpenClaw helyetted...<\/h3>\n    <\/div>\n<\/a>\n\t\t\t\t\t\t\t\t\t\n<a href=\"https:\/\/www.startlap.hu\/vasarlas\/hasznos-autos-kiegeszitok-olcson\/\" class=\"m-postWidget__item post__item col-md-4\">\n    <div class=\"m-postWidget__itemPctWrap post__pct\">\n        <img decoding=\"async\" class=\"m-postWidget__pct\" src=\"https:\/\/www.startlap.hu\/vasarlas\/uploads\/2026\/02\/Startlap_vasarlap_thumbnail3-2-350x285.png\">\n    <\/div>\n    <div class=\"m-postWidget__cntWrap post__cntWrap\">\n        <h3 class=\"m-postWidget__title post__title\">Olcs\u00f3 aut\u00f3s kieg\u00e9sz\u00edt\u0151k 6 kateg\u00f3ri\u00e1ban, amik t\u00e9nyleg...<\/h3>\n    <\/div>\n<\/a>\n\t\t\t\t\t\t\t\t\t\n<a href=\"https:\/\/www.startlap.hu\/vasarlas\/legjobb-hosugarzok-2026\/\" class=\"m-postWidget__item post__item col-md-4\">\n    <div class=\"m-postWidget__itemPctWrap post__pct\">\n        <img decoding=\"async\" class=\"m-postWidget__pct\" src=\"https:\/\/www.startlap.hu\/vasarlas\/uploads\/2026\/01\/hosugarzo-boritokep-350x285.png\">\n    <\/div>\n    <div class=\"m-postWidget__cntWrap post__cntWrap\">\n        <h3 class=\"m-postWidget__title post__title\">A legjobb h\u0151sug\u00e1rz\u00f3k 2026-ban<\/h3>\n    <\/div>\n<\/a>\n\t\t\t\t\t\t\t\t\t\n<a href=\"https:\/\/www.startlap.hu\/vasarlas\/legjobb-noi-okosorak-2026\/\" class=\"m-postWidget__item post__item col-md-4\">\n    <div class=\"m-postWidget__itemPctWrap post__pct\">\n        <img decoding=\"async\" class=\"m-postWidget__pct\" src=\"https:\/\/www.startlap.hu\/vasarlas\/uploads\/2026\/01\/okosora-5-350x285.png\">\n    <\/div>\n    <div class=\"m-postWidget__cntWrap post__cntWrap\">\n        <h3 class=\"m-postWidget__title post__title\">A legjobb n\u0151i okos\u00f3r\u00e1k 2026-ban<\/h3>\n    <\/div>\n<\/a>\n\t\t\t\t\t\t\t\t\t\n<a href=\"https:\/\/www.startlap.hu\/vasarlas\/legjobb-okosorak-2026\/\" class=\"m-postWidget__item post__item col-md-4\">\n    <div class=\"m-postWidget__itemPctWrap post__pct\">\n        <img decoding=\"async\" class=\"m-postWidget__pct\" src=\"https:\/\/www.startlap.hu\/vasarlas\/uploads\/2026\/01\/okosora-vegyes-borito-350x285.png\">\n    <\/div>\n    <div class=\"m-postWidget__cntWrap post__cntWrap\">\n        <h3 class=\"m-postWidget__title post__title\">A legjobb okos\u00f3r\u00e1k 2026-ban<\/h3>\n    <\/div>\n<\/a>\n\t\t\t\t\t\t\t\t\t\n<a href=\"https:\/\/www.startlap.hu\/vasarlas\/karacsony-ajandek-kutyuk-elektronika-tech-2025\/\" class=\"m-postWidget__item post__item col-md-4\">\n    <div class=\"m-postWidget__itemPctWrap post__pct\">\n        <img decoding=\"async\" class=\"m-postWidget__pct\" src=\"https:\/\/www.startlap.hu\/vasarlas\/uploads\/2025\/11\/Startlap_vasarlap_thumbnail3-2-1-350x285.png\">\n    <\/div>\n    <div class=\"m-postWidget__cntWrap post__cntWrap\">\n        <h3 class=\"m-postWidget__title post__title\">Ezek lesznek 2025 kar\u00e1csony\u00e1nak sl\u00e1gerk\u00fcty\u00fci - j\u00f3 h\u00edr: sok...<\/h3>\n    <\/div>\n<\/a>\n\t\t\t\t\t\t\t\t\t\n<a href=\"https:\/\/www.startlap.hu\/vasarlas\/olcso-kutyuk-karacsonyra-tech-ajandek-2025\/\" class=\"m-postWidget__item post__item col-md-4\">\n    <div class=\"m-postWidget__itemPctWrap post__pct\">\n        <img decoding=\"async\" class=\"m-postWidget__pct\" src=\"https:\/\/www.startlap.hu\/vasarlas\/uploads\/2025\/11\/Startlap_vasarlap_thumbnail3-14-350x285.png\">\n    <\/div>\n    <div class=\"m-postWidget__cntWrap post__cntWrap\">\n        <h3 class=\"m-postWidget__title post__title\">Olcs\u00f3, men\u0151 k\u00fcty\u00fck kar\u00e1csonyra: ezeknek minden tech-rajong\u00f3...<\/h3>\n    <\/div>\n<\/a>\n\t\t\t\t\t\t\t\t\t\n<a href=\"https:\/\/www.startlap.hu\/vasarlas\/laifen-ulike-luna-tineco-breo-okoseszkozok-szepsegapolas-haztartas-egeszseg-2025-karacsony\/\" class=\"m-postWidget__item post__item col-md-4\">\n    <div class=\"m-postWidget__itemPctWrap post__pct\">\n        <img decoding=\"async\" class=\"m-postWidget__pct\" src=\"https:\/\/www.startlap.hu\/vasarlas\/uploads\/2025\/11\/Startlap_vasarlap_thumbnail3-2-350x285.png\">\n    <\/div>\n    <div class=\"m-postWidget__cntWrap post__cntWrap\">\n        <h3 class=\"m-postWidget__title post__title\">Okoseszk\u00f6z\u00f6k 5 m\u00e1rk\u00e1ban, amik tarolnak most a neten - kar\u00e1csonyi...<\/h3>\n    <\/div>\n<\/a>\n\t\t\t\t\t\t\t\t\t\n<a href=\"https:\/\/www.startlap.hu\/vasarlas\/legjobb-olcso-okosora-fitnesz-karkoto-sport\/\" class=\"m-postWidget__item post__item col-md-4\">\n    <div class=\"m-postWidget__itemPctWrap post__pct\">\n        <img decoding=\"async\" class=\"m-postWidget__pct\" src=\"https:\/\/www.startlap.hu\/vasarlas\/uploads\/2025\/09\/okosora-350x285.jpg\">\n    <\/div>\n    <div class=\"m-postWidget__cntWrap post__cntWrap\">\n        <h3 class=\"m-postWidget__title post__title\">A legjobb olcs\u00f3 okos\u00f3r\u00e1k \u00e9s fitneszkark\u00f6t\u0151k sportol\u00e1shoz<\/h3>\n    <\/div>\n<\/a>\n\t\t\t\t\t\t\t\t\t<\/div>\n\t<\/div>\n\t\t\t<button class=\"a-btn load-more\" data-category=\"kutyu\" data-post-limit=\"12\" data-current-page=\"1\" data-tag=\"\" data-author=\"\"\n\t\t>M\u00e9g t\u00f6bb cikk<\/button>\n\t\t<div class=\"loader\">\n\t\t<i class=\"fa fa-refresh fa-spin fa-3x fa-fw\"><\/i>\n\t<\/div>\n\t<\/div>\n[\/vc_column][\/vc_row][vc_row][vc_column][vc_column_text]&nbsp;[\/vc_column_text]<\/p>\n<p>[\/vc_column][\/vc_row]<\/p>\n<\/div>","protected":false},"excerpt":{"rendered":"<p>[vc_row el_class=&#8221;newsLetter cf&#8221;][vc_column css=&#8221;.vc_custom_1563361947286{margin-top: 0px !important;margin-right: 0px !important;margin-bottom: 0px !important;margin-left: 0px !important;border-top-width: 0px !important;border-right-width: 0px !important;border-bottom-width: 0px !important;border-left-width: 0px !important;padding-top: 0px !important;padding-right: 0px !important;padding-bottom: 0px !important;padding-left: 0px !important;}&#8221;] [vc_column_text el_class=&#8221;newsLetter__text&#8221; css=&#8221;.vc_custom_1563361972300{padding-top: 0px !important;padding-right: 15px !important;padding-bottom: 0px !important;padding-left: 15px !important;}&#8221;]A TV-kt\u0151l a porsz\u00edv\u00f3kig, az okos\u00f3r\u00e1kt\u00f3l k\u00e1v\u00e9g\u00e9pekig mindennek ut\u00e1nan\u00e9z\u00fcnk, hogy min\u00e9l k\u00f6nnyebben, min\u00e9l jobbat v\u00e1s\u00e1rolj. A K\u00fcty\u00fc [&hellip;]<\/p>\n","protected":false},"author":15,"featured_media":0,"parent":0,"menu_order":0,"comment_status":"closed","ping_status":"closed","template":"","meta":{"footnotes":""},"class_list":["post-1068776","page","type-page","status-publish","hentry"],"aioseo_notices":[],"_links":{"self":[{"href":"https:\/\/www.startlap.hu\/vasarlas\/wp-json\/wp\/v2\/pages\/1068776","targetHints":{"allow":["GET"]}}],"collection":[{"href":"https:\/\/www.startlap.hu\/vasarlas\/wp-json\/wp\/v2\/pages"}],"about":[{"href":"https:\/\/www.startlap.hu\/vasarlas\/wp-json\/wp\/v2\/types\/page"}],"author":[{"embeddable":true,"href":"https:\/\/www.startlap.hu\/vasarlas\/wp-json\/wp\/v2\/users\/15"}],"replies":[{"embeddable":true,"href":"https:\/\/www.startlap.hu\/vasarlas\/wp-json\/wp\/v2\/comments?post=1068776"}],"version-history":[{"count":31,"href":"https:\/\/www.startlap.hu\/vasarlas\/wp-json\/wp\/v2\/pages\/1068776\/revisions"}],"predecessor-version":[{"id":2246571,"href":"https:\/\/www.startlap.hu\/vasarlas\/wp-json\/wp\/v2\/pages\/1068776\/revisions\/2246571"}],"wp:attachment":[{"href":"https:\/\/www.startlap.hu\/vasarlas\/wp-json\/wp\/v2\/media?parent=1068776"}],"curies":[{"name":"wp","href":"https:\/\/api.w.org\/{rel}","templated":true}]}}