{"id":64584,"date":"2023-10-27T10:00:46","date_gmt":"2023-10-27T08:00:46","guid":{"rendered":"https:\/\/www.startlap.hu\/utazas\/szallasvidek\/"},"modified":"2024-05-27T13:05:02","modified_gmt":"2024-05-27T11:05:02","slug":"szallasvidek","status":"publish","type":"page","link":"https:\/\/www.startlap.hu\/utazas\/szallasvidek\/","title":{"rendered":"Sz\u00e1ll\u00e1svid\u00e9k"},"content":{"rendered":"<div class=\"wpb-content-wrapper\"><p>[vc_row full_width=&#8221;stretch_row_content_no_spaces&#8221; content_placement=&#8221;middle&#8221; css=&#8221;.vc_custom_1700736748433{background-image: url(https:\/\/www.startlap.hu\/utazas\/uploads\/sites\/3\/2023\/11\/image-5.jpg?id=65821) !important;background-position: center !important;background-repeat: no-repeat !important;background-size: cover !important;}&#8221; el_class=&#8221;felsoblokk&#8221;][vc_column][vc_raw_html el_class=&#8221;content&#8221;]JTNDcCUyMGNsYXNzJTNEJTIyZmVsY2ltJTIyJTNFJUMzJUE5bG0lQzMlQTlueSUyMCU3QyUyMHBpaGVuJUMzJUE5cyUyMCU3QyUyMGxlbnklQzUlQjFnJUMzJUI2eiVDNSU5MSUyMHQlQzMlQTFqYWslM0MlMkZwJTNFJTBBJTNDaDElM0VTeiVDMyVBMWxsJUMzJUExc3ZpZCVDMyVBOWslM0MlMkZoMSUzRSUwQSUzQ3AlMjBjbGFzcyUzRCUyMmFsY2ltJTIyJTNFQSUyMFN0YXJ0bGFwJTIwdmlkZSVDMyVCM3MlMjBzeiVDMyVBMWxsJUMzJUExc2FqJUMzJUExbmwlQzMlQjNqYSUzQyUyRnAlM0U=[\/vc_raw_html][\/vc_column][\/vc_row][vc_row el_class=&#8221;belsocontent&#8221;][vc_column][vc_raw_html]JTNDc2NyaXB0JTIwc3JjJTNEJTIyJTBBaHR0cHMlM0ElMkYlMkZjZG4uandwbGF5ZXIuY29tJTJGcGxheWVycyUyRlM3c3FaenBvLUpRY05OSElXLmpzJTBBJTIyJTNFJTNDJTJGc2NyaXB0JTNF[\/vc_raw_html][\/vc_column][\/vc_row][vc_row el_class=&#8221;belsocontent&#8221;][vc_column]<div class=\"m-homePageBigPictured\" style=\"background-image: url('https:\/\/www.startlap.hu\/utazas\/uploads\/sites\/3\/2024\/05\/hotel-caramell.jpg')\">\n\t\t\t<h2 class=\"m-homePageBigPictured__title\">Caramell Premium Resort<\/h2>\n\t\t\t\t\t<div class=\"m-homePageBigPictured__description\">T\u00e1vol-keleti var\u00e1zslat a Dun\u00e1nt\u00falon<\/div>\n\t\t\t\t<a class=\"m-homePageBigPictured__button\" href=\"https:\/\/www.startlap.hu\/utazas\/caramell-premium-resort-bukfurdo-hotel-szallas-video\/\">Megn\u00e9zem<\/a>\n\t\t<\/div>\n<\/div>\n[\/vc_column][\/vc_row][vc_row el_class=&#8221;belsocontent&#8221;][vc_column]<div class=\"bigdata-widget\" data-bigdata-widget=\"recommended_posts_widget\">\n\t\t\t<div class=\"m-cntTitle cntSubTitle -subTitle cf\">\n\t\t\t<div class=\"m-cntTitle__wrap\">\n\t\t\t\t\t\t\t\t\t\t\t\t\t<h2 class=\"m-cntTitle__title -largeTitle cntSubTitle__title\">Sz\u00e1ll\u00e1svid\u00e9k<\/h2>\n\t\t\t\t\t\t\t\t\t\t\t<\/div>\n\t\t<\/div>\n\t\n\t<div class=\"m-postWidget post cf\">\n\t\t<div class=\"row\">\n\t\t\t\t\t\t\t\t\t\t\t\t\n<a href=\"https:\/\/www.startlap.hu\/utazas\/kapolcsi-sziklak-kabin-hello-wood-resorts-szallas-video\/\" class=\"m-postWidget__item post__item col-md-4\">\n    <div class=\"m-postWidget__itemPctWrap post__pct\">\n        <img decoding=\"async\" class=\"m-postWidget__pct\" src=\"https:\/\/www.startlap.hu\/utazas\/uploads\/sites\/3\/2024\/07\/hellowood_csoromfolde-350x285.jpg\">\n    <\/div>\n    <div class=\"m-postWidget__cntWrap post__cntWrap\">\n        <h3 class=\"m-postWidget__title post__title\">Kapolcsi Szikl\u00e1k: a hely, ahol elb\u00fajhatsz a vil\u00e1g el\u0151l<\/h3>\n    <\/div>\n<\/a>\n\t\t\t\t\t\t\t\t\t\n<a href=\"https:\/\/www.startlap.hu\/utazas\/caramell-premium-resort-bukfurdo-hotel-szallas-video\/\" class=\"m-postWidget__item post__item col-md-4\">\n    <div class=\"m-postWidget__itemPctWrap post__pct\">\n        <img decoding=\"async\" class=\"m-postWidget__pct\" src=\"https:\/\/www.startlap.hu\/utazas\/uploads\/sites\/3\/2024\/05\/hotel-caramell-350x285.jpg\">\n    <\/div>\n    <div class=\"m-postWidget__cntWrap post__cntWrap\">\n        <h3 class=\"m-postWidget__title post__title\">Caramell Premium Resort: t\u00e1vol-keleti var\u00e1zslat a Dun\u00e1nt\u00falon<\/h3>\n    <\/div>\n<\/a>\n\t\t\t\t\t\t\t\t\t\n<a href=\"https:\/\/www.startlap.hu\/utazas\/maravilla-vendeghaz-nagymaros-dunakanyar-szallas-video\/\" class=\"m-postWidget__item post__item col-md-4\">\n    <div class=\"m-postWidget__itemPctWrap post__pct\">\n        <img decoding=\"async\" class=\"m-postWidget__pct\" src=\"https:\/\/www.startlap.hu\/utazas\/uploads\/sites\/3\/2024\/01\/maravilla-terasz-350x285.jpg\">\n    <\/div>\n    <div class=\"m-postWidget__cntWrap post__cntWrap\">\n        <h3 class=\"m-postWidget__title post__title\">MaraVilla: spanyol csodahely a Dunakanyarban<\/h3>\n    <\/div>\n<\/a>\n\t\t\t\t\t\t\t\t\t<\/div>\n\t<\/div>\n\t<\/div>\n[\/vc_column][\/vc_row][vc_row el_class=&#8221;belsocontent&#8221;][vc_column][\/vc_column][\/vc_row][vc_row disable_element=&#8221;yes&#8221; el_class=&#8221;belsocontent&#8221;][vc_column]<div class=\"m-swiper\">\n\t\t<div class=\"m-cntTitle__wrap\">\n\t\t<h2 class=\"m-cntTitle__title -largeTitle -featuredAthors\">vend\u00e9gszerz\u0151ink<\/h2>\n\t<\/div>\n\t\t<div class=\"m-authorSwiper swiper-container\">\n\t\t<div class=\"m-authorSwiper__wrap swiper-wrapper\">\n\t\t\t\t\t\t\t<a class=\"m-authorSwiper__item u-fl swiper-slide\" href=\"https:\/\/www.startlap.hu\/utazas\/author\/steinerkristof\/\">\n\t\t\t\t\t<img decoding=\"async\" class=\"m-authorSwiper__img\" src=\"\" alt=\"Steiner Krist\u00f3f\">\n\t\t\t\t\t<h4 class=\"m-authorSwiper__authorName\">Steiner Krist\u00f3f<\/h4>\n\t\t\t\t\t<div class=\"m-authorSwiper__linkBtn\">Cikkei<\/div>\n\t\t\t\t<\/a>\n\t\t\t\t\t\t\t<a class=\"m-authorSwiper__item u-fl swiper-slide\" href=\"https:\/\/www.startlap.hu\/utazas\/author\/steinerkristof\/\">\n\t\t\t\t\t<img decoding=\"async\" class=\"m-authorSwiper__img\" src=\"\" alt=\"Steiner Krist\u00f3f\">\n\t\t\t\t\t<h4 class=\"m-authorSwiper__authorName\">Steiner Krist\u00f3f<\/h4>\n\t\t\t\t\t<div class=\"m-authorSwiper__linkBtn\">Cikkei<\/div>\n\t\t\t\t<\/a>\n\t\t\t\t\t\t\t<a class=\"m-authorSwiper__item u-fl swiper-slide\" href=\"https:\/\/www.startlap.hu\/utazas\/author\/steinerkristof\/\">\n\t\t\t\t\t<img decoding=\"async\" class=\"m-authorSwiper__img\" src=\"\" alt=\"Steiner Krist\u00f3f\">\n\t\t\t\t\t<h4 class=\"m-authorSwiper__authorName\">Steiner Krist\u00f3f<\/h4>\n\t\t\t\t\t<div class=\"m-authorSwiper__linkBtn\">Cikkei<\/div>\n\t\t\t\t<\/a>\n\t\t\t\t\t\t\t<a class=\"m-authorSwiper__item u-fl swiper-slide\" href=\"https:\/\/www.startlap.hu\/utazas\/author\/steinerkristof\/\">\n\t\t\t\t\t<img decoding=\"async\" class=\"m-authorSwiper__img\" src=\"\" alt=\"Steiner Krist\u00f3f\">\n\t\t\t\t\t<h4 class=\"m-authorSwiper__authorName\">Steiner Krist\u00f3f<\/h4>\n\t\t\t\t\t<div class=\"m-authorSwiper__linkBtn\">Cikkei<\/div>\n\t\t\t\t<\/a>\n\t\t\t\t\t\t\t<a class=\"m-authorSwiper__item u-fl swiper-slide\" href=\"https:\/\/www.startlap.hu\/utazas\/author\/steinerkristof\/\">\n\t\t\t\t\t<img decoding=\"async\" class=\"m-authorSwiper__img\" src=\"\" alt=\"Steiner Krist\u00f3f\">\n\t\t\t\t\t<h4 class=\"m-authorSwiper__authorName\">Steiner Krist\u00f3f<\/h4>\n\t\t\t\t\t<div class=\"m-authorSwiper__linkBtn\">Cikkei<\/div>\n\t\t\t\t<\/a>\n\t\t\t\t\t<\/div>\n\t\t<div class=\"swiper-pagination\"><\/div>\n\t\t<div class=\"swiper-button-prev\"><\/div>\n\t\t<div class=\"swiper-button-next\"><\/div>\n\t<\/div>\n<\/div>\n[\/vc_column][\/vc_row]<\/p>\n<\/div>","protected":false},"excerpt":{"rendered":"<p>[vc_row full_width=&#8221;stretch_row_content_no_spaces&#8221; content_placement=&#8221;middle&#8221; css=&#8221;.vc_custom_1700736748433{background-image: url(https:\/\/www.startlap.hu\/utazas\/uploads\/sites\/3\/2023\/11\/image-5.jpg?id=65821) !important;background-position: center !important;background-repeat: no-repeat !important;background-size: cover !important;}&#8221; el_class=&#8221;felsoblokk&#8221;][vc_column][vc_raw_html el_class=&#8221;content&#8221;]JTNDcCUyMGNsYXNzJTNEJTIyZmVsY2ltJTIyJTNFJUMzJUE5bG0lQzMlQTlueSUyMCU3QyUyMHBpaGVuJUMzJUE5cyUyMCU3QyUyMGxlbnklQzUlQjFnJUMzJUI2eiVDNSU5MSUyMHQlQzMlQTFqYWslM0MlMkZwJTNFJTBBJTNDaDElM0VTeiVDMyVBMWxsJUMzJUExc3ZpZCVDMyVBOWslM0MlMkZoMSUzRSUwQSUzQ3AlMjBjbGFzcyUzRCUyMmFsY2ltJTIyJTNFQSUyMFN0YXJ0bGFwJTIwdmlkZSVDMyVCM3MlMjBzeiVDMyVBMWxsJUMzJUExc2FqJUMzJUExbmwlQzMlQjNqYSUzQyUyRnAlM0U=[\/vc_raw_html][\/vc_column][\/vc_row][vc_row el_class=&#8221;belsocontent&#8221;][vc_column][vc_raw_html]JTNDc2NyaXB0JTIwc3JjJTNEJTIyJTBBaHR0cHMlM0ElMkYlMkZjZG4uandwbGF5ZXIuY29tJTJGcGxheWVycyUyRlM3c3FaenBvLUpRY05OSElXLmpzJTBBJTIyJTNFJTNDJTJGc2NyaXB0JTNF[\/vc_raw_html][\/vc_column][\/vc_row][vc_row el_class=&#8221;belsocontent&#8221;][vc_column][\/vc_column][\/vc_row][vc_row el_class=&#8221;belsocontent&#8221;][vc_column][\/vc_column][\/vc_row][vc_row el_class=&#8221;belsocontent&#8221;][vc_column][\/vc_column][\/vc_row][vc_row disable_element=&#8221;yes&#8221; el_class=&#8221;belsocontent&#8221;][vc_column][\/vc_column][\/vc_row]<\/p>\n","protected":false},"author":10,"featured_media":0,"parent":0,"menu_order":0,"comment_status":"closed","ping_status":"closed","template":"","meta":{"footnotes":""},"class_list":["post-64584","page","type-page","status-publish","hentry"],"aioseo_notices":[],"_links":{"self":[{"href":"https:\/\/www.startlap.hu\/utazas\/wp-json\/wp\/v2\/pages\/64584","targetHints":{"allow":["GET"]}}],"collection":[{"href":"https:\/\/www.startlap.hu\/utazas\/wp-json\/wp\/v2\/pages"}],"about":[{"href":"https:\/\/www.startlap.hu\/utazas\/wp-json\/wp\/v2\/types\/page"}],"author":[{"embeddable":true,"href":"https:\/\/www.startlap.hu\/utazas\/wp-json\/wp\/v2\/users\/10"}],"replies":[{"embeddable":true,"href":"https:\/\/www.startlap.hu\/utazas\/wp-json\/wp\/v2\/comments?post=64584"}],"version-history":[{"count":28,"href":"https:\/\/www.startlap.hu\/utazas\/wp-json\/wp\/v2\/pages\/64584\/revisions"}],"predecessor-version":[{"id":73078,"href":"https:\/\/www.startlap.hu\/utazas\/wp-json\/wp\/v2\/pages\/64584\/revisions\/73078"}],"wp:attachment":[{"href":"https:\/\/www.startlap.hu\/utazas\/wp-json\/wp\/v2\/media?parent=64584"}],"curies":[{"name":"wp","href":"https:\/\/api.w.org\/{rel}","templated":true}]}}