{"id":29,"date":"2019-07-09T11:25:17","date_gmt":"2019-07-09T09:25:17","guid":{"rendered":"https:\/\/www.startlap.hu\/utazas\/tippek\/"},"modified":"2020-10-22T14:37:00","modified_gmt":"2020-10-22T12:37:00","slug":"tippek","status":"publish","type":"page","link":"https:\/\/www.startlap.hu\/utazas\/tippek\/","title":{"rendered":"Tippek"},"content":{"rendered":"<div class=\"wpb-content-wrapper\"><p>[vc_row][vc_column]<div class=\"bigdata-widget\" data-bigdata-widget=\"recommended_posts_widget\">\n\t\t\t<div class=\"m-cntTitle cntSubTitle -subTitle cf\">\n\t\t\t<div class=\"m-cntTitle__wrap\">\n\t\t\t\t\t\t\t\t\t\t\t\t\t<h1 class=\"m-cntTitle__title -largeTitle cntSubTitle__title\">Tippek<\/h1>\n\t\t\t\t\t\t\t\t\t\t\t<\/div>\n\t\t<\/div>\n\t\n\t<div class=\"m-postWidget post cf\">\n\t\t<div class=\"row\">\n\t\t\t\t\t\t\t\t\t\t\t\t\n<a href=\"https:\/\/www.startlap.hu\/utazas\/google-terkep-maps-elektromos-auto\/\" class=\"m-postWidget__item post__item col-md-4\">\n    <div class=\"m-postWidget__itemPctWrap post__pct\">\n        <img decoding=\"async\" class=\"m-postWidget__pct\" src=\"https:\/\/www.startlap.hu\/utazas\/uploads\/sites\/3\/2026\/04\/google-maps-3-350x285.jpg\">\n    <\/div>\n    <div class=\"m-postWidget__cntWrap post__cntWrap\">\n        <h3 class=\"m-postWidget__title post__title\">Rengeteg aut\u00f3s \u00f6r\u00fclhet: ilyen t\u00e9rk\u00e9p m\u00e9g nem volt - nagy...<\/h3>\n    <\/div>\n<\/a>\n\t\t\t\t\t\t\t\t\t\n<a href=\"https:\/\/www.startlap.hu\/utazas\/konnyu-tanosveny-tura-magyarorszag\/\" class=\"m-postWidget__item post__item col-md-4\">\n    <div class=\"m-postWidget__itemPctWrap post__pct\">\n        <img decoding=\"async\" class=\"m-postWidget__pct\" src=\"https:\/\/www.startlap.hu\/utazas\/uploads\/sites\/3\/2026\/04\/tura-fahid-350x285.jpg\">\n    <\/div>\n    <div class=\"m-postWidget__cntWrap post__cntWrap\">\n        <h3 class=\"m-postWidget__title post__title\">Top 10 k\u00f6nny\u0171 tan\u00f6sv\u00e9nyt\u00fara, amiket a nagymama is szeretni fog<\/h3>\n    <\/div>\n<\/a>\n\t\t\t\t\t\t\t\t\t\n<a href=\"https:\/\/www.startlap.hu\/utazas\/magyarorszag-instagram-spot-fotok-helyek\/\" class=\"m-postWidget__item post__item col-md-4\">\n    <div class=\"m-postWidget__itemPctWrap post__pct\">\n        <img decoding=\"async\" class=\"m-postWidget__pct\" src=\"https:\/\/www.startlap.hu\/utazas\/uploads\/sites\/3\/2026\/04\/dunakanyar-350x285.jpg\">\n    <\/div>\n    <div class=\"m-postWidget__cntWrap post__cntWrap\">\n        <h3 class=\"m-postWidget__title post__title\">Top 10 hely Magyarorsz\u00e1gon, ahol csod\u00e1s Instagram-k\u00e9peket l\u0151hetsz!<\/h3>\n    <\/div>\n<\/a>\n\t\t\t\t\t\t\t\t\t\n<a href=\"https:\/\/www.startlap.hu\/utazas\/poloska-ellenorzes-hotelszoba\/\" class=\"m-postWidget__item post__item col-md-4\">\n    <div class=\"m-postWidget__itemPctWrap post__pct\">\n        <img decoding=\"async\" class=\"m-postWidget__pct\" src=\"https:\/\/www.startlap.hu\/utazas\/uploads\/sites\/3\/2026\/04\/hotel-3-350x285.jpg\">\n    <\/div>\n    <div class=\"m-postWidget__cntWrap post__cntWrap\">\n        <h3 class=\"m-postWidget__title post__title\">Ezzel az \u00f6tperces tr\u00fckkel kider\u00edtheted, van-e poloska, a...<\/h3>\n    <\/div>\n<\/a>\n\t\t\t\t\t\t\t\t\t\n<a href=\"https:\/\/www.startlap.hu\/utazas\/bazsarozsa-mecsek-viragzas-tura\/\" class=\"m-postWidget__item post__item col-md-4\">\n    <div class=\"m-postWidget__itemPctWrap post__pct\">\n        <img decoding=\"async\" class=\"m-postWidget__pct\" src=\"https:\/\/www.startlap.hu\/utazas\/uploads\/sites\/3\/2026\/04\/20240402_153610-350x285.jpg\">\n    <\/div>\n    <div class=\"m-postWidget__cntWrap post__cntWrap\">\n        <h3 class=\"m-postWidget__title post__title\">A Mecsekben vir\u00e1gzik a vil\u00e1g legritk\u00e1bb bazsar\u00f3zs\u00e1ja - mutatjuk,...<\/h3>\n    <\/div>\n<\/a>\n\t\t\t\t\t\t\t\t\t\n<a href=\"https:\/\/www.startlap.hu\/utazas\/rovid-nyaralas-magyarorszag-arak\/\" class=\"m-postWidget__item post__item col-md-4\">\n    <div class=\"m-postWidget__itemPctWrap post__pct\">\n        <img decoding=\"async\" class=\"m-postWidget__pct\" src=\"https:\/\/www.startlap.hu\/utazas\/uploads\/sites\/3\/2026\/04\/balaton-5_11zon-350x285.jpg\">\n    <\/div>\n    <div class=\"m-postWidget__cntWrap post__cntWrap\">\n        <h3 class=\"m-postWidget__title post__title\">A szak\u00e9rt\u0151 el\u00e1rulta: \u00edgy j\u00f6het ki egy minivak\u00e1ci\u00f3 ak\u00e1r 40...<\/h3>\n    <\/div>\n<\/a>\n\t\t\t\t\t\t\t\t\t\n<a href=\"https:\/\/www.startlap.hu\/utazas\/szallodai-reggeli-elvitel-etterem-hotel\/\" class=\"m-postWidget__item post__item col-md-4\">\n    <div class=\"m-postWidget__itemPctWrap post__pct\">\n        <img decoding=\"async\" class=\"m-postWidget__pct\" src=\"https:\/\/www.startlap.hu\/utazas\/uploads\/sites\/3\/2026\/04\/apa-gyerekek-svedasztal-350x285.jpg\">\n    <\/div>\n    <div class=\"m-postWidget__cntWrap post__cntWrap\">\n        <h3 class=\"m-postWidget__title post__title\">Sz\u00e1llodai reggeli: vihetek el \u00e9telt az \u00e9tteremb\u0151l? Mutatjuk, mi a...<\/h3>\n    <\/div>\n<\/a>\n\t\t\t\t\t\t\t\t\t\n<a href=\"https:\/\/www.startlap.hu\/utazas\/tavaszi-kirandulas-varosok-hatar-kozeleben\/\" class=\"m-postWidget__item post__item col-md-4\">\n    <div class=\"m-postWidget__itemPctWrap post__pct\">\n        <img decoding=\"async\" class=\"m-postWidget__pct\" src=\"https:\/\/www.startlap.hu\/utazas\/uploads\/sites\/3\/2026\/04\/22_Ljubljana_folyopart-350x285.jpg\">\n    <\/div>\n    <div class=\"m-postWidget__cntWrap post__cntWrap\">\n        <h3 class=\"m-postWidget__title post__title\">4 csod\u00e1s v\u00e1ros p\u00e1r \u00f3r\u00e1ra a magyar hat\u00e1rt\u00f3l, amik tarolhatnak a...<\/h3>\n    <\/div>\n<\/a>\n\t\t\t\t\t\t\t\t\t\n<a href=\"https:\/\/www.startlap.hu\/utazas\/husvet-legjobb-programok-2026\/\" class=\"m-postWidget__item post__item col-md-4\">\n    <div class=\"m-postWidget__itemPctWrap post__pct\">\n        <img decoding=\"async\" class=\"m-postWidget__pct\" src=\"https:\/\/www.startlap.hu\/utazas\/uploads\/sites\/3\/2026\/04\/husvet-1-350x285.jpg\">\n    <\/div>\n    <div class=\"m-postWidget__cntWrap post__cntWrap\">\n        <h3 class=\"m-postWidget__title post__title\">H\u00fasv\u00e9t 2026: list\u00e1n a legjobb programok Budapesten \u00e9s...<\/h3>\n    <\/div>\n<\/a>\n\t\t\t\t\t\t\t\t\t<\/div>\n\t<\/div>\n\t\t\t<button class=\"a-btn load-more\" data-category=\"tippek\" data-post-limit=\"9\" data-current-page=\"1\" data-tag=\"\" data-author=\"\"\n\t\t>M\u00e9g t\u00f6bb cikk<\/button>\n\t\t<div class=\"loader\">\n\t\t<i class=\"fa fa-refresh fa-spin fa-3x fa-fw\"><\/i>\n\t<\/div>\n\t<\/div>\n[\/vc_column][\/vc_row][vc_row][vc_column]<\/p>\n<p>[vc_column_text][\/vc_column_text]<\/p>\n<p>[\/vc_column][\/vc_row]<\/p>\n<\/div>","protected":false},"excerpt":{"rendered":"<p>[vc_row][vc_column][\/vc_column][\/vc_row][vc_row][vc_column] [vc_column_text][\/vc_column_text] [\/vc_column][\/vc_row]<\/p>\n","protected":false},"author":15,"featured_media":0,"parent":0,"menu_order":0,"comment_status":"closed","ping_status":"closed","template":"","meta":{"footnotes":""},"class_list":["post-29","page","type-page","status-publish","hentry"],"aioseo_notices":[],"_links":{"self":[{"href":"https:\/\/www.startlap.hu\/utazas\/wp-json\/wp\/v2\/pages\/29","targetHints":{"allow":["GET"]}}],"collection":[{"href":"https:\/\/www.startlap.hu\/utazas\/wp-json\/wp\/v2\/pages"}],"about":[{"href":"https:\/\/www.startlap.hu\/utazas\/wp-json\/wp\/v2\/types\/page"}],"author":[{"embeddable":true,"href":"https:\/\/www.startlap.hu\/utazas\/wp-json\/wp\/v2\/users\/15"}],"replies":[{"embeddable":true,"href":"https:\/\/www.startlap.hu\/utazas\/wp-json\/wp\/v2\/comments?post=29"}],"version-history":[{"count":5,"href":"https:\/\/www.startlap.hu\/utazas\/wp-json\/wp\/v2\/pages\/29\/revisions"}],"predecessor-version":[{"id":18473,"href":"https:\/\/www.startlap.hu\/utazas\/wp-json\/wp\/v2\/pages\/29\/revisions\/18473"}],"wp:attachment":[{"href":"https:\/\/www.startlap.hu\/utazas\/wp-json\/wp\/v2\/media?parent=29"}],"curies":[{"name":"wp","href":"https:\/\/api.w.org\/{rel}","templated":true}]}}