{"id":2,"date":"2019-06-19T13:18:21","date_gmt":"2019-06-19T11:18:21","guid":{"rendered":"https:\/\/www.startlap.hu\/utazas\/startlap\/"},"modified":"2019-07-09T10:33:20","modified_gmt":"2019-07-09T08:33:20","slug":"startlap","status":"publish","type":"page","link":"https:\/\/www.startlap.hu\/utazas\/startlap\/","title":{"rendered":"Startlap rovat"},"content":{"rendered":"<div class=\"wpb-content-wrapper\"><p>[vc_row][vc_column]<div class=\"bigdata-widget\" data-bigdata-widget=\"bestof_panel_widget\">\n    <div class=\"m-bestOfWidget bestOf cf\">\n        <div class=\"row\">\n            <div class=\"m-bestOfWidget__wrap col-lg-8 bestOf__wrap\">\n                <div class=\"row\">\n                                            <a class=\"m-bestOfWidget__link\" href=\"\">\n                            <div class=\"m-bestOfWidget__item col-sm-12 bestOf__item -singleArticle -borderRight\" style=\"background-image: url('');\">\n                                <div class=\"m-bestOfWidget__cntWrap bestOf__cntWrap\">\n                                    <h2 class=\"m-bestOfWidget__title bestOf__title -largeTitle\">\n                                                                            <\/h2>\n                                    <p class=\"m-bestOfWidget__lead bestOf__lead -largeLead\">\n                                        <span class=\"m-bestOfWidget__leadTxt bestOf__link\">\n                                                                                    <\/span>\n                                    <\/p>\n                                <\/div>\n                            <\/div>\n                        <\/a>\n                                    <\/div>\n            <\/div>\n            <div class=\"m-bestOfWidget__wrap col-lg-4 bestOf__wrap\">\n                <div class=\"row\">\n                                                        <\/div>\n            <\/div>\n        <\/div>\n    <\/div>\n<\/div>\n[\/vc_column][\/vc_row][vc_row][vc_column]<div class=\"bigdata-widget\" data-bigdata-widget=\"recommended_posts_widget\">\n\t\t\t<div class=\"m-cntTitle cntTitle -withWaterMark cf\">\n\t\t\t\t\t\t\t<div class=\"m-cntTitle__wrap\">\n\t\t\t\t\t\t\t\t\t\t\t\t\t\t<h2 class=\"m-cntTitle__title -largeTitle cntTitle__title\">\u00datic\u00e9l<\/h2>\n\t\t\t\t\t\t\t\t\t\t\t\t\t\t\t\t\t<\/div>\n\t\t\t\t\t\t\t\t<\/div>\n\t\n\t<div class=\"m-postWidget post cf\">\n\t\t<div class=\"row\">\n\t\t\t\t\t\t\t\t\t\t\t\t\n<a href=\"https:\/\/www.startlap.hu\/utazas\/mallorca-strand-eltunik\/\" class=\"m-postWidget__item post__item col-md-4\">\n    <div class=\"m-postWidget__itemPctWrap post__pct\">\n        <img decoding=\"async\" class=\"m-postWidget__pct\" src=\"https:\/\/www.startlap.hu\/utazas\/uploads\/sites\/3\/2026\/05\/calo2-350x285.jpg\">\n    <\/div>\n    <div class=\"m-postWidget__cntWrap post__cntWrap\">\n        <h3 class=\"m-postWidget__title post__title\">Elt\u0171nhet a vil\u00e1g egyik legn\u00e9pszer\u0171bb strandja - k\u00e9peken a p\u00e1r...<\/h3>\n    <\/div>\n<\/a>\n\t\t\t\t\t\t\t\t\t\n<a href=\"https:\/\/www.startlap.hu\/utazas\/margitsziget-szinhaz-2026-evad-nyari-program\/\" class=\"m-postWidget__item post__item col-md-4\">\n    <div class=\"m-postWidget__itemPctWrap post__pct\">\n        <img decoding=\"async\" class=\"m-postWidget__pct\" src=\"https:\/\/www.startlap.hu\/utazas\/uploads\/sites\/3\/2026\/05\/margitsziget-szabadteri-szinhaz2-350x285.jpg\">\n    <\/div>\n    <div class=\"m-postWidget__cntWrap post__cntWrap\">\n        <h3 class=\"m-postWidget__title post__title\">Nyit a Margitszigeti Sz\u00ednh\u00e1z: itt a teljes ny\u00e1ri program 2026-ban<\/h3>\n    <\/div>\n<\/a>\n\t\t\t\t\t\t\t\t\t\n<a href=\"https:\/\/www.startlap.hu\/utazas\/nemzetkozi-vasut-jegyfoglalas-europai-unio\/\" class=\"m-postWidget__item post__item col-md-4\">\n    <div class=\"m-postWidget__itemPctWrap post__pct\">\n        <img decoding=\"async\" class=\"m-postWidget__pct\" src=\"https:\/\/www.startlap.hu\/utazas\/uploads\/sites\/3\/2026\/05\/kisfiu_vonat_-350x285.jpg\">\n    <\/div>\n    <div class=\"m-postWidget__cntWrap post__cntWrap\">\n        <h3 class=\"m-postWidget__title post__title\">V\u00e9get \u00e9rhet: az ideges\u00edt\u0151 vas\u00fati jegyfoglal\u00e1s helyett \u00faj...<\/h3>\n    <\/div>\n<\/a>\n\t\t\t\t\t\t\t\t\t<\/div>\n\t<\/div>\n\t<\/div>\n[\/vc_column][\/vc_row]<\/p>\n<\/div>","protected":false},"excerpt":{"rendered":"<p>[vc_row][vc_column][\/vc_column][\/vc_row][vc_row][vc_column][\/vc_column][\/vc_row]<\/p>\n","protected":false},"author":26,"featured_media":0,"parent":0,"menu_order":0,"comment_status":"closed","ping_status":"closed","template":"","meta":{"footnotes":""},"class_list":["post-2","page","type-page","status-publish","hentry"],"aioseo_notices":[],"_links":{"self":[{"href":"https:\/\/www.startlap.hu\/utazas\/wp-json\/wp\/v2\/pages\/2","targetHints":{"allow":["GET"]}}],"collection":[{"href":"https:\/\/www.startlap.hu\/utazas\/wp-json\/wp\/v2\/pages"}],"about":[{"href":"https:\/\/www.startlap.hu\/utazas\/wp-json\/wp\/v2\/types\/page"}],"author":[{"embeddable":true,"href":"https:\/\/www.startlap.hu\/utazas\/wp-json\/wp\/v2\/users\/26"}],"replies":[{"embeddable":true,"href":"https:\/\/www.startlap.hu\/utazas\/wp-json\/wp\/v2\/comments?post=2"}],"version-history":[{"count":1,"href":"https:\/\/www.startlap.hu\/utazas\/wp-json\/wp\/v2\/pages\/2\/revisions"}],"predecessor-version":[{"id":5,"href":"https:\/\/www.startlap.hu\/utazas\/wp-json\/wp\/v2\/pages\/2\/revisions\/5"}],"wp:attachment":[{"href":"https:\/\/www.startlap.hu\/utazas\/wp-json\/wp\/v2\/media?parent=2"}],"curies":[{"name":"wp","href":"https:\/\/api.w.org\/{rel}","templated":true}]}}