{"id":15,"date":"2019-07-09T11:09:43","date_gmt":"2019-07-09T09:09:43","guid":{"rendered":"https:\/\/www.startlap.hu\/utazas\/?page_id=15"},"modified":"2020-01-09T11:20:09","modified_gmt":"2020-01-09T10:20:09","slug":"adatvedelem","status":"publish","type":"page","link":"https:\/\/www.startlap.hu\/utazas\/adatvedelem\/","title":{"rendered":"Adatv\u00e9delem"},"content":{"rendered":"<div class=\"wpb-content-wrapper\"><p>[vc_row][vc_column width=&#8221;2\/3&#8243;]<\/p>\n<p>&nbsp;<\/p>\n<p>[vc_column_text]<\/p>\n<h1><strong>Startlap Utaz\u00e1s &#8211; Egyedi Adatkezel\u00e9si T\u00e1j\u00e9koztat\u00f3<\/strong><\/h1>\n<p><strong>&nbsp;<\/strong><\/p>\n<div class=\"body\">\n<p>Az \u00c1ltal\u00e1nos Adatkezel\u00e9si T\u00e1j\u00e9koztat\u00f3 sz\u00f6vege a GDPR \u00e9letbe l\u00e9p\u00e9se \u00f3ta kialakult joggyakorlatra, szolg\u00e1ltat\u00e1saink fejl\u0151d\u00e9s\u00e9re \u00e9s az adatkezel\u0151i jogut\u00f3dl\u00e1sra tekintettel 2020. janu\u00e1r 2. napj\u00e1val friss\u00fclt. Az egyes szolg\u00e1ltat\u00e1sainkkal kapcsolatos adatkezel\u00e9si tudnival\u00f3kat tov\u00e1bbra is az adott weboldalon el\u00e9rhet\u0151 Egyedi Adatkezel\u00e9si T\u00e1j\u00e9koztat\u00f3 r\u00e9szletezi, amely szint\u00e9n friss\u00fclt. \u00c9rdemben adatkezel\u00e9si gyakorlatunk nem v\u00e1ltozott, csup\u00e1n a t\u00e1j\u00e9koztat\u00e1st igyekezt\u00fcnk \u00e9rthet\u0151bb\u00e9 \u00e9s pontosabb\u00e1 tenni. Amennyiben adatai kezel\u00e9se a szolg\u00e1ltat\u00e1sunk fejleszt\u00e9se nyom\u00e1n \u00e9rdemben is megv\u00e1ltozik, ahhoz kifejezett, t\u00e1j\u00e9kozott hozz\u00e1j\u00e1rul\u00e1s\u00e1t k\u00e9rj\u00fck minden esetben.<\/p>\n<p>&nbsp;<\/p>\n<p>A 2020. 01. 09-t\u0151l hat\u00e1lyos adatkezel\u00e9si t\u00e1j\u00e9koztat\u00f3&nbsp;<a href=\"https:\/\/www.startlap.hu\/utazas\/uploads\/sites\/3\/2020\/01\/startlap_utazas_EAT_20200109.pdf\" target=\"_blank\" rel=\"noopener\">itt \u00e9rhet\u0151 el<\/a>.<\/p>\n<p>A 2020. 01. 08-ig hat\u00e1lyos adatkezel\u00e9si t\u00e1j\u00e9koztat\u00f3&nbsp;<a href=\"https:\/\/www.startlap.hu\/utazas\/uploads\/sites\/3\/2020\/01\/startlap-utazas_EAT_2018.pdf\" target=\"_blank\" rel=\"noopener\">itt \u00e9rhet\u0151 el<\/a>.<\/p>\n<\/div>\n<p>&nbsp;<\/p>\n<p>[\/vc_column_text]<\/p>\n<p>&nbsp;<\/p>\n<p>[\/vc_column][\/vc_row]<\/p>\n<\/div>","protected":false},"excerpt":{"rendered":"<p>[vc_row][vc_column width=&#8221;2\/3&#8243;] &nbsp; [vc_column_text] Startlap Utaz\u00e1s &#8211; Egyedi Adatkezel\u00e9si T\u00e1j\u00e9koztat\u00f3 &nbsp; Az \u00c1ltal\u00e1nos Adatkezel\u00e9si T\u00e1j\u00e9koztat\u00f3 sz\u00f6vege a GDPR \u00e9letbe l\u00e9p\u00e9se \u00f3ta kialakult joggyakorlatra, szolg\u00e1ltat\u00e1saink fejl\u0151d\u00e9s\u00e9re \u00e9s az adatkezel\u0151i jogut\u00f3dl\u00e1sra tekintettel 2020. janu\u00e1r 2. napj\u00e1val friss\u00fclt. Az egyes szolg\u00e1ltat\u00e1sainkkal kapcsolatos adatkezel\u00e9si tudnival\u00f3kat tov\u00e1bbra is az adott weboldalon el\u00e9rhet\u0151 Egyedi Adatkezel\u00e9si T\u00e1j\u00e9koztat\u00f3 r\u00e9szletezi, amely szint\u00e9n friss\u00fclt. \u00c9rdemben [&hellip;]<\/p>\n","protected":false},"author":15,"featured_media":0,"parent":0,"menu_order":0,"comment_status":"closed","ping_status":"closed","template":"","meta":{"footnotes":""},"class_list":["post-15","page","type-page","status-publish","hentry"],"aioseo_notices":[],"_links":{"self":[{"href":"https:\/\/www.startlap.hu\/utazas\/wp-json\/wp\/v2\/pages\/15","targetHints":{"allow":["GET"]}}],"collection":[{"href":"https:\/\/www.startlap.hu\/utazas\/wp-json\/wp\/v2\/pages"}],"about":[{"href":"https:\/\/www.startlap.hu\/utazas\/wp-json\/wp\/v2\/types\/page"}],"author":[{"embeddable":true,"href":"https:\/\/www.startlap.hu\/utazas\/wp-json\/wp\/v2\/users\/15"}],"replies":[{"embeddable":true,"href":"https:\/\/www.startlap.hu\/utazas\/wp-json\/wp\/v2\/comments?post=15"}],"version-history":[{"count":21,"href":"https:\/\/www.startlap.hu\/utazas\/wp-json\/wp\/v2\/pages\/15\/revisions"}],"predecessor-version":[{"id":52912,"href":"https:\/\/www.startlap.hu\/utazas\/wp-json\/wp\/v2\/pages\/15\/revisions\/52912"}],"wp:attachment":[{"href":"https:\/\/www.startlap.hu\/utazas\/wp-json\/wp\/v2\/media?parent=15"}],"curies":[{"name":"wp","href":"https:\/\/api.w.org\/{rel}","templated":true}]}}