{"id":12,"date":"2019-07-09T11:06:59","date_gmt":"2019-07-09T09:06:59","guid":{"rendered":"https:\/\/www.startlap.hu\/utazas\/?page_id=12"},"modified":"2020-01-07T11:33:10","modified_gmt":"2020-01-07T10:33:10","slug":"felhasznalasi-feltetelek","status":"publish","type":"page","link":"https:\/\/www.startlap.hu\/utazas\/felhasznalasi-feltetelek\/","title":{"rendered":"Felhaszn\u00e1l\u00e1si felt\u00e9telek"},"content":{"rendered":"<div class=\"wpb-content-wrapper\"><p>[vc_row][vc_column width=&#8221;2\/3&#8243;]<\/p>\n<p>&nbsp;<\/p>\n<p>[vc_column_text]&nbsp;<\/p>\n<h1>Startlap Utaz\u00e1s &#8211; Felhaszn\u00e1l\u00e1si Felt\u00e9telek<\/h1>\n<p>&nbsp;<\/p>\n<p><strong>I. A felhaszn\u00e1l\u00e1si felt\u00e9telek tartalma<\/strong><\/p>\n<ol>\n<li>A jelen felhaszn\u00e1l\u00e1si felt\u00e9telek (<strong>Szab\u00e1lyzat<\/strong>) a Central M\u00e9diacsoport Zrt. (1037 Budapest, Montevideo u. 9.; a tov\u00e1bbiakban: <strong>Szolg\u00e1ltat\u00f3<\/strong>) \u00e1ltal \u00fczemeltetett Startlap Utaz\u00e1s (<a href=\"https:\/\/www.startlap.hu\/utazas\/\">https:\/\/www.startlap.hu\/utazas\/<\/a> oldalain el\u00e9rhet\u0151) inform\u00e1ci\u00f3s t\u00e1rsadalommal \u00f6sszef\u00fcgg\u0151 szolg\u00e1ltat\u00e1sok (<strong>Szolg\u00e1ltat\u00e1s<\/strong>, <strong>Weboldal<\/strong>) ig\u00e9nybev\u00e9tel\u00e9nek felt\u00e9teleit tartalmazza.<\/li>\n<li>Felhaszn\u00e1l\u00f3nak min\u0151s\u00fcl a Weblap l\u00e1togat\u00f3ja, illet\u0151leg mindenki, aki a Weboldal b\u00e1rmely szolg\u00e1ltat\u00e1s\u00e1t ig\u00e9nybe veszi. Amennyiben a Felhaszn\u00e1l\u00f3 a Szolg\u00e1ltat\u00e1s b\u00e1rmely elem\u00e9nek haszn\u00e1lat\u00e1t megkezdi, elfogadja a jelen Szab\u00e1lyzat felt\u00e9teleit.<\/li>\n<li>A Szolg\u00e1ltat\u00f3 b\u00e1rmikor jogosult a Szab\u00e1lyzat m\u00f3dos\u00edt\u00e1s\u00e1ra. A m\u00f3dos\u00edt\u00e1sr\u00f3l r\u00f6vid felh\u00edv\u00e1s form\u00e1j\u00e1ban a nyit\u00f3 oldalon t\u00e1j\u00e9koztatja a Felhaszn\u00e1l\u00f3kat. A m\u00f3dos\u00edt\u00e1st k\u00f6vet\u0151en b\u00e1rmely Szolg\u00e1ltat\u00e1s haszn\u00e1lat\u00e1val a Felhaszn\u00e1l\u00f3 elfogadja a Szab\u00e1lyzat m\u00f3dos\u00edt\u00e1s\u00e1t. Weboldal \u00e9s szolg\u00e1ltat\u00e1sai m\u0171k\u00f6d\u00e9s\u00e9vel kapcsolatos valamennyi t\u00e1j\u00e9koztat\u00e1s, valamint a jelen Szab\u00e1lyzatb\u00f3l linkelhet\u0151 egy\u00e9b dokumentumok (pl.: <u><a href=\"https:\/\/centralmediacsoport.hu\/company\/adatkezelesi-tajekoztato\/\" target=\"_blank\" target=\"_blank\">Adatkezel\u00e9si t\u00e1j\u00e9koztat\u00f3<\/a><\/u>) a Szab\u00e1lyzat r\u00e9sz\u00e9t k\u00e9pezik \u00e9s k\u00f6telez\u0151ek minden Felhaszn\u00e1l\u00f3ra.<\/li>\n<li>B\u00e1rmely, az Startlap Utaz\u00e1st\u00f3l k\u00fcl\u00f6nb\u00f6z\u0151 weboldal (Facebook.com, Google.com, stb.), a Weblaphoz kapcsol\u00f3d\u00f3 szolg\u00e1ltat\u00e1s\u00e1ra az adott weboldal keret\u00e9n bel\u00fcl k\u00f6zz\u00e9tett szab\u00e1lyzatok \u00e9s felt\u00e9telek (is) vonatkoznak.<\/li>\n<\/ol>\n<p>&nbsp;<\/p>\n<p><strong>II. A Szolg\u00e1ltat\u00e1s legfontosabb jellemz\u0151i \u00e9s elemei<\/strong><\/p>\n<ol>\n<li>A Szolg\u00e1ltat\u00e1s c\u00e9lja a felhaszn\u00e1l\u00f3k t\u00e1j\u00e9koztat\u00e1sa a teljess\u00e9g ig\u00e9nye n\u00e9lk\u00fcl \u00e9s szubjekt\u00edven, de a lehet\u0151 legsz\u00e9lesebb k\u00f6rben olyan t\u00e9mak\u00f6r\u00f6kben, amelyek ir\u00e1nt a felhaszn\u00e1l\u00f3k fokozott \u00e9rdekl\u0151d\u00e9st mutatnak.<\/li>\n<li>A Szolg\u00e1ltat\u00e1s l\u00e9nyege a Szolg\u00e1ltat\u00f3 vagy a szolg\u00e1ltat\u00f3 \u00e1ltal megjel\u00f6lt harmadik szem\u00e9lyek szerz\u0151i jogi v\u00e9delm\u00e9t \u00e9lvez\u0151 tartalom hozz\u00e1f\u00e9rhet\u0151v\u00e9 vagy el\u00e9rhet\u0151v\u00e9 t\u00e9tele; szubjekt\u00edven kiv\u00e1lasztott m\u00e1s tartalomszolg\u00e1ltat\u00f3k \u00e1ltal k\u00f6zz\u00e9tett anyagok k\u00f6zvetlen (deep) linkek \u00fatj\u00e1n t\u00f6rt\u00e9n\u0151 el\u00e9rhet\u0151s\u00e9g\u00e9nek a Szolg\u00e1ltat\u00f3 \u00e1ltal t\u00f6rt\u00e9n\u0151 biztos\u00edt\u00e1sa.<\/li>\n<li>Szolg\u00e1ltat\u00f3 fenntartja a jogot, hogy az Weboldalt vagy b\u00e1rmely tartalmi elem\u00e9t b\u00e1rmikor el\u0151zetes figyelmeztet\u00e9s n\u00e9lk\u00fcl m\u00f3dos\u00edtsa vagy megsz\u00fcntesse, azok megjelen\u00e9s\u00e9t, tartalm\u00e1t, m\u0171k\u00f6d\u00e9s\u00e9t megv\u00e1ltoztassa, azon hirdet\u00e9st, saj\u00e1t szolg\u00e1ltat\u00e1sait bemutat\u00f3 vagy egy\u00e9b tartalmat helyezzen el. A Weboldalon (x) jellel megjel\u00f6lt tartalmak hirdet\u00e9snek min\u0151s\u00fclnek. Szolg\u00e1ltat\u00f3 kijelenti, hogy a Weboldalon saj\u00e1t tartalomk\u00e9nt k\u00f6zz\u00e9tett \u00edr\u00e1sokban tal\u00e1lhat\u00f3 hiperhivatkoz\u00e1sok (Linkek) kiz\u00e1r\u00f3lag a Felhaszn\u00e1l\u00f3k sz\u00e9lesk\u00f6r\u0171 t\u00e1j\u00e9koztat\u00e1s\u00e1t szolg\u00e1lj\u00e1k, \u00e9s nem min\u0151s\u00fclnek hirdet\u00e9snek.<\/li>\n<\/ol>\n<p>&nbsp;<\/p>\n<p><strong>III. A Szolg\u00e1ltat\u00e1s f\u0151bb jellemz\u0151i<\/strong><\/p>\n<ol>\n<li>A Szolg\u00e1ltat\u00e1s regisztr\u00e1ci\u00f3 n\u00e9lk\u00fcl vehet\u0151 ig\u00e9nybe.<\/li>\n<\/ol>\n<ol start=\"2\">\n<li>H\u00edrlev\u00e9l<br \/>\nA Felhaszn\u00e1l\u00f3 feliratkozhat H\u00edrlev\u00e9l fogad\u00e1s\u00e1ra. A H\u00edrlev\u00e9l minden esetben rekl\u00e1mot is tartalmaz. A feliratkoz\u00e1s a Felhaszn\u00e1l\u00f3 val\u00f3s adatait tartalmaz\u00f3 \u0171rlap hi\u00e1nytalan kit\u00f6lt\u00e9s\u00e9vel indul (n\u00e9v, e-mail c\u00edm megad\u00e1sa). A Szolg\u00e1ltat\u00f3 a feliratkoz\u00e1skor megadott e-mail c\u00edmre \u00e9rtes\u00edt\u0151 levelet k\u00fcld a feliratkoz\u00e1s t\u00e9ny\u00e9r\u0151l. A H\u00edrlev\u00e9lre t\u00f6rt\u00e9n\u0151 feliratkoz\u00e1ssal Felhaszn\u00e1l\u00f3 egyidej\u0171leg beleegyezik, hogy Szolg\u00e1ltat\u00f3 k\u00f6zvetlen \u00fczletszerz\u00e9si c\u00e9llal megkeresse az \u00e1ltala megadott el\u00e9rhet\u0151s\u00e9gein saj\u00e1t vagy \u00fczleti partnerei aj\u00e1nlat\u00e1val.<\/li>\n<\/ol>\n<ol>\n<li>A Weboldalon rendszeresen k\u00f6zz\u00e9t\u00e9telre ker\u00fclnek lehets\u00e9ges \u00fatic\u00e9lokat, term\u00e9keket \u00e9s szolg\u00e1ltat\u00e1sokat bemutat\u00f3, \u00f6sszehasonl\u00edt\u00f3, \u00e9rt\u00e9kel\u0151 \u00e9s tesztel\u0151, a c\u00e9lk\u00f6z\u00f6ns\u00e9g ig\u00e9nyeire figyelemmel meg\u00fajul\u00f3, h\u00edr\u00e9rt\u00e9k\u0171 tartalmak \u00e9s \u00e1lland\u00f3 rovatok (pl. term\u00e9k-bemutat\u00e1sok \u00e9s -\u00f6sszehasonl\u00edt\u00e1sok; k\u00f6nyv, kultur\u00e1lis esem\u00e9ny, rendezv\u00e9ny, program aj\u00e1nl\u00f3ja; \u00fatle\u00edr\u00e1sok; tesztek; mozg\u00f3k\u00e9pek stb.) (a tov\u00e1bbiakban egy\u00fctt: Szolg\u00e1ltat\u00f3i tartalom). A Szolg\u00e1ltat\u00f3i tartalmak minden esetben a szerz\u0151 szubjekt\u00edv, \u00f6n\u00e1ll\u00f3 v\u00e9lem\u00e9ny\u00e9t t\u00fckr\u00f6zik, illetve a term\u00e9k jelleg\u00e9hez igazod\u00f3an a term\u00e9kkel, szolg\u00e1ltat\u00e1ssal kapcsolatos, k\u00f6r\u00fcltekint\u0151en v\u00e1logatott, t\u00e9nyszer\u0171, relev\u00e1ns adatokat, inform\u00e1ci\u00f3kat tartalmazz\u00e1k k\u00f6zvetlen\u00fcl vagy k\u00f6zvetve (linkek \u00fatj\u00e1n), a c\u00e9lk\u00f6z\u00f6ns\u00e9g ismert elv\u00e1r\u00e1sainak \u00e9s t\u00e1j\u00e9koz\u00f3d\u00e1si sz\u00e1nd\u00e9k\u00e1nak figyelembev\u00e9tel\u00e9vel, a Weboldal, illetve a Szolg\u00e1ltat\u00f3i tartalom megjelen\u00e9si hely\u00e9nek jellege, tematik\u00e1ja szerint. A Szolg\u00e1ltat\u00f3i tartalmak k\u00f6zz\u00e9t\u00e9tel\u00e9vel Szolg\u00e1ltat\u00f3 a Felhaszn\u00e1l\u00f3k hiteles, f\u00fcggetlen, gyors, pontos \u00e9s sz\u00e9lesk\u00f6r\u0171 t\u00e1j\u00e9koztat\u00e1s\u00e1t k\u00edv\u00e1nja szolg\u00e1lni, a sajt\u00f3ra vonatkoz\u00f3 jogszab\u00e1lyban el\u0151\u00edrt t\u00e1j\u00e9koztat\u00e1si k\u00f6telezetts\u00e9g\u00e9nek megfelel\u0151en. <strong><u>A Szolg\u00e1ltat\u00f3 tev\u00e9kenys\u00e9ge semmilyen k\u00f6r\u00fclm\u00e9nyek k\u00f6z\u00f6tt nem min\u0151s\u00fcl <\/u><\/strong><strong><u>utaz\u00e1sszervez\u0151i vagy utaz\u00e1sk\u00f6zvet\u00edt\u0151i tev\u00e9kenys\u00e9gnek.<\/u><\/strong><\/li>\n<\/ol>\n<p>&nbsp;<\/p>\n<p><strong>IV. A Szolg\u00e1ltat\u00e1s haszn\u00e1lata sor\u00e1n lehets\u00e9ges jogs\u00e9rt\u00e9sek \u00e9s k\u00f6vetkezm\u00e9nyeik<\/strong><\/p>\n<ol>\n<li>Tilos b\u00e1rmilyen olyan rendszer vagy megold\u00e1s haszn\u00e1lata, amely a Szolg\u00e1ltat\u00e1s jelen Szab\u00e1lyzatban kifejezetten nem enged\u00e9lyezett m\u00f3don t\u00f6rt\u00e9n\u0151 felhaszn\u00e1l\u00e1s\u00e1t, vagy a Szolg\u00e1ltat\u00e1s \u00fczemeltet\u00e9s\u00e9hez haszn\u00e1lt szerverek le\u00e1ll\u00e1s\u00e1t c\u00e9lozza, teszi lehet\u0151v\u00e9 vagy azt eredm\u00e9nyezheti, vagy amely egy\u00e9bk\u00e9nt vesz\u00e9lyezteti a Szolg\u00e1ltat\u00e1s rendeltet\u00e9sszer\u0171 m\u0171k\u00f6dtet\u00e9s\u00e9t.<\/li>\n<li>A Szolg\u00e1ltat\u00e1s, valamint a Weboldalon el\u00e9rhet\u0151 tartalom szerz\u0151i jogi v\u00e9delem alatt \u00e1ll. A szerz\u0151i jogok \u00f6sszess\u00e9ge \u00e9s az adatb\u00e1zis el\u0151\u00e1ll\u00edt\u00f3j\u00e1nak v\u00e9delm\u00e9t szolg\u00e1l\u00f3 jogok a Szolg\u00e1ltat\u00f3t illetik meg, \u00e9s a Szolg\u00e1ltat\u00e1s rendeltet\u00e9sszer\u0171 haszn\u00e1lat\u00e1val velej\u00e1r\u00f3 olvas\u00e1son, k\u00e9perny\u0151n t\u00f6rt\u00e9n\u0151 megjelen\u00edt\u00e9sen \u00e9s az ehhez sz\u00fcks\u00e9ges ideiglenes t\u00f6bbsz\u00f6r\u00f6z\u00e9sen, tov\u00e1bb\u00e1 a szem\u00e9lyes, nem-kereskedelmi c\u00e9lb\u00f3l t\u00f6rt\u00e9n\u0151 merevlemezre t\u00f6rt\u00e9n\u0151 lement\u00e9sen \u00e9s kinyomtat\u00e1son t\u00fal semmilyen egy\u00e9b form\u00e1ban nem haszn\u00e1lhat\u00f3 fel vagy hasznos\u00edthat\u00f3 a Szolg\u00e1ltat\u00f3 el\u0151zetes \u00edr\u00e1sbeli enged\u00e9ly\u00e9nek hi\u00e1ny\u00e1ban.<\/li>\n<li>Amennyiben \u00d6n a saj\u00e1t weboldal\u00e1n a Weboldalra (vagy b\u00e1rmelyik elem\u00e9re) mutat\u00f3 linket, vagyis hiperhivatkoz\u00e1st (Link) k\u00edv\u00e1n elhelyezni, azt kiz\u00e1r\u00f3lag a k\u00f6vetkez\u0151 m\u00f3don teheti meg:<br \/>\n\u201eForr\u00e1s: Startlap Utaz\u00e1s &#8211; <u><a href=\"http:\/\/www.startlap.hu\/utazas\">www.startlap.hu\/utazas<\/a><\/u> <a href=\"http:\/\/www.nlcafe.hu\/gasztro\/20080623\/3_tuti_bogres_recpet-tipp\/\" target=\"_blank\">aloldal k\u00f6zvetlen (deep) linkje<\/a>\u201d<\/li>\n<li>A Szolg\u00e1ltat\u00e1s kiz\u00e1r\u00f3lag a hat\u00e1lyos jogszab\u00e1lyok keretei k\u00f6z\u00f6tt, harmadik szem\u00e9lyek \u00e9s a Szolg\u00e1ltat\u00f3 jogainak s\u00e9relme n\u00e9lk\u00fcl, illetve a jelen Szab\u00e1lyzat betart\u00e1sa mellett haszn\u00e1lhat\u00f3. Amennyiben valamely Felhaszn\u00e1l\u00f3 a jelen Szab\u00e1lyzat rendelkez\u00e9seibe vagy jogszab\u00e1lyba \u00fctk\u00f6z\u0151en, vagy egy\u00e9bk\u00e9nt vissza\u00e9l\u00e9sszer\u0171en haszn\u00e1lja a Szolg\u00e1ltat\u00e1st, a Szolg\u00e1ltat\u00f3 jogosult megtenni a sz\u00fcks\u00e9ges jogi l\u00e9p\u00e9seket annak \u00e9rdek\u00e9ben, hogy Felhaszn\u00e1l\u00f3 felel\u0151ss\u00e9gre von\u00e1sa megt\u00f6rt\u00e9njen. Ez az int\u00e9zked\u00e9s a Felhaszn\u00e1l\u00f3val szemben m\u00e1s adataival t\u00f6rt\u00e9n\u0151 vissza\u00e9l\u00e9s eset\u00e9n is alkalmazhat\u00f3ak.<\/li>\n<\/ol>\n<p>&nbsp;<\/p>\n<p><strong>V. Felel\u0151ss\u00e9g<\/strong><\/p>\n<ol>\n<li>Mivel az Szolg\u00e1ltat\u00f3 a Szolg\u00e1ltat\u00e1st adott \u00e1llapotban ny\u00fajtja (\u201eAS IS\u201d), a Szolg\u00e1ltat\u00e1s &#8211; ide\u00e9rtve a Szolg\u00e1ltat\u00e1s \u00fczemeltet\u00e9se sor\u00e1n haszn\u00e1lt szoftvert, illetve a Szolg\u00e1ltat\u00e1s keret\u00e9ben el\u00e9rhet\u0151 valamennyi tartalmat is &#8211; pontoss\u00e1g\u00e1\u00e9rt, megb\u00edzhat\u00f3s\u00e1g\u00e1\u00e9rt, hibamentes m\u0171k\u00f6d\u00e9s\u00e9\u00e9rt, teljess\u00e9g\u00e9\u00e9rt, adott c\u00e9lra val\u00f3 alkalmass\u00e1g\u00e1\u00e9rt a Szolg\u00e1ltat\u00f3 semmilyen felel\u0151ss\u00e9get nem v\u00e1llal. A Szolg\u00e1ltat\u00f3 nem felel tov\u00e1bb\u00e1 a rajta k\u00edv\u00fcl \u00e1ll\u00f3 okkal \u00f6sszef\u00fcgg\u00e9sben keletkezett hib\u00e1k\u00e9rt \u00e9s ezek k\u00f6vetkezm\u00e9nyei\u00e9rt, ilyen lehet p\u00e9ld\u00e1ul az Internetes h\u00e1l\u00f3zatban keletkezett technikai meghib\u00e1sod\u00e1s vagy kimarad\u00e1s, b\u00e1rmilyen eredet\u0171 technikai le\u00e1ll\u00e1s, sz\u00fcnet, m\u00e1sok \u00e1ltal elhelyezett rombol\u00f3 alkalmaz\u00e1sok vagy programok (p\u00e9ld\u00e1ul: v\u00edrusok, f\u00e9rgek, makr\u00f3k vagy hacker tev\u00e9kenys\u00e9gek).<\/li>\n<li>A h\u00edrlev\u00e9l feliratkoz\u00e1s sor\u00e1n t\u00f6rt\u00e9n\u0151 adatk\u00f6zl\u00e9s hi\u00e1nyoss\u00e1gai\u00e9rt, illetve a hib\u00e1san megadott adatokb\u00f3l ad\u00f3d\u00f3 b\u00e1rmilyen k\u00f6vetkezm\u00e9ny\u00e9rt a Szolg\u00e1ltat\u00f3 felel\u0151ss\u00e9get nem v\u00e1llal.<\/li>\n<li>A Weboldal harmadik szem\u00e9lyek \u00e1ltal \u00fczemeltetett weboldalakra mutat\u00f3 linkeket is tartalmaz. Amennyiben az \u00dczemeltet\u0151 tudom\u00e1st szerez arr\u00f3l, hogy az \u00e1ltala linkelt oldal vagy a linkel\u00e9s harmadik szem\u00e9lyek jogait vagy a hat\u00e1lyos jogszab\u00e1lyokat s\u00e9rti, a linket halad\u00e9ktalanul elt\u00e1vol\u00edtja a Weboldalr\u00f3l. Ezen fel\u00fcl az \u00fczemeltet\u0151 az \u00e1ltala haszn\u00e1lt linkek illetve az \u00e1ltaluk leh\u00edvhat\u00f3 weboldalak tartalm\u00e1\u00e9rt semmilyen felel\u0151ss\u00e9get nem v\u00e1llal \u00e9s azok tartalm\u00e1t nem ellen\u0151rzi.<\/li>\n<li>A Szolg\u00e1ltat\u00e1s haszn\u00e1lat\u00e1\u00e9rt kiz\u00e1r\u00f3lag az adott Felhaszn\u00e1l\u00f3 tartozik felel\u0151ss\u00e9ggel. A Szolg\u00e1ltat\u00f3 kiz\u00e1r minden felel\u0151ss\u00e9get a Felhaszn\u00e1l\u00f3 \u00e1ltal az el\u0151bbiek szerint k\u00f6zz\u00e9tett tartalommal vagy m\u00e1sk\u00e9nt okozott, vagy egy\u00e9bk\u00e9nt a Felhaszn\u00e1l\u00f3 magatart\u00e1s\u00e1val \u00f6sszef\u00fcgg\u00e9sben felmer\u00fclt mindennem\u0171 vagyoni vagy nem vagyoni k\u00e1r \u00e9s jogs\u00e9relem, illetve egy\u00e9b k\u00f6vetkezm\u00e9ny vonatkoz\u00e1s\u00e1ban.<\/li>\n<li>Amennyiben a Felhaszn\u00e1l\u00f3 magatart\u00e1sa k\u00f6vetkezt\u00e9ben vagy azzal \u00f6sszef\u00fcgg\u00e9sben harmadik szem\u00e9ly vagy b\u00e1rmely hat\u00f3s\u00e1g illetve b\u00edr\u00f3s\u00e1g a Szolg\u00e1ltat\u00f3val szemben b\u00e1rmilyen ig\u00e9nyt t\u00e1maszt illetve elj\u00e1r\u00e1st ind\u00edt, a Felhaszn\u00e1l\u00f3 k\u00f6teles minden a Szolg\u00e1ltat\u00f3 \u00e1ltal megk\u00f6vetelt int\u00e9zked\u00e9st megtenni \u00e9s a Szolg\u00e1ltat\u00f3nak megt\u00e9r\u00edteni minden olyan k\u00e1rt, vagyoni h\u00e1tr\u00e1nyt \u00e9s k\u00f6lts\u00e9get, ami a Szolg\u00e1ltat\u00f3t a Felhaszn\u00e1l\u00f3 b\u00e1rmely jogellenes magatart\u00e1sa miatt vagy azzal \u00f6sszef\u00fcgg\u00e9sben \u00e9ri.<\/li>\n<\/ol>\n<p>&nbsp;<\/p>\n<p><strong>VI. Adatv\u00e9delem<\/strong><\/p>\n<ol>\n<li>A felhaszn\u00e1l\u00f3k szem\u00e9lyes adatainak kezel\u00e9s\u00e9r\u0151l az &nbsp;<a href=\"https:\/\/centralmediacsoport.hu\/company\/adatkezelesi-tajekoztato\/\" target=\"_blank\" target=\"_blank\">Adatv\u00e9delmi T\u00e1j\u00e9koztat\u00f3<\/a> \u00e9s az <a href=\"https:\/\/www.startlap.hu\/utazas\/adatvedelem\">Egyedi Adatv\u00e9delmi T\u00e1j\u00e9koztat\u00f3<\/a> rendelkezik.<\/li>\n<\/ol>\n<p>&nbsp;<\/p>\n<p>Budapest, 2020. janu\u00e1r 7.[\/vc_column_text]<\/p>\n<p>&nbsp;<\/p>\n<p>&nbsp;<\/p>\n<p>&nbsp;<\/p>\n<p>&nbsp;<\/p>\n<p>[\/vc_column][\/vc_row]<\/p>\n<\/div>","protected":false},"excerpt":{"rendered":"<p>[vc_row][vc_column width=&#8221;2\/3&#8243;] &nbsp; [vc_column_text]&nbsp; Startlap Utaz\u00e1s &#8211; Felhaszn\u00e1l\u00e1si Felt\u00e9telek &nbsp; I. A felhaszn\u00e1l\u00e1si felt\u00e9telek tartalma A jelen felhaszn\u00e1l\u00e1si felt\u00e9telek (Szab\u00e1lyzat) a Central M\u00e9diacsoport Zrt. (1037 Budapest, Montevideo u. 9.; a tov\u00e1bbiakban: Szolg\u00e1ltat\u00f3) \u00e1ltal \u00fczemeltetett Startlap Utaz\u00e1s (https:\/\/www.startlap.hu\/utazas\/ oldalain el\u00e9rhet\u0151) inform\u00e1ci\u00f3s t\u00e1rsadalommal \u00f6sszef\u00fcgg\u0151 szolg\u00e1ltat\u00e1sok (Szolg\u00e1ltat\u00e1s, Weboldal) ig\u00e9nybev\u00e9tel\u00e9nek felt\u00e9teleit tartalmazza. Felhaszn\u00e1l\u00f3nak min\u0151s\u00fcl a Weblap l\u00e1togat\u00f3ja, illet\u0151leg mindenki, [&hellip;]<\/p>\n","protected":false},"author":15,"featured_media":0,"parent":0,"menu_order":0,"comment_status":"closed","ping_status":"closed","template":"","meta":{"footnotes":""},"class_list":["post-12","page","type-page","status-publish","hentry"],"aioseo_notices":[],"_links":{"self":[{"href":"https:\/\/www.startlap.hu\/utazas\/wp-json\/wp\/v2\/pages\/12","targetHints":{"allow":["GET"]}}],"collection":[{"href":"https:\/\/www.startlap.hu\/utazas\/wp-json\/wp\/v2\/pages"}],"about":[{"href":"https:\/\/www.startlap.hu\/utazas\/wp-json\/wp\/v2\/types\/page"}],"author":[{"embeddable":true,"href":"https:\/\/www.startlap.hu\/utazas\/wp-json\/wp\/v2\/users\/15"}],"replies":[{"embeddable":true,"href":"https:\/\/www.startlap.hu\/utazas\/wp-json\/wp\/v2\/comments?post=12"}],"version-history":[{"count":10,"href":"https:\/\/www.startlap.hu\/utazas\/wp-json\/wp\/v2\/pages\/12\/revisions"}],"predecessor-version":[{"id":5330,"href":"https:\/\/www.startlap.hu\/utazas\/wp-json\/wp\/v2\/pages\/12\/revisions\/5330"}],"wp:attachment":[{"href":"https:\/\/www.startlap.hu\/utazas\/wp-json\/wp\/v2\/media?parent=12"}],"curies":[{"name":"wp","href":"https:\/\/api.w.org\/{rel}","templated":true}]}}